{"id":980,"date":"2020-11-03T20:58:38","date_gmt":"2020-11-03T19:58:38","guid":{"rendered":"https:\/\/gsn.offis.uni-oldenburg.de\/?page_id=980"},"modified":"2022-02-28T11:46:04","modified_gmt":"2022-02-28T10:46:04","slug":"impressum","status":"publish","type":"page","link":"https:\/\/greenshipping-niedersachsen.de\/en\/impressum\/","title":{"rendered":"IMPRESSUM"},"content":{"rendered":"<style type=\"text\/css\" data-created_by=\"avia_inline_auto\" id=\"style-css-av-jjl3r-b7b5f86584570313be077f7fbf70b5a9\">\n.avia-section.av-jjl3r-b7b5f86584570313be077f7fbf70b5a9{\nbackground-color:#f7f7f7;\nbackground-image:unset;\n}\n<\/style>\n<div id='av_section_1'  class='avia-section av-jjl3r-b7b5f86584570313be077f7fbf70b5a9 alternate_color avia-section-large avia-no-border-styling  avia-builder-el-0  el_before_av_textblock  avia-builder-el-first  avia-bg-style-parallax container_wrap fullsize'  ><div class='container av-section-cont-open' ><main  class='template-page content  av-content-full alpha units'><div class='post-entry post-entry-type-page post-entry-980'><div class='entry-content-wrapper clearfix'>\n\n<style type=\"text\/css\" data-created_by=\"avia_inline_auto\" id=\"style-css-av-kh2e8pvo-32b60510e1c7e8156a32ca6a50578368\">\n#top .av-special-heading.av-kh2e8pvo-32b60510e1c7e8156a32ca6a50578368{\npadding-bottom:0;\n}\nbody .av-special-heading.av-kh2e8pvo-32b60510e1c7e8156a32ca6a50578368 .av-special-heading-tag .heading-char{\nfont-size:25px;\n}\n.av-special-heading.av-kh2e8pvo-32b60510e1c7e8156a32ca6a50578368 .av-subheading{\nfont-size:15px;\n}\n<\/style>\n<div  class='av-special-heading av-kh2e8pvo-32b60510e1c7e8156a32ca6a50578368 av-special-heading-h1 blockquote modern-quote modern-centered  avia-builder-el-1  avia-builder-el-no-sibling'><h1 class='av-special-heading-tag'  >Impressum<\/h1><div class=\"special-heading-border\"><div class=\"special-heading-inner-border\"><\/div><\/div><\/div>\n<\/div><\/div><\/main><!-- close content main element --><\/div><\/div><div id='after_section_1'  class='main_color av_default_container_wrap container_wrap fullsize'  ><div class='container av-section-cont-open' ><div class='template-page content  av-content-full alpha units'><div class='post-entry post-entry-type-page post-entry-980'><div class='entry-content-wrapper clearfix'>\n<section  class='av_textblock_section av-kh2e9rd5-d2a3ced4f907035c4bcf3a9df9c4b5af'  ><div class='avia_textblock' ><h4>Projekttr\u00e4ger<\/h4>\n<p><strong>Maritimes Cluster Norddeutschland e.V.<\/strong><br \/>\nWexstra\u00dfe 7<br \/>\n\u200b20355 Hamburg<br \/>\n\u200bTel.: +49 40 227019-499<br \/>\n\u200b<a href=\"mailto:info@mcn-ev.de\">info@maritimes-cluster.de<\/a><\/p>\n<p><em>V.i.S.d.P. Jessica Wegener, Gesch\u00e4ftsf\u00fchrerin Maritimes Cluster Norddeutschland e. V.<br \/>\n\u200bVereinssitz: Hamburg | Vereinsregister Amtsgericht Hamburg | VR 23003<br \/>\nUmsatzsteueridentifikationsnummer: DE308499915<\/em><\/p>\n<h4><\/h4>\n<p><strong>MARIKO gemeinn\u00fctzige GmbH<\/strong><br \/>\nBergmannstra\u00dfe 36<br \/>\n26789 Leer<br \/>\nTel.: +49 491 926-1117<br \/>\nFax: +49 491 926-1171<br \/>\n<a href=\"mailto:info@MARIKO-leer.de\">info@mariko-leer.de<\/a><\/p>\n<p><em>Vertretungsberechtigter Gesch\u00e4ftsf\u00fchrer: Katja Baumann<br \/>\nGesellschafter: Landkreis Leer, Hermann Buss, Alfred Hartmann<br \/>\nRegistergericht: Amtsgericht Aurich<br \/>\nRegisternummer: HRB 201415<\/em><\/p>\n<h4>Inhaltlich Verantwortliche gem\u00e4\u00df \u00a7 55 Abs. 2 RstV:<\/h4>\n<ul>\n<li>MARIKO gemeinn\u00fctzige GmbH<\/li>\n<li>Maritimes Cluster Norddeutschland e.V.<\/li>\n<\/ul>\n<h4>Design und Programmierung<\/h4>\n<p>d\u00fcrholt werbeagentur &amp; grafikstudio<br \/>\nHauptkanal rechts 12 b<br \/>\n26871 Papenburg<\/p>\n<p><a href=\"https:\/\/duerholt.de\/\" target=\"_blank\" rel=\"noopener\">www.duerholt.de<\/a><\/p>\n<h4>Rechtliche Hinweise:<\/h4>\n<p>Mit Urteil vom 12. Mai 1998 \u2013 312 O 85\/98 \u2013 \u201cHaftung f\u00fcr Links\u201d hat das Landgericht (LG) Hamburg entschieden, dass man durch die Anbringung eines Links die Inhalte der gelinkten Seite ggf. mit zu verantworten hat. Dies kann \u2013 so das LG \u2013 nur dadurch verhindert werden, dass man sich ausdr\u00fccklich von diesen Inhalten distanziert. Hiermit distanzieren wir uns ausdr\u00fccklich von allen Inhalten aller gelinkten Seiten auf der gesamten Informationsseite und machen uns diese Inhalte nicht zu Eigen.<\/p>\n<p>Die bereitgestellten Informationen auf dieser Website wurden sorgf\u00e4ltig gepr\u00fcft und werden regelm\u00e4\u00dfig aktualisiert. Jedoch kann keine Garantie daf\u00fcr \u00fcbernommen werden, dass alle Angaben zu jeder Zeit vollst\u00e4ndig, richtig und in letzter Aktualit\u00e4t dargestellt sind. Dies gilt insbesondere f\u00fcr alle Verbindungen (\u201cLinks\u201d) zu anderen Web Sites, auf die direkt oder indirekt verwiesen wird. Alle Angaben k\u00f6nnen ohne vorherige Ank\u00fcndigung erg\u00e4nzt, entfernt oder ge\u00e4ndert werden.<\/p>\n<p>F\u00fcr den Fall, dass in\u00a0<a href=\"http:\/\/www.greenshipping-niedersachsen.de\/\" target=\"_blank\" rel=\"noopener\">www.greenshipping-niedersachsen.de<\/a>\u00a0unzutreffende Informationen ver\u00f6ffentlicht oder in Programmen oder Datenbanken Fehler enthalten sein sollten, kommt eine Haftung nur bei grober Fahrl\u00e4ssigkeit der Gesellschaft oder Ihrer Mitarbeiter in Betracht.<\/p>\n<p>Sollten Sie in unseren Inhalten Fehler entdecken oder Verbesserungsvorschl\u00e4ge zu unserem Angebot haben, wenden Sie sich bitte an\u00a0<a href=\"mailto:info@mariko-leer.de\">info@mariko-leer.de<\/a>\u00a0und\u00a0<a href=\"mailto:info@mcn-ev.de\">info@maritimes-cluster.de<\/a><\/p>\n<p>Alle Rechte vorbehalten. Insbesondere d\u00fcrfen Nachdruck, Aufnahme in Online-Dienste und Internet und Vervielf\u00e4ltigung auf Datentr\u00e4ger wie CD-ROM, DVD-ROM etc., auch auszugsweise nur nach vorheriger schriftlicher Zustimmung des Maritimen Cluster Norddeutschland erfolgen. Texte und Bilder sind urheberrechtlich gesch\u00fctzt und d\u00fcrfen weder reproduziert noch wiederverwendet oder f\u00fcr gewerbliche Zwecke verwendet werden.<\/p>\n<h4>Bildrechte:<\/h4>\n<ul>\n<li>Peter Andryszak, freier Fotograf<\/li>\n<li>Hochschule Emden\/Leer<\/li>\n<li>Jade Hochschule<\/li>\n<li>Mariko GmbH<\/li>\n<li>Axel Hahn, 2020<\/li>\n<li>MCN e. V.<\/li>\n<li>Kompetenzzentrum GreenShipping Niedersachsen<\/li>\n<\/ul>\n<\/div><\/section>","protected":false},"excerpt":{"rendered":"","protected":false},"author":7,"featured_media":0,"parent":0,"menu_order":0,"comment_status":"closed","ping_status":"closed","template":"","meta":{"_price":"","_stock":"","_tribe_ticket_header":"","_tribe_default_ticket_provider":"","_tribe_ticket_capacity":"0","_ticket_start_date":"","_ticket_end_date":"","_tribe_ticket_show_description":"","_tribe_ticket_show_not_going":false,"_tribe_ticket_use_global_stock":"","_tribe_ticket_global_stock_level":"","_global_stock_mode":"","_global_stock_cap":"","_tribe_rsvp_for_event":"","_tribe_ticket_going_count":"","_tribe_ticket_not_going_count":"","_tribe_tickets_list":"[]","_tribe_ticket_has_attendee_info_fields":false,"footnotes":"","_tec_slr_enabled":"","_tec_slr_layout":""},"class_list":["post-980","page","type-page","status-publish","hentry"],"ticketed":false,"_links":{"self":[{"href":"https:\/\/greenshipping-niedersachsen.de\/en\/wp-json\/wp\/v2\/pages\/980","targetHints":{"allow":["GET"]}}],"collection":[{"href":"https:\/\/greenshipping-niedersachsen.de\/en\/wp-json\/wp\/v2\/pages"}],"about":[{"href":"https:\/\/greenshipping-niedersachsen.de\/en\/wp-json\/wp\/v2\/types\/page"}],"author":[{"embeddable":true,"href":"https:\/\/greenshipping-niedersachsen.de\/en\/wp-json\/wp\/v2\/users\/7"}],"replies":[{"embeddable":true,"href":"https:\/\/greenshipping-niedersachsen.de\/en\/wp-json\/wp\/v2\/comments?post=980"}],"version-history":[{"count":3,"href":"https:\/\/greenshipping-niedersachsen.de\/en\/wp-json\/wp\/v2\/pages\/980\/revisions"}],"predecessor-version":[{"id":3861,"href":"https:\/\/greenshipping-niedersachsen.de\/en\/wp-json\/wp\/v2\/pages\/980\/revisions\/3861"}],"wp:attachment":[{"href":"https:\/\/greenshipping-niedersachsen.de\/en\/wp-json\/wp\/v2\/media?parent=980"}],"curies":[{"name":"wp","href":"https:\/\/api.w.org\/{rel}","templated":true}]}}