{"id":3963,"date":"2022-03-15T16:37:42","date_gmt":"2022-03-15T15:37:42","guid":{"rendered":"https:\/\/greenshipping-niedersachsen.de\/?page_id=3963"},"modified":"2022-08-15T11:57:43","modified_gmt":"2022-08-15T09:57:43","slug":"nachhaltige-maritime-mobilitaet","status":"publish","type":"page","link":"https:\/\/greenshipping-niedersachsen.de\/en\/nachhaltige-maritime-mobilitaet\/","title":{"rendered":"FRAUNHOFER ARBEITSGRUPPE NACHHALTIGE MARITIME MOBILIT\u00c4T"},"content":{"rendered":"<div id='av_section_1'  class='avia-section av-4pe23o-9d20601d458f2c661f193ab35a95cffd main_color avia-section-no-padding avia-no-border-styling  avia-builder-el-0  el_before_av_section  avia-builder-el-first  avia-bg-style-scroll container_wrap fullsize'  ><div class='container av-section-cont-open' ><main  class='template-page content  av-content-full alpha units'><div class='post-entry post-entry-type-page post-entry-3963'><div class='entry-content-wrapper clearfix'>\n\n\n<style type=\"text\/css\" data-created_by=\"avia_inline_auto\" id=\"style-css-av-2b7s04-95c0271e43ad68cb43dda4c89e2babdb\">\n#top .av-special-heading.av-2b7s04-95c0271e43ad68cb43dda4c89e2babdb{\nmargin:75px 0 0 0;\npadding-bottom:0;\n}\nbody .av-special-heading.av-2b7s04-95c0271e43ad68cb43dda4c89e2babdb .av-special-heading-tag .heading-char{\nfont-size:25px;\n}\n.av-special-heading.av-2b7s04-95c0271e43ad68cb43dda4c89e2babdb .av-subheading{\nfont-size:15px;\n}\n<\/style>\n<div  class='av-special-heading av-2b7s04-95c0271e43ad68cb43dda4c89e2babdb av-special-heading-h2 blockquote modern-quote modern-centered  avia-builder-el-2  el_after_av_codeblock  el_before_av_hr'><h2 class='av-special-heading-tag'  >FRAUNHOFER ARBEITSGRUPPE NACHHALTIGE MARITIME MOBILIT\u00c4T<\/h2><div class=\"special-heading-border\"><div class=\"special-heading-inner-border\"><\/div><\/div><\/div>\n\n<style type=\"text\/css\" data-created_by=\"avia_inline_auto\" id=\"style-css-av-l3obr-97b4b3a61aab306791cded7d7236bff7\">\n#top .hr.av-l3obr-97b4b3a61aab306791cded7d7236bff7{\nmargin-top:5px;\n}\n.hr.av-l3obr-97b4b3a61aab306791cded7d7236bff7 .hr-inner{\nwidth:50px;\nborder-color:#3e8d24;\n}\n<\/style>\n<div  class='hr av-l3obr-97b4b3a61aab306791cded7d7236bff7 hr-custom  avia-builder-el-3  el_after_av_heading  el_before_av_hr  hr-center hr-icon-no'><span class='hr-inner inner-border-av-border-fat'><span class=\"hr-inner-style\"><\/span><\/span><\/div>\n\n<style type=\"text\/css\" data-created_by=\"avia_inline_auto\" id=\"style-css-av-kiot1s45-c660cbf38dd672f7f9e388f9ca5a8d5b\">\n#top .hr.hr-invisible.av-kiot1s45-c660cbf38dd672f7f9e388f9ca5a8d5b{\nheight:50px;\n}\n<\/style>\n<div  class='hr av-kiot1s45-c660cbf38dd672f7f9e388f9ca5a8d5b hr-invisible  avia-builder-el-4  el_after_av_hr  el_before_av_image'><span class='hr-inner'><span class=\"hr-inner-style\"><\/span><\/span><\/div>\n\n<style type=\"text\/css\" data-created_by=\"avia_inline_auto\" id=\"style-css-av-kyllcnjt-2b93f739464d46f36f512ab08279e720\">\n.avia-image-container.av-kyllcnjt-2b93f739464d46f36f512ab08279e720 img.avia_image{\nbox-shadow:none;\n}\n.avia-image-container.av-kyllcnjt-2b93f739464d46f36f512ab08279e720 .av-image-caption-overlay-center{\ncolor:#ffffff;\n}\n<\/style>\n<div  class='avia-image-container av-kyllcnjt-2b93f739464d46f36f512ab08279e720 av-styling- avia-align-center  avia-builder-el-5  el_after_av_hr  el_before_av_hr'  ><div class=\"avia-image-container-inner\"><div class=\"avia-image-overlay-wrap\"><img decoding=\"async\" fetchpriority=\"high\" class='wp-image-3974 avia-img-lazy-loading-not-3974 avia_image' src=\"https:\/\/greenshipping-niedersachsen.de\/wp-content\/uploads\/2022\/03\/ArbeitsgruppeNachhaltigeMaritimeMobilitaet2-1327x430.jpg\" alt='' title='ArbeitsgruppeNachhaltigeMaritimeMobilit\u00e4t2'  height=\"430\" width=\"1327\"  \/><\/div><\/div><\/div>\n\n<style type=\"text\/css\" data-created_by=\"avia_inline_auto\" id=\"style-css-av-kiot1s45-c660cbf38dd672f7f9e388f9ca5a8d5b\">\n#top .hr.hr-invisible.av-kiot1s45-c660cbf38dd672f7f9e388f9ca5a8d5b{\nheight:50px;\n}\n<\/style>\n<div  class='hr av-kiot1s45-c660cbf38dd672f7f9e388f9ca5a8d5b hr-invisible  avia-builder-el-6  el_after_av_image  el_before_av_textblock'><span class='hr-inner'><span class=\"hr-inner-style\"><\/span><\/span><\/div>\n<section  class='av_textblock_section av-kheue7zi-337397de012616245c4e4332814aad18'  ><div class='avia_textblock' ><p><strong>Die \u201eFraunhofer Arbeitsgruppe Nachhaltige Maritime Mobilit\u00e4t\u201c<\/strong><\/p>\n<p>Das <a href=\"https:\/\/www.iwes.fraunhofer.de\/\">Fraunhofer Institut f\u00fcr Windenergiesysteme IWES<\/a> und der <a href=\"https:\/\/www.hs-emden-leer.de\/studierende\/fachbereiche\/seefahrt-und-maritime-wissenschaften\">Fachbereich Seefahrt &amp; Maritime Wissenschaften der Hochschule Emden\/Leer<\/a> haben eine umfassende Forschungs- und Entwicklungskooperation aufgenommen. Die \u201eFraunhofer Arbeitsgruppe Nachhaltige Maritime Mobilit\u00e4t\u201c in Leer und Bremerhaven steht unter der wissenschaftlichen Leitung von Prof. Kapt. Michael Vahs und Prof. Dr.-Ing. Jann Strybny.<\/p>\n<p><strong>Die Schwerpunkte<\/strong><\/p>\n<p>Einen Schwerpunkt bilden dabei Entwicklung, Bau und Betrieb zukunftsweisender Windantriebssysteme f\u00fcr die Berufsschifffahrt. Im Fokus steht die wissenschaftliche Erschlie\u00dfung der Segeltechnologie und hybrider Antriebe. Die Gesamtheit der Schiff-Wasserstra\u00dfen-Meeresumwelt-Interaktion wird in die Betrachtungen einbezogen.<\/p>\n<p><strong>Das Angebot<\/strong><\/p>\n<p>Das Spektrum des wissenschaftlichen Angebots reicht von der Bereitstellung interdisziplin\u00e4rer Gro\u00dflaboratorien und dem Bau von Prototypen im Labor- und Realma\u00dfstab bis zu Leistungsprognosen und -validierung sowie einem Test- und Pr\u00fcfwesen mit internationalem Service. Die Teams in Leer und Bremerhaven konzentrieren sich in enger Abstimmung auf Designkonzepte und wissenschaftliche Studien f\u00fcr eine emissionsfreie Schifffahrt. Im experimentellen Bereich bildet das Maritime Technikum in Leer das Herzst\u00fcck der Fraunhofer-Arbeitsgruppe. Die gemeinsamen methodischen Schwerpunkte liegen im Bereich der maritimen Hydro- und Aerodynamik, der Automatisierungs- und Systemtechnik und der Werkstofftechnologie. Hybride Modellkonzepte ergeben sich aus der Verschneidung leistungsf\u00e4higer Modellierung und Simulation mit Messtechnologie im Labor und auf See. Eine besondere gemeinsame Expertise liegt in der Nutzung sogenannter Crossover- und Upscaling-Effekte zwischen Segeltechnologie und klassischen Windenergiesystemen.<\/p>\n<\/div><\/section>\n\n<style type=\"text\/css\" data-created_by=\"avia_inline_auto\" id=\"style-css-av-kiot1s45-c660cbf38dd672f7f9e388f9ca5a8d5b\">\n#top .hr.hr-invisible.av-kiot1s45-c660cbf38dd672f7f9e388f9ca5a8d5b{\nheight:50px;\n}\n<\/style>\n<div  class='hr av-kiot1s45-c660cbf38dd672f7f9e388f9ca5a8d5b hr-invisible  avia-builder-el-8  el_after_av_textblock  avia-builder-el-last'><span class='hr-inner'><span class=\"hr-inner-style\"><\/span><\/span><\/div>\n\n<\/div><\/div><\/main><!-- close content main element --><\/div><\/div>\n<style type=\"text\/css\" data-created_by=\"avia_inline_auto\" id=\"style-css-av-71kux-05b67023243d1afde74e47aef8dabebb\">\n.avia-section.av-71kux-05b67023243d1afde74e47aef8dabebb{\nbackground-color:#efefef;\nbackground-image:unset;\n}\n<\/style>\n<div id='av_section_2'  class='avia-section av-71kux-05b67023243d1afde74e47aef8dabebb main_color avia-section-default avia-no-border-styling  avia-builder-el-9  el_after_av_section  avia-builder-el-last  avia-bg-style-scroll container_wrap fullsize'  ><div class='container av-section-cont-open' ><div class='template-page content  av-content-full alpha units'><div class='post-entry post-entry-type-page post-entry-3963'><div class='entry-content-wrapper clearfix'>\n<section  class='av_textblock_section av-kipzfw9g-c172252a7cf28a27c56382915e73001e'  ><div class='avia_textblock' ><h4>Die Projektpartner:<\/h4>\n<\/div><\/section>\n<div class='flex_column_table av-30yk6x-70205f043b3eebf0b5150a1897e376db sc-av_one_fifth av-equal-height-column-flextable'>\n<style type=\"text\/css\" data-created_by=\"avia_inline_auto\" id=\"style-css-av-30yk6x-70205f043b3eebf0b5150a1897e376db\">\n.flex_column.av-30yk6x-70205f043b3eebf0b5150a1897e376db{\nborder-radius:0px 0px 0px 0px;\npadding:0px 0px 0px 0px;\n}\n<\/style>\n<div  class='flex_column av-30yk6x-70205f043b3eebf0b5150a1897e376db av_one_fifth  avia-builder-el-11  el_after_av_textblock  el_before_av_one_fifth  first flex_column_table_cell av-equal-height-column av-align-middle av-zero-column-padding  column-top-margin'     ><style type=\"text\/css\" data-created_by=\"avia_inline_auto\" id=\"style-css-av-kipzcbe2-ece7982bb23e1493055d651a4685890f\">\n.avia-image-container.av-kipzcbe2-ece7982bb23e1493055d651a4685890f img.avia_image{\nbox-shadow:none;\n}\n.avia-image-container.av-kipzcbe2-ece7982bb23e1493055d651a4685890f .av-image-caption-overlay-center{\ncolor:#ffffff;\n}\n<\/style>\n<div  class='avia-image-container av-kipzcbe2-ece7982bb23e1493055d651a4685890f av-styling-no-styling av-img-linked avia_animated_image av-animated-when-visible-95 pop-up avia-align-left  avia-builder-el-12  avia-builder-el-no-sibling'  ><div class=\"avia-image-container-inner\"><div class=\"avia-image-overlay-wrap\"><a href=\"https:\/\/greenshipping-niedersachsen.de\/en\/jade-hochschule\/\" class='avia_image'  aria-label='jadehs-logo'><img decoding=\"async\" fetchpriority=\"high\" class='wp-image-1200 avia-img-lazy-loading-not-1200 avia_image' src=\"https:\/\/greenshipping-niedersachsen.de\/wp-content\/uploads\/2020\/12\/jadehs-logo.png\" alt='' title='jadehs-logo'  height=\"135\" width=\"250\" srcset=\"https:\/\/greenshipping-niedersachsen.de\/wp-content\/uploads\/2020\/12\/jadehs-logo.png 250w, https:\/\/greenshipping-niedersachsen.de\/wp-content\/uploads\/2020\/12\/jadehs-logo-16x9.png 16w\" sizes=\"(max-width: 250px) 100vw, 250px\" \/><\/a><\/div><\/div><\/div><\/div><div class='av-flex-placeholder'><\/div>\n<style type=\"text\/css\" data-created_by=\"avia_inline_auto\" id=\"style-css-av-30yk6x-7190299bf3e9818cff89920b650ff655\">\n.flex_column.av-30yk6x-7190299bf3e9818cff89920b650ff655{\nborder-radius:0px 0px 0px 0px;\npadding:0px 0px 0px 0px;\n}\n<\/style>\n<div  class='flex_column av-30yk6x-7190299bf3e9818cff89920b650ff655 av_one_fifth  avia-builder-el-13  el_after_av_one_fifth  el_before_av_one_fifth  flex_column_table_cell av-equal-height-column av-align-middle av-zero-column-padding  column-top-margin'     ><style type=\"text\/css\" data-created_by=\"avia_inline_auto\" id=\"style-css-av-kipzcbe2-a8059dab757e4926c9fe407a18b71e96\">\n.avia-image-container.av-kipzcbe2-a8059dab757e4926c9fe407a18b71e96 img.avia_image{\nbox-shadow:none;\n}\n.avia-image-container.av-kipzcbe2-a8059dab757e4926c9fe407a18b71e96 .av-image-caption-overlay-center{\ncolor:#ffffff;\n}\n<\/style>\n<div  class='avia-image-container av-kipzcbe2-a8059dab757e4926c9fe407a18b71e96 av-styling-no-styling av-img-linked avia_animated_image av-animated-when-visible-95 pop-up avia-align-left  avia-builder-el-14  avia-builder-el-no-sibling'  ><div class=\"avia-image-container-inner\"><div class=\"avia-image-overlay-wrap\"><a href=\"https:\/\/greenshipping-niedersachsen.de\/en\/hochschule-emden-leer\/\" class='avia_image'  aria-label='logo-header-normal'><img decoding=\"async\" fetchpriority=\"high\" class='wp-image-1199 avia-img-lazy-loading-not-1199 avia_image' src=\"https:\/\/greenshipping-niedersachsen.de\/wp-content\/uploads\/2020\/12\/logo-header-normal.png\" alt='' title='logo-header-normal'  height=\"135\" width=\"250\" srcset=\"https:\/\/greenshipping-niedersachsen.de\/wp-content\/uploads\/2020\/12\/logo-header-normal.png 250w, https:\/\/greenshipping-niedersachsen.de\/wp-content\/uploads\/2020\/12\/logo-header-normal-16x9.png 16w\" sizes=\"(max-width: 250px) 100vw, 250px\" \/><\/a><\/div><\/div><\/div><\/div><div class='av-flex-placeholder'><\/div>\n<style type=\"text\/css\" data-created_by=\"avia_inline_auto\" id=\"style-css-av-30yk6x-193c4d5ab991fe03021492b7d6bc7d24\">\n.flex_column.av-30yk6x-193c4d5ab991fe03021492b7d6bc7d24{\nborder-radius:0px 0px 0px 0px;\npadding:0px 0px 0px 0px;\n}\n<\/style>\n<div  class='flex_column av-30yk6x-193c4d5ab991fe03021492b7d6bc7d24 av_one_fifth  avia-builder-el-15  el_after_av_one_fifth  el_before_av_one_fifth  flex_column_table_cell av-equal-height-column av-align-middle av-zero-column-padding  column-top-margin'     ><style type=\"text\/css\" data-created_by=\"avia_inline_auto\" id=\"style-css-av-kipzcbe2-30af2b16c225931cd42c4e5d63bac1ed\">\n.avia-image-container.av-kipzcbe2-30af2b16c225931cd42c4e5d63bac1ed img.avia_image{\nbox-shadow:none;\n}\n.avia-image-container.av-kipzcbe2-30af2b16c225931cd42c4e5d63bac1ed .av-image-caption-overlay-center{\ncolor:#ffffff;\n}\n<\/style>\n<div  class='avia-image-container av-kipzcbe2-30af2b16c225931cd42c4e5d63bac1ed av-styling-no-styling av-img-linked avia_animated_image av-animated-when-visible-95 pop-up avia-align-left  avia-builder-el-16  avia-builder-el-no-sibling'  ><div class=\"avia-image-container-inner\"><div class=\"avia-image-overlay-wrap\"><a href=\"https:\/\/greenshipping-niedersachsen.de\/en\/mariko-gmbh\/\" class='avia_image'  aria-label='mariko-logo'><img decoding=\"async\" fetchpriority=\"high\" class='wp-image-1201 avia-img-lazy-loading-not-1201 avia_image' src=\"https:\/\/greenshipping-niedersachsen.de\/wp-content\/uploads\/2020\/12\/mariko-logo.png\" alt='' title='mariko-logo'  height=\"135\" width=\"250\" srcset=\"https:\/\/greenshipping-niedersachsen.de\/wp-content\/uploads\/2020\/12\/mariko-logo.png 250w, https:\/\/greenshipping-niedersachsen.de\/wp-content\/uploads\/2020\/12\/mariko-logo-16x9.png 16w\" sizes=\"(max-width: 250px) 100vw, 250px\" \/><\/a><\/div><\/div><\/div><\/div><div class='av-flex-placeholder'><\/div>\n<style type=\"text\/css\" data-created_by=\"avia_inline_auto\" id=\"style-css-av-30yk6x-193c4d5ab991fe03021492b7d6bc7d24\">\n.flex_column.av-30yk6x-193c4d5ab991fe03021492b7d6bc7d24{\nborder-radius:0px 0px 0px 0px;\npadding:0px 0px 0px 0px;\n}\n<\/style>\n<div  class='flex_column av-30yk6x-193c4d5ab991fe03021492b7d6bc7d24 av_one_fifth  avia-builder-el-17  el_after_av_one_fifth  el_before_av_one_fifth  flex_column_table_cell av-equal-height-column av-align-middle av-zero-column-padding  column-top-margin'     ><style type=\"text\/css\" data-created_by=\"avia_inline_auto\" id=\"style-css-av-kipzcbe2-1ed4d83d4d23509facc4addb48c8fc7a\">\n.avia-image-container.av-kipzcbe2-1ed4d83d4d23509facc4addb48c8fc7a img.avia_image{\nbox-shadow:none;\n}\n.avia-image-container.av-kipzcbe2-1ed4d83d4d23509facc4addb48c8fc7a .av-image-caption-overlay-center{\ncolor:#ffffff;\n}\n<\/style>\n<div  class='avia-image-container av-kipzcbe2-1ed4d83d4d23509facc4addb48c8fc7a av-styling-no-styling av-img-linked avia_animated_image av-animated-when-visible-95 pop-up avia-align-left  avia-builder-el-18  avia-builder-el-no-sibling'  ><div class=\"avia-image-container-inner\"><div class=\"avia-image-overlay-wrap\"><a href=\"https:\/\/greenshipping-niedersachsen.de\/en\/maritimes-cluster-norddeutschland-ev\/\" class='avia_image'  aria-label='mcn_logo'><img decoding=\"async\" fetchpriority=\"high\" class='wp-image-1202 avia-img-lazy-loading-not-1202 avia_image' src=\"https:\/\/greenshipping-niedersachsen.de\/wp-content\/uploads\/2020\/12\/mcn_logo.png\" alt='' title='mcn_logo'  height=\"135\" width=\"250\" srcset=\"https:\/\/greenshipping-niedersachsen.de\/wp-content\/uploads\/2020\/12\/mcn_logo.png 250w, https:\/\/greenshipping-niedersachsen.de\/wp-content\/uploads\/2020\/12\/mcn_logo-16x9.png 16w\" sizes=\"(max-width: 250px) 100vw, 250px\" \/><\/a><\/div><\/div><\/div><\/div><div class='av-flex-placeholder'><\/div>\n<style type=\"text\/css\" data-created_by=\"avia_inline_auto\" id=\"style-css-av-2qumck-de536034ee5027274dbdbf11623bb087\">\n.flex_column.av-2qumck-de536034ee5027274dbdbf11623bb087{\nborder-radius:0px 0px 0px 0px;\npadding:0px 0px 0px 0px;\n}\n<\/style>\n<div  class='flex_column av-2qumck-de536034ee5027274dbdbf11623bb087 av_one_fifth  avia-builder-el-19  el_after_av_one_fifth  avia-builder-el-last  flex_column_table_cell av-equal-height-column av-align-middle av-zero-column-padding  column-top-margin'     ><style type=\"text\/css\" data-created_by=\"avia_inline_auto\" id=\"style-css-av-l0ktt12g-b5bc2072ca08487e3a9a4be2f4b66792\">\n.avia-image-container.av-l0ktt12g-b5bc2072ca08487e3a9a4be2f4b66792 img.avia_image{\nbox-shadow:none;\n}\n.avia-image-container.av-l0ktt12g-b5bc2072ca08487e3a9a4be2f4b66792 .av-image-caption-overlay-center{\ncolor:#ffffff;\n}\n<\/style>\n<div  class='avia-image-container av-l0ktt12g-b5bc2072ca08487e3a9a4be2f4b66792 av-styling-no-styling av-img-linked avia_animated_image av-animated-when-visible-95 pop-up avia-align-left  avia-builder-el-20  avia-builder-el-no-sibling'  ><div class=\"avia-image-container-inner\"><div class=\"avia-image-overlay-wrap\"><a href=\"https:\/\/greenshipping-niedersachsen.de\/en\/maritimes-cluster-norddeutschland-ev\/\" class='avia_image'  aria-label='DLR-a'><img decoding=\"async\" fetchpriority=\"high\" class='wp-image-4297 avia-img-lazy-loading-not-4297 avia_image' src=\"https:\/\/greenshipping-niedersachsen.de\/wp-content\/uploads\/2022\/08\/DLR-a.png\" alt='' title='DLR-a'  height=\"135\" width=\"250\" srcset=\"https:\/\/greenshipping-niedersachsen.de\/wp-content\/uploads\/2022\/08\/DLR-a.png 250w, https:\/\/greenshipping-niedersachsen.de\/wp-content\/uploads\/2022\/08\/DLR-a-18x10.png 18w\" sizes=\"(max-width: 250px) 100vw, 250px\" \/><\/a><\/div><\/div><\/div><\/div><\/div><!--close column table wrapper. Autoclose: 1 -->","protected":false},"excerpt":{"rendered":"","protected":false},"author":5,"featured_media":0,"parent":0,"menu_order":0,"comment_status":"closed","ping_status":"closed","template":"","meta":{"_price":"","_stock":"","_tribe_ticket_header":"","_tribe_default_ticket_provider":"","_tribe_ticket_capacity":"0","_ticket_start_date":"","_ticket_end_date":"","_tribe_ticket_show_description":"","_tribe_ticket_show_not_going":false,"_tribe_ticket_use_global_stock":"","_tribe_ticket_global_stock_level":"","_global_stock_mode":"","_global_stock_cap":"","_tribe_rsvp_for_event":"","_tribe_ticket_going_count":"","_tribe_ticket_not_going_count":"","_tribe_tickets_list":"[]","_tribe_ticket_has_attendee_info_fields":false,"footnotes":"","_tec_slr_enabled":"","_tec_slr_layout":""},"class_list":["post-3963","page","type-page","status-publish","hentry"],"ticketed":false,"_links":{"self":[{"href":"https:\/\/greenshipping-niedersachsen.de\/en\/wp-json\/wp\/v2\/pages\/3963","targetHints":{"allow":["GET"]}}],"collection":[{"href":"https:\/\/greenshipping-niedersachsen.de\/en\/wp-json\/wp\/v2\/pages"}],"about":[{"href":"https:\/\/greenshipping-niedersachsen.de\/en\/wp-json\/wp\/v2\/types\/page"}],"author":[{"embeddable":true,"href":"https:\/\/greenshipping-niedersachsen.de\/en\/wp-json\/wp\/v2\/users\/5"}],"replies":[{"embeddable":true,"href":"https:\/\/greenshipping-niedersachsen.de\/en\/wp-json\/wp\/v2\/comments?post=3963"}],"version-history":[{"count":9,"href":"https:\/\/greenshipping-niedersachsen.de\/en\/wp-json\/wp\/v2\/pages\/3963\/revisions"}],"predecessor-version":[{"id":4311,"href":"https:\/\/greenshipping-niedersachsen.de\/en\/wp-json\/wp\/v2\/pages\/3963\/revisions\/4311"}],"wp:attachment":[{"href":"https:\/\/greenshipping-niedersachsen.de\/en\/wp-json\/wp\/v2\/media?parent=3963"}],"curies":[{"name":"wp","href":"https:\/\/api.w.org\/{rel}","templated":true}]}}