{"id":1889,"date":"2021-01-14T15:22:55","date_gmt":"2021-01-14T14:22:55","guid":{"rendered":"https:\/\/gsn.offis.uni-oldenburg.de\/?page_id=1889"},"modified":"2025-07-29T19:05:57","modified_gmt":"2025-07-29T17:05:57","slug":"ueber-uns","status":"publish","type":"page","link":"https:\/\/greenshipping-niedersachsen.de\/en\/ueber-uns\/","title":{"rendered":"\u00dcber uns"},"content":{"rendered":"<div id='av_section_1'  class='avia-section av-45itf-6cf7769aa425402686265f9ad729de05 main_color avia-section-no-padding avia-no-border-styling  avia-builder-el-0  avia-builder-el-no-sibling  avia-bg-style-scroll container_wrap fullsize'  ><div class='container av-section-cont-open' ><main  class='template-page content  av-content-full alpha units'><div class='post-entry post-entry-type-page post-entry-1889'><div class='entry-content-wrapper clearfix'>\n\n\n<style type=\"text\/css\" data-created_by=\"avia_inline_auto\" id=\"style-css-av-237qb5-9086bc428a3d5835c7e93f0ab597ed14\">\n#top .av-special-heading.av-237qb5-9086bc428a3d5835c7e93f0ab597ed14{\nmargin:75px 0 0 0;\npadding-bottom:0;\n}\nbody .av-special-heading.av-237qb5-9086bc428a3d5835c7e93f0ab597ed14 .av-special-heading-tag .heading-char{\nfont-size:25px;\n}\n.av-special-heading.av-237qb5-9086bc428a3d5835c7e93f0ab597ed14 .av-subheading{\nfont-size:15px;\n}\n<\/style>\n<div  class='av-special-heading av-237qb5-9086bc428a3d5835c7e93f0ab597ed14 av-special-heading-h2 blockquote modern-quote modern-centered  avia-builder-el-2  el_after_av_codeblock  el_before_av_hr'><h2 class='av-special-heading-tag'  >Das Kompetenzzentrum GreenShipping Niedersachsen<\/h2><div class=\"special-heading-border\"><div class=\"special-heading-inner-border\"><\/div><\/div><\/div>\n\n<style type=\"text\/css\" data-created_by=\"avia_inline_auto\" id=\"style-css-av-l3obr-e434c1e85daa35776c66dd75cdaa174d\">\n#top .hr.av-l3obr-e434c1e85daa35776c66dd75cdaa174d{\nmargin-top:5px;\n}\n.hr.av-l3obr-e434c1e85daa35776c66dd75cdaa174d .hr-inner{\nwidth:50px;\nborder-color:#91c85a;\n}\n<\/style>\n<div  class='hr av-l3obr-e434c1e85daa35776c66dd75cdaa174d hr-custom  avia-builder-el-3  el_after_av_heading  el_before_av_hr  hr-center hr-icon-no'><span class='hr-inner inner-border-av-border-fat'><span class=\"hr-inner-style\"><\/span><\/span><\/div>\n\n<style type=\"text\/css\" data-created_by=\"avia_inline_auto\" id=\"style-css-av-l3obr-1-d41bc18f96c036fcc37087dda8845162\">\n#top .hr.hr-invisible.av-l3obr-1-d41bc18f96c036fcc37087dda8845162{\nheight:20px;\n}\n<\/style>\n<div  class='hr av-l3obr-1-d41bc18f96c036fcc37087dda8845162 hr-invisible  avia-builder-el-4  el_after_av_hr  el_before_av_textblock'><span class='hr-inner'><span class=\"hr-inner-style\"><\/span><\/span><\/div>\n<section  class='av_textblock_section av-kireou9d-193c06da8cd3e0163e6ca658c031bf5e'  ><div class='avia_textblock' ><p>In Anerkennung ihrer Verantwortung f\u00fcr Wirtschaft und Umwelt hat die Landesregierung das Kompetenzzentrum GreenShipping Niedersachsen an den Standorten Leer und Elsfleth und sp\u00e4ter Oldenburg auf den Weg gebracht, das gezielt und bedarfsgerecht die aktuellen und wichtigen Fragestellungen aufgreift, bewertet und m\u00f6gliche L\u00f6sungen im Themenfeld GreenShipping entwickelt.<\/p>\n<p>Dabei wurden umfangreiche Vorarbeiten des Maritimen Strategierates Weser-Ems ber\u00fccksichtigt. Es geht darum, die verf\u00fcgbaren fachlichen Kompetenzen mit den relevanten Problemen in Deckung zu bringen und im Rahmen von Projekten bedarfsgerecht auf h\u00f6chstem technischem Niveau einer L\u00f6sung zuzuf\u00fchren. Mit dem Kompetenzzentrum f\u00fcr GreenShipping stellt sich Niedersachsen den konkreten Herausforderungen, Bedingungen und W\u00fcnschen der maritimen Wirtschaft mit dem Ziel, Schifffahrt zu wirtschaftlichen Bedingungen ressourcenschonender und umweltfreundlicher zu gestalten. Dabei soll das Kompetenzzentrum GreenShipping Niedersachsen bei Umweltproblemen branchen\u00fcbergreifend den Dialog mit den Beteiligten suchen und L\u00f6sungsoptionen koordinieren. Auf der Grundlage einer leistungsf\u00e4higen Infrastruktur kann das Kompetenzzentrum zudem eine Plattform f\u00fcr anwendungsorientierte Forschung bieten.<\/p>\n<p>Das vom Nieders\u00e4chsischen Ministeriums f\u00fcr Wirtschaft, Verkehr, Bauen und Digitalisierung (heute: Nieders\u00e4chsisches Ministerium f\u00fcr Wirtschaft, Verkehr und Bauen) und vom Nieders\u00e4chsischen Ministerium f\u00fcr Wissenschaft und Kultur gef\u00f6rderte Projekt wird von der <a href=\"https:\/\/www.mariko-leer.de\/\" target=\"_blank\" rel=\"noopener\"><strong>MARIKO GmbH<\/strong><\/a><strong>,<\/strong> dem <strong><a href=\"https:\/\/www.maritimes-cluster.de\/\" target=\"_blank\" rel=\"noopener\">Maritimen Cluster Norddeutschland e. V.<\/a><\/strong> (MCN e. V.), der <a href=\"https:\/\/www.hs-emden-leer.de\/\" target=\"_blank\" rel=\"noopener\"><strong>Hochschule Emden\/Leer, <\/strong><\/a>der <strong><a href=\"https:\/\/www.jade-hs.de\/\" target=\"_blank\" rel=\"noopener\">Jade Hochschule<\/a><\/strong> und ab 2019 dem <a href=\"https:\/\/www.dlr.de\/se\/desktopdefault.aspx\/tabid-15527\/25204_read-63147\/\"><strong>DLR-Institut \u201eSystems Engineering f\u00fcr zuk\u00fcnftige Mobilit\u00e4t\u201c<\/strong><\/a> ehemals Forschungsbereich &#8222;Verkehr&#8220; des <strong>OFFIS e.V. \u2013 Institut f\u00fcr Informatik,\u00a0<\/strong> gemeinsam realisiert.<\/p>\n<\/div><\/section>\n\n<style type=\"text\/css\" data-created_by=\"avia_inline_auto\" id=\"style-css-av-kjwy4e0t-36ba306f8c9be146549be15128320686\">\n#top .hr.hr-invisible.av-kjwy4e0t-36ba306f8c9be146549be15128320686{\nheight:100px;\n}\n<\/style>\n<div  class='hr av-kjwy4e0t-36ba306f8c9be146549be15128320686 hr-invisible  avia-builder-el-6  el_after_av_textblock  avia-builder-el-last'><span class='hr-inner'><span class=\"hr-inner-style\"><\/span><\/span><\/div>","protected":false},"excerpt":{"rendered":"","protected":false},"author":7,"featured_media":0,"parent":0,"menu_order":0,"comment_status":"closed","ping_status":"closed","template":"","meta":{"_price":"","_stock":"","_tribe_ticket_header":"","_tribe_default_ticket_provider":"","_tribe_ticket_capacity":"0","_ticket_start_date":"","_ticket_end_date":"","_tribe_ticket_show_description":"","_tribe_ticket_show_not_going":false,"_tribe_ticket_use_global_stock":"","_tribe_ticket_global_stock_level":"","_global_stock_mode":"","_global_stock_cap":"","_tribe_rsvp_for_event":"","_tribe_ticket_going_count":"","_tribe_ticket_not_going_count":"","_tribe_tickets_list":"[]","_tribe_ticket_has_attendee_info_fields":false,"footnotes":"","_tec_slr_enabled":"","_tec_slr_layout":""},"class_list":["post-1889","page","type-page","status-publish","hentry"],"ticketed":false,"_links":{"self":[{"href":"https:\/\/greenshipping-niedersachsen.de\/en\/wp-json\/wp\/v2\/pages\/1889","targetHints":{"allow":["GET"]}}],"collection":[{"href":"https:\/\/greenshipping-niedersachsen.de\/en\/wp-json\/wp\/v2\/pages"}],"about":[{"href":"https:\/\/greenshipping-niedersachsen.de\/en\/wp-json\/wp\/v2\/types\/page"}],"author":[{"embeddable":true,"href":"https:\/\/greenshipping-niedersachsen.de\/en\/wp-json\/wp\/v2\/users\/7"}],"replies":[{"embeddable":true,"href":"https:\/\/greenshipping-niedersachsen.de\/en\/wp-json\/wp\/v2\/comments?post=1889"}],"version-history":[{"count":7,"href":"https:\/\/greenshipping-niedersachsen.de\/en\/wp-json\/wp\/v2\/pages\/1889\/revisions"}],"predecessor-version":[{"id":3771,"href":"https:\/\/greenshipping-niedersachsen.de\/en\/wp-json\/wp\/v2\/pages\/1889\/revisions\/3771"}],"wp:attachment":[{"href":"https:\/\/greenshipping-niedersachsen.de\/en\/wp-json\/wp\/v2\/media?parent=1889"}],"curies":[{"name":"wp","href":"https:\/\/api.w.org\/{rel}","templated":true}]}}