{"id":1072,"date":"2020-11-12T20:37:38","date_gmt":"2020-11-12T19:37:38","guid":{"rendered":"https:\/\/gsn.offis.uni-oldenburg.de\/?page_id=1072"},"modified":"2025-12-08T16:16:55","modified_gmt":"2025-12-08T15:16:55","slug":"logistik-und-routing","status":"publish","type":"page","link":"https:\/\/greenshipping-niedersachsen.de\/en\/logistik-und-routing\/","title":{"rendered":"LOGISTIK UND ROUTING"},"content":{"rendered":"<style type=\"text\/css\" data-created_by=\"avia_inline_auto\" id=\"style-css-av-ki8t3r9l-91059d1b174182094235a8abe4e9fba9\">\n.avia-image-container.av-ki8t3r9l-91059d1b174182094235a8abe4e9fba9 img.avia_image{\nbox-shadow:none;\n}\n.avia-image-container.av-ki8t3r9l-91059d1b174182094235a8abe4e9fba9 .av-image-caption-overlay-center{\ncolor:#ffffff;\n}\n<\/style>\n<div  class='avia-image-container av-ki8t3r9l-91059d1b174182094235a8abe4e9fba9 av-styling- avia-align-center  avia-builder-el-1  el_after_av_codeblock  el_before_av_heading'  ><div class=\"avia-image-container-inner\"><div class=\"avia-image-overlay-wrap\"><img decoding=\"async\" fetchpriority=\"high\" class='wp-image-5787 avia-img-lazy-loading-not-5787 avia_image' src=\"https:\/\/greenshipping-niedersachsen.de\/wp-content\/uploads\/2025\/12\/Logistik-und-Routing_JPG-1000x430.jpg\" alt='' title='Logistik und Routing_JPG'  height=\"430\" width=\"1000\"  \/><\/div><\/div><\/div>\n\n<style type=\"text\/css\" data-created_by=\"avia_inline_auto\" id=\"style-css-av-3ya6z4-5fb911710fc12678ec0a23c627e211c9\">\n#top .av-special-heading.av-3ya6z4-5fb911710fc12678ec0a23c627e211c9{\npadding-bottom:0;\n}\nbody .av-special-heading.av-3ya6z4-5fb911710fc12678ec0a23c627e211c9 .av-special-heading-tag .heading-char{\nfont-size:25px;\n}\n.av-special-heading.av-3ya6z4-5fb911710fc12678ec0a23c627e211c9 .av-subheading{\nfont-size:15px;\n}\n<\/style>\n<div  class='av-special-heading av-3ya6z4-5fb911710fc12678ec0a23c627e211c9 av-special-heading-h2 blockquote modern-quote modern-centered  avia-builder-el-2  el_after_av_image  el_before_av_hr'><h2 class='av-special-heading-tag'  >Logistik und Routing<\/h2><div class=\"special-heading-border\"><div class=\"special-heading-inner-border\"><\/div><\/div><\/div>\n\n<style type=\"text\/css\" data-created_by=\"avia_inline_auto\" id=\"style-css-av-il7rh-a2abe849bb34253ead99abc7a2dd00f0\">\n#top .hr.av-il7rh-a2abe849bb34253ead99abc7a2dd00f0{\nmargin-top:5px;\nmargin-bottom:35px;\n}\n.hr.av-il7rh-a2abe849bb34253ead99abc7a2dd00f0 .hr-inner{\nwidth:50px;\nborder-color:#91c85a;\n}\n<\/style>\n<div  class='hr av-il7rh-a2abe849bb34253ead99abc7a2dd00f0 hr-custom  avia-builder-el-3  el_after_av_heading  el_before_av_heading  hr-center hr-icon-no'><span class='hr-inner inner-border-av-border-fat'><span class=\"hr-inner-style\"><\/span><\/span><\/div>\n\n<style type=\"text\/css\" data-created_by=\"avia_inline_auto\" id=\"style-css-av-2le2s0-37038bbc7b0a51b9929e83fecb2952b6\">\n#top .av-special-heading.av-2le2s0-37038bbc7b0a51b9929e83fecb2952b6{\npadding-bottom:0;\n}\nbody .av-special-heading.av-2le2s0-37038bbc7b0a51b9929e83fecb2952b6 .av-special-heading-tag .heading-char{\nfont-size:25px;\n}\n.av-special-heading.av-2le2s0-37038bbc7b0a51b9929e83fecb2952b6 .av-subheading{\nfont-size:15px;\n}\n<\/style>\n<div  class='av-special-heading av-2le2s0-37038bbc7b0a51b9929e83fecb2952b6 av-special-heading-h3 blockquote modern-quote  avia-builder-el-4  el_after_av_hr  el_before_av_textblock'><h3 class='av-special-heading-tag'  >GreenCoPilot<\/h3><div class=\"special-heading-border\"><div class=\"special-heading-inner-border\"><\/div><\/div><\/div>\n<section  class='av_textblock_section av-khf83j5n-85b001def38b3a6a73952c6691f381bf'  ><div class='avia_textblock' ><p>In dem Projekt soll \u00fcber eine Laufzeit von drei Jahren ein System zur Wegplanung von Schiffen aufgebaut werden, mit dem Routen f\u00fcr eine automatisierte Pier-zu-Pier-Navigation an Bord geplant werden k\u00f6nnen. Durch Erzeugung von synchronisierten Lagebildern des Verkehrs an Bord der beteiligten Schiffe und in den Revierzentralen entsteht die M\u00f6glichkeit f\u00fcr eine koordinierte Steuerung unter Beibehaltung der Verantwortung an den entsprechenden Stellen. So k\u00f6nnten Havarien, wie die der &#8222;Costa Concordia&#8220;, durch fr\u00fchzeitige Abweichungen zur Planung von den verantwortlichen Verkehrszentralen verhindert werden. Dar\u00fcber hinaus k\u00f6nnen Wartezeiten beim Hafenanlauf reduziert werden.<\/p>\n<p><a href=\"https:\/\/greenshipping-niedersachsen.de\/wp-content\/uploads\/2021\/03\/Projektsteckbrief_greenCoPilot.pdf\">Hier<\/a> finden Sie den detaillierten Projektsteckbrief.<\/p>\n<\/div><\/section>\n\n<style type=\"text\/css\" data-created_by=\"avia_inline_auto\" id=\"style-css-av-lbwbkl84-119994e21eeee8ceb4a4b628a3cffee7\">\n#top .av-special-heading.av-lbwbkl84-119994e21eeee8ceb4a4b628a3cffee7{\npadding-bottom:0;\n}\nbody .av-special-heading.av-lbwbkl84-119994e21eeee8ceb4a4b628a3cffee7 .av-special-heading-tag .heading-char{\nfont-size:25px;\n}\n.av-special-heading.av-lbwbkl84-119994e21eeee8ceb4a4b628a3cffee7 .av-subheading{\nfont-size:15px;\n}\n<\/style>\n<div  class='av-special-heading av-lbwbkl84-119994e21eeee8ceb4a4b628a3cffee7 av-special-heading-h3 blockquote modern-quote  avia-builder-el-6  el_after_av_textblock  el_before_av_textblock'><h3 class='av-special-heading-tag'  >Quantum Supported Maritime Just-In-Time Navigation<\/h3><div class=\"special-heading-border\"><div class=\"special-heading-inner-border\"><\/div><\/div><\/div>\n<section  class='av_textblock_section av-lbwd7fhq-1c5b1061c117ecfbc26334a4d83df528'  ><div class='avia_textblock' ><p>Quantencomputer k\u00f6nnen hochgradig parallel rechnen und sind damit grunds\u00e4tzlich besonders geeignet, umfangreiche Optimierungsaufgaben z. B. f\u00fcr komplexe Logistikprozesse effizient zu l\u00f6sen. Die effiziente Programmierung von Quantenrechnern erfordert spezielle, an die Besonderheiten der Quanteninformatik angepasste Werkzeuge. Im Projekt <a href=\"https:\/\/www.jade-hs.de\/unsere-hochschule\/fachbereiche\/seefahrt-und-logistik\/forschung-praxis\/laufende-projekte\/qsmn\/\"><strong>\u201eQuantum Supported Maritime Just-In-Time Navigation\u201c (QSMN)<\/strong> <\/a>werden solche Werkzeuge entwickelt und in Zusammenarbeit mit Industriepartnern an wirtschaftlich sinnvollen Aufgaben erprobt. Im Laufe des Projektes werden dabei immer komplexere, die steigenden F\u00e4higkeiten der Quantenhardware ausnutzende Anwendungsaufgaben gel\u00f6st.<\/p>\n<p><strong>Just-In-Time-Navigation<\/strong><\/p>\n<p>Als eine \u00f6konomisch und \u00f6kologisch interessante Aufgabe f\u00fcr QSMN wurde die Optimierung des Treibstoffverbrauchs von Binnen- und Seeschiffen ausgew\u00e4hlt. Eine solche Optimierung senkt nicht nur die Kosten, sondern reduziert gleichzeitig die Emission von Treibhausgasen. Dar\u00fcber hinaus k\u00f6nnen Kosten und Emissionen weiter reduziert werden, indem entlang der Route f\u00f6rderliche Umweltbedingungen wie Wind, Seegang und Str\u00f6mung genutzt und widrige Bedingungen vermieden werden.<\/p>\n<p>Hieraus ergibt sich die Anwendungsaufgabe f\u00fcr QSMN: f\u00fcr eine gegebene Route wird ein Geschwindigkeitsprofil bestimmt, mit dem das Reiseziel bei minimalem Treibstoffeinsatz genau zur Requested Time of Arrival (RTA) erreicht wird.<\/p>\n<p><strong>Projekt<\/strong><\/p>\n<p>Das Projekt wird durch die Innovationsf\u00f6rderung Hessen aus Mitteln der Landesoffensive zur Entwicklung wissenschaftlich-\u00f6konomischer Exzellenz (LOEWE) gef\u00f6rdert. Es hat insgesamt einen Umfang von etwa 350.000 Euro, von denen etwa 130.000 Euro f\u00fcr die Jade Hochschule vorgesehen sind.<\/p>\n<\/div><\/section>\n\n<style type=\"text\/css\" data-created_by=\"avia_inline_auto\" id=\"style-css-av-khf832nc-ac8c8b469b35d3ccc25109ad5786ac35\">\n.flex_column.av-khf832nc-ac8c8b469b35d3ccc25109ad5786ac35{\nborder-width:1px;\nborder-color:#e1e1e1;\nborder-style:solid;\nborder-radius:0px 0px 0px 0px;\npadding:20px 20px 20px 20px;\nbackground-color:#fcfcfc;\n}\n<\/style>\n<div  class='flex_column av-khf832nc-ac8c8b469b35d3ccc25109ad5786ac35 av_one_full  avia-builder-el-8  el_after_av_textblock  avia-builder-el-last  first flex_column_div  column-top-margin'     ><p>\n<style type=\"text\/css\" data-created_by=\"avia_inline_auto\" id=\"style-css-av-21mhhs-f756520930a5e597f5a3689d8fd16b2c\">\n#top .av-special-heading.av-21mhhs-f756520930a5e597f5a3689d8fd16b2c{\npadding-bottom:0;\n}\nbody .av-special-heading.av-21mhhs-f756520930a5e597f5a3689d8fd16b2c .av-special-heading-tag .heading-char{\nfont-size:25px;\n}\n.av-special-heading.av-21mhhs-f756520930a5e597f5a3689d8fd16b2c .av-subheading{\nfont-size:15px;\n}\n<\/style>\n<div  class='av-special-heading av-21mhhs-f756520930a5e597f5a3689d8fd16b2c av-special-heading-h4 blockquote modern-quote  avia-builder-el-9  el_before_av_hr  avia-builder-el-first'><h4 class='av-special-heading-tag'  >Weitere Handlungsfelder:<\/h4><div class=\"special-heading-border\"><div class=\"special-heading-inner-border\"><\/div><\/div><\/div><br \/>\n\n<style type=\"text\/css\" data-created_by=\"avia_inline_auto\" id=\"style-css-av-il7rh-2-c5a08cda7d690cb2fdd96aa390a4ff1e\">\n#top .hr.av-il7rh-2-c5a08cda7d690cb2fdd96aa390a4ff1e{\nmargin-top:5px;\nmargin-bottom:15px;\n}\n.hr.av-il7rh-2-c5a08cda7d690cb2fdd96aa390a4ff1e .hr-inner{\nwidth:50px;\nborder-color:#91c85a;\n}\n<\/style>\n<div  class='hr av-il7rh-2-c5a08cda7d690cb2fdd96aa390a4ff1e hr-custom  avia-builder-el-10  el_after_av_heading  el_before_av_textblock  hr-left hr-icon-no'><span class='hr-inner inner-border-av-border-fat'><span class=\"hr-inner-style\"><\/span><\/span><\/div><br \/>\n<section  class='av_textblock_section av-khf83j5n-1-1f02e7a7578d81826686b5e1b918d220'  ><div class='avia_textblock' ><ul>\n<li>Trimmoptimierung<\/li>\n<li>Flottenplanung und Ladungstransport<\/li>\n<li>Intelligente maritime Transportsysteme<\/li>\n<\/ul>\n<\/div><\/section><\/p><\/div>","protected":false},"excerpt":{"rendered":"","protected":false},"author":7,"featured_media":0,"parent":0,"menu_order":0,"comment_status":"closed","ping_status":"closed","template":"","meta":{"_price":"","_stock":"","_tribe_ticket_header":"","_tribe_default_ticket_provider":"","_tribe_ticket_capacity":"0","_ticket_start_date":"","_ticket_end_date":"","_tribe_ticket_show_description":"","_tribe_ticket_show_not_going":false,"_tribe_ticket_use_global_stock":"","_tribe_ticket_global_stock_level":"","_global_stock_mode":"","_global_stock_cap":"","_tribe_rsvp_for_event":"","_tribe_ticket_going_count":"","_tribe_ticket_not_going_count":"","_tribe_tickets_list":"[]","_tribe_ticket_has_attendee_info_fields":false,"footnotes":"","_tec_slr_enabled":"","_tec_slr_layout":""},"class_list":["post-1072","page","type-page","status-publish","hentry"],"ticketed":false,"_links":{"self":[{"href":"https:\/\/greenshipping-niedersachsen.de\/en\/wp-json\/wp\/v2\/pages\/1072","targetHints":{"allow":["GET"]}}],"collection":[{"href":"https:\/\/greenshipping-niedersachsen.de\/en\/wp-json\/wp\/v2\/pages"}],"about":[{"href":"https:\/\/greenshipping-niedersachsen.de\/en\/wp-json\/wp\/v2\/types\/page"}],"author":[{"embeddable":true,"href":"https:\/\/greenshipping-niedersachsen.de\/en\/wp-json\/wp\/v2\/users\/7"}],"replies":[{"embeddable":true,"href":"https:\/\/greenshipping-niedersachsen.de\/en\/wp-json\/wp\/v2\/comments?post=1072"}],"version-history":[{"count":7,"href":"https:\/\/greenshipping-niedersachsen.de\/en\/wp-json\/wp\/v2\/pages\/1072\/revisions"}],"predecessor-version":[{"id":5792,"href":"https:\/\/greenshipping-niedersachsen.de\/en\/wp-json\/wp\/v2\/pages\/1072\/revisions\/5792"}],"wp:attachment":[{"href":"https:\/\/greenshipping-niedersachsen.de\/en\/wp-json\/wp\/v2\/media?parent=1072"}],"curies":[{"name":"wp","href":"https:\/\/api.w.org\/{rel}","templated":true}]}}