{"id":1070,"date":"2020-11-12T20:36:38","date_gmt":"2020-11-12T19:36:38","guid":{"rendered":"https:\/\/gsn.offis.uni-oldenburg.de\/?page_id=1070"},"modified":"2025-12-08T16:20:39","modified_gmt":"2025-12-08T15:20:39","slug":"simulation-und-sicherheit","status":"publish","type":"page","link":"https:\/\/greenshipping-niedersachsen.de\/en\/simulation-und-sicherheit\/","title":{"rendered":"SIMULATION UND SICHERHEIT"},"content":{"rendered":"<style type=\"text\/css\" data-created_by=\"avia_inline_auto\" id=\"style-css-av-ki8t2oxx-d911c141c3b52b9b97371f4dcde1ab0d\">\n.avia-image-container.av-ki8t2oxx-d911c141c3b52b9b97371f4dcde1ab0d img.avia_image{\nbox-shadow:none;\n}\n.avia-image-container.av-ki8t2oxx-d911c141c3b52b9b97371f4dcde1ab0d .av-image-caption-overlay-center{\ncolor:#ffffff;\n}\n<\/style>\n<div  class='avia-image-container av-ki8t2oxx-d911c141c3b52b9b97371f4dcde1ab0d av-styling- avia-align-center  avia-builder-el-1  el_after_av_codeblock  el_before_av_heading'  ><div class=\"avia-image-container-inner\"><div class=\"avia-image-overlay-wrap\"><img decoding=\"async\" fetchpriority=\"high\" class='wp-image-5788 avia-img-lazy-loading-not-5788 avia_image' src=\"https:\/\/greenshipping-niedersachsen.de\/wp-content\/uploads\/2025\/12\/Simulation-und-Schiffssicherheit_JPG-1000x430.jpg\" alt='' title='Simulation und Schiffssicherheit_JPG'  height=\"430\" width=\"1000\"  \/><\/div><\/div><\/div>\n\n<style type=\"text\/css\" data-created_by=\"avia_inline_auto\" id=\"style-css-av-4v8yqm-8fff2378d9000c3686cea54f1134ca12\">\n#top .av-special-heading.av-4v8yqm-8fff2378d9000c3686cea54f1134ca12{\npadding-bottom:0;\n}\nbody .av-special-heading.av-4v8yqm-8fff2378d9000c3686cea54f1134ca12 .av-special-heading-tag .heading-char{\nfont-size:25px;\n}\n.av-special-heading.av-4v8yqm-8fff2378d9000c3686cea54f1134ca12 .av-subheading{\nfont-size:15px;\n}\n<\/style>\n<div  class='av-special-heading av-4v8yqm-8fff2378d9000c3686cea54f1134ca12 av-special-heading-h2 blockquote modern-quote modern-centered  avia-builder-el-2  el_after_av_image  el_before_av_hr'><h2 class='av-special-heading-tag'  >Simulation und Sicherheit<\/h2><div class=\"special-heading-border\"><div class=\"special-heading-inner-border\"><\/div><\/div><\/div>\n\n<style type=\"text\/css\" data-created_by=\"avia_inline_auto\" id=\"style-css-av-il7rh-a2abe849bb34253ead99abc7a2dd00f0\">\n#top .hr.av-il7rh-a2abe849bb34253ead99abc7a2dd00f0{\nmargin-top:5px;\nmargin-bottom:35px;\n}\n.hr.av-il7rh-a2abe849bb34253ead99abc7a2dd00f0 .hr-inner{\nwidth:50px;\nborder-color:#91c85a;\n}\n<\/style>\n<div  class='hr av-il7rh-a2abe849bb34253ead99abc7a2dd00f0 hr-custom  avia-builder-el-3  el_after_av_heading  el_before_av_heading  hr-center hr-icon-no'><span class='hr-inner inner-border-av-border-fat'><span class=\"hr-inner-style\"><\/span><\/span><\/div>\n\n<style type=\"text\/css\" data-created_by=\"avia_inline_auto\" id=\"style-css-av-2fngi6-aa2f943818a7eac7a0dda78b5949f5df\">\n#top .av-special-heading.av-2fngi6-aa2f943818a7eac7a0dda78b5949f5df{\npadding-bottom:0;\n}\nbody .av-special-heading.av-2fngi6-aa2f943818a7eac7a0dda78b5949f5df .av-special-heading-tag .heading-char{\nfont-size:25px;\n}\n.av-special-heading.av-2fngi6-aa2f943818a7eac7a0dda78b5949f5df .av-subheading{\nfont-size:15px;\n}\n<\/style>\n<div  class='av-special-heading av-2fngi6-aa2f943818a7eac7a0dda78b5949f5df av-special-heading-h3 blockquote modern-quote  avia-builder-el-4  el_after_av_hr  el_before_av_textblock'><h3 class='av-special-heading-tag'  >GreenMEPS<\/h3><div class=\"special-heading-border\"><div class=\"special-heading-inner-border\"><\/div><\/div><\/div>\n<section  class='av_textblock_section av-khf83j5n-85b001def38b3a6a73952c6691f381bf'  ><div class='avia_textblock' ><p>In diesem Projekt soll eine Mobile EvaluationsPlattform f\u00fcr Schiffsassistenzsysteme entstehen, die eine schnelle und einfache Entwicklung moderner Assistenztechnologie f\u00fcr die Schiffsf\u00fchrung erm\u00f6glicht. So kann ein wesentlicher Beitrag zur Effizienz und Sicherheit der Schifffahrt und folglich zum Schutz der Umwelt geleistet werden. Ziel ist es dar\u00fcber hinaus, die Entwicklungsprozesse selbst w\u00e4hrend der HIL-Simulationen (Hardware-in-the-Loop) \u00a0zu beschleunigen und damit umweltvertr\u00e4glicher zu gestalten.<\/p>\n<p><a href=\"https:\/\/greenshipping-niedersachsen.de\/wp-content\/uploads\/2021\/03\/161222-Projektsteckbrief-greenMEPS.pdf\">Hier<\/a> finden Sie den detaillierten Projektsteckbrief.<\/p>\n<\/div><\/section>\n\n<style type=\"text\/css\" data-created_by=\"avia_inline_auto\" id=\"style-css-av-khf832nc-ac8c8b469b35d3ccc25109ad5786ac35\">\n.flex_column.av-khf832nc-ac8c8b469b35d3ccc25109ad5786ac35{\nborder-width:1px;\nborder-color:#e1e1e1;\nborder-style:solid;\nborder-radius:0px 0px 0px 0px;\npadding:20px 20px 20px 20px;\nbackground-color:#fcfcfc;\n}\n<\/style>\n<div  class='flex_column av-khf832nc-ac8c8b469b35d3ccc25109ad5786ac35 av_one_full  avia-builder-el-6  el_after_av_textblock  avia-builder-el-last  first flex_column_div  column-top-margin'     ><p>\n<style type=\"text\/css\" data-created_by=\"avia_inline_auto\" id=\"style-css-av-31cpi6-79fc36d8a9a873c4222865bd183c715a\">\n#top .av-special-heading.av-31cpi6-79fc36d8a9a873c4222865bd183c715a{\npadding-bottom:0;\n}\nbody .av-special-heading.av-31cpi6-79fc36d8a9a873c4222865bd183c715a .av-special-heading-tag .heading-char{\nfont-size:25px;\n}\n.av-special-heading.av-31cpi6-79fc36d8a9a873c4222865bd183c715a .av-subheading{\nfont-size:15px;\n}\n<\/style>\n<div  class='av-special-heading av-31cpi6-79fc36d8a9a873c4222865bd183c715a av-special-heading-h4 blockquote modern-quote  avia-builder-el-7  el_before_av_hr  avia-builder-el-first'><h4 class='av-special-heading-tag'  >Weitere Handlungsfelder:<\/h4><div class=\"special-heading-border\"><div class=\"special-heading-inner-border\"><\/div><\/div><\/div><br \/>\n\n<style type=\"text\/css\" data-created_by=\"avia_inline_auto\" id=\"style-css-av-il7rh-812be455cc75321cf8909a7dcf8d7d00\">\n#top .hr.av-il7rh-812be455cc75321cf8909a7dcf8d7d00{\nmargin-top:5px;\nmargin-bottom:15px;\n}\n.hr.av-il7rh-812be455cc75321cf8909a7dcf8d7d00 .hr-inner{\nwidth:50px;\nborder-color:#91c85a;\n}\n<\/style>\n<div  class='hr av-il7rh-812be455cc75321cf8909a7dcf8d7d00 hr-custom  avia-builder-el-8  el_after_av_heading  el_before_av_textblock  hr-left hr-icon-no'><span class='hr-inner inner-border-av-border-fat'><span class=\"hr-inner-style\"><\/span><\/span><\/div><br \/>\n<section  class='av_textblock_section av-khf83j5n-85b001def38b3a6a73952c6691f381bf'  ><div class='avia_textblock' ><ul>\n<li>Integrierte Assistenzsysteme<\/li>\n<li>Sicherheitskritische soziotechnische Systeme<\/li>\n<li>Modellbildung, Simulation und Virtual Reality-Anwendungen<\/li>\n<li>Sichere Offshore Operationen<\/li>\n<li>Sensorik und Sensordatenverarbeitung<\/li>\n<li>e-Navigation<\/li>\n<\/ul>\n<\/div><\/section><\/p><\/div>","protected":false},"excerpt":{"rendered":"","protected":false},"author":7,"featured_media":0,"parent":0,"menu_order":0,"comment_status":"closed","ping_status":"closed","template":"","meta":{"_price":"","_stock":"","_tribe_ticket_header":"","_tribe_default_ticket_provider":"","_tribe_ticket_capacity":"0","_ticket_start_date":"","_ticket_end_date":"","_tribe_ticket_show_description":"","_tribe_ticket_show_not_going":false,"_tribe_ticket_use_global_stock":"","_tribe_ticket_global_stock_level":"","_global_stock_mode":"","_global_stock_cap":"","_tribe_rsvp_for_event":"","_tribe_ticket_going_count":"","_tribe_ticket_not_going_count":"","_tribe_tickets_list":"[]","_tribe_ticket_has_attendee_info_fields":false,"footnotes":"","_tec_slr_enabled":"","_tec_slr_layout":""},"class_list":["post-1070","page","type-page","status-publish","hentry"],"ticketed":false,"_links":{"self":[{"href":"https:\/\/greenshipping-niedersachsen.de\/en\/wp-json\/wp\/v2\/pages\/1070","targetHints":{"allow":["GET"]}}],"collection":[{"href":"https:\/\/greenshipping-niedersachsen.de\/en\/wp-json\/wp\/v2\/pages"}],"about":[{"href":"https:\/\/greenshipping-niedersachsen.de\/en\/wp-json\/wp\/v2\/types\/page"}],"author":[{"embeddable":true,"href":"https:\/\/greenshipping-niedersachsen.de\/en\/wp-json\/wp\/v2\/users\/7"}],"replies":[{"embeddable":true,"href":"https:\/\/greenshipping-niedersachsen.de\/en\/wp-json\/wp\/v2\/comments?post=1070"}],"version-history":[{"count":2,"href":"https:\/\/greenshipping-niedersachsen.de\/en\/wp-json\/wp\/v2\/pages\/1070\/revisions"}],"predecessor-version":[{"id":5797,"href":"https:\/\/greenshipping-niedersachsen.de\/en\/wp-json\/wp\/v2\/pages\/1070\/revisions\/5797"}],"wp:attachment":[{"href":"https:\/\/greenshipping-niedersachsen.de\/en\/wp-json\/wp\/v2\/media?parent=1070"}],"curies":[{"name":"wp","href":"https:\/\/api.w.org\/{rel}","templated":true}]}}