{"id":1062,"date":"2020-11-12T20:32:54","date_gmt":"2020-11-12T19:32:54","guid":{"rendered":"https:\/\/gsn.offis.uni-oldenburg.de\/?page_id=1062"},"modified":"2025-12-08T16:18:41","modified_gmt":"2025-12-08T15:18:41","slug":"schiffstechnik-und-design","status":"publish","type":"page","link":"https:\/\/greenshipping-niedersachsen.de\/en\/schiffstechnik-und-design\/","title":{"rendered":"SCHIFFSTECHNIK UND DESIGN"},"content":{"rendered":"<style type=\"text\/css\" data-created_by=\"avia_inline_auto\" id=\"style-css-av-ki8t07tr-74f0f1f4f37b4ac9bb444b58d59b31b9\">\n.avia-image-container.av-ki8t07tr-74f0f1f4f37b4ac9bb444b58d59b31b9 img.avia_image{\nbox-shadow:none;\n}\n.avia-image-container.av-ki8t07tr-74f0f1f4f37b4ac9bb444b58d59b31b9 .av-image-caption-overlay-center{\ncolor:#ffffff;\n}\n<\/style>\n<div  class='avia-image-container av-ki8t07tr-74f0f1f4f37b4ac9bb444b58d59b31b9 av-styling- avia-align-center  avia-builder-el-1  el_after_av_codeblock  el_before_av_heading'  ><div class=\"avia-image-container-inner\"><div class=\"avia-image-overlay-wrap\"><img decoding=\"async\" fetchpriority=\"high\" class='wp-image-5786 avia-img-lazy-loading-not-5786 avia_image' src=\"https:\/\/greenshipping-niedersachsen.de\/wp-content\/uploads\/2025\/12\/Schiffstechnik-und-Design_JPG-1000x430.jpg\" alt='' title='Schiffstechnik und Design_JPG'  height=\"430\" width=\"1000\"  \/><\/div><\/div><\/div>\n\n<style type=\"text\/css\" data-created_by=\"avia_inline_auto\" id=\"style-css-av-e2x9y-b28ba20dad4109bd9253241f119ead6e\">\n#top .av-special-heading.av-e2x9y-b28ba20dad4109bd9253241f119ead6e{\npadding-bottom:0;\n}\nbody .av-special-heading.av-e2x9y-b28ba20dad4109bd9253241f119ead6e .av-special-heading-tag .heading-char{\nfont-size:25px;\n}\n.av-special-heading.av-e2x9y-b28ba20dad4109bd9253241f119ead6e .av-subheading{\nfont-size:15px;\n}\n<\/style>\n<div  class='av-special-heading av-e2x9y-b28ba20dad4109bd9253241f119ead6e av-special-heading-h2 blockquote modern-quote modern-centered  avia-builder-el-2  el_after_av_image  el_before_av_hr'><h2 class='av-special-heading-tag'  >Schiffstechnik und Design<\/h2><div class=\"special-heading-border\"><div class=\"special-heading-inner-border\"><\/div><\/div><\/div>\n\n<style type=\"text\/css\" data-created_by=\"avia_inline_auto\" id=\"style-css-av-il7rh-a2abe849bb34253ead99abc7a2dd00f0\">\n#top .hr.av-il7rh-a2abe849bb34253ead99abc7a2dd00f0{\nmargin-top:5px;\nmargin-bottom:35px;\n}\n.hr.av-il7rh-a2abe849bb34253ead99abc7a2dd00f0 .hr-inner{\nwidth:50px;\nborder-color:#91c85a;\n}\n<\/style>\n<div  class='hr av-il7rh-a2abe849bb34253ead99abc7a2dd00f0 hr-custom  avia-builder-el-3  el_after_av_heading  el_before_av_heading  hr-center hr-icon-no'><span class='hr-inner inner-border-av-border-fat'><span class=\"hr-inner-style\"><\/span><\/span><\/div>\n\n<style type=\"text\/css\" data-created_by=\"avia_inline_auto\" id=\"style-css-av-36k1bq-db83b175f4a5ae99d40891d9170940c1\">\n#top .av-special-heading.av-36k1bq-db83b175f4a5ae99d40891d9170940c1{\npadding-bottom:0;\n}\nbody .av-special-heading.av-36k1bq-db83b175f4a5ae99d40891d9170940c1 .av-special-heading-tag .heading-char{\nfont-size:25px;\n}\n.av-special-heading.av-36k1bq-db83b175f4a5ae99d40891d9170940c1 .av-subheading{\nfont-size:15px;\n}\n<\/style>\n<div  class='av-special-heading av-36k1bq-db83b175f4a5ae99d40891d9170940c1 av-special-heading-h3 blockquote modern-quote  avia-builder-el-4  el_after_av_hr  el_before_av_textblock'><h3 class='av-special-heading-tag'  >Biofouling \/ aufwuchshemmende L\u00f6sungen<\/h3><div class=\"special-heading-border\"><div class=\"special-heading-inner-border\"><\/div><\/div><\/div>\n<section  class='av_textblock_section av-khf83j5n-85b001def38b3a6a73952c6691f381bf'  ><div class='avia_textblock' ><p>Der Bewuchs von Schiffsr\u00fcmpfen durch Mikroorganismen, Pflanzen, Algen und Tiere beg\u00fcnstigt die Einschleppung und Verbreitung nichteinheimischer Arten in fremde Gew\u00e4sser sowie einen erh\u00f6hten Str\u00f6mungswiderstand der Schiffe, der zu einem gesteigerten Energieverbrauch f\u00fchrt.<\/p>\n<p>Durch effektive Bewuchsschutzsysteme kann der Fouling-Prozess verhindert werden. Es k\u00f6nnen eine Verbesserung der hydrodynamischen Eigenschaften, Treibstoffeinsparungen und dadurch verminderte Transportkosten sowie eine Reduktion von umweltbelastenden Emissionen erzielt werden. Der Einsatz wirksamer Antifouling-Systeme ist dementsprechend unter wirtschaftlichen Gesichtspunkten und im Interesse der Umwelt sinnvoll.<\/p>\n<p>Das Kompetenzzentrum GreenShipping Niedersachsen hat sich dem Thema angenommen und eine Markt\u00fcbersicht (Link zur Studie) erstellt. Darin werden Akteure vorgestellt, die L\u00f6sungsans\u00e4tze gegen Biofouling an Schiffsr\u00fcmpfen anbieten oder die in diesem Bereich forschen. Unternehmen, Hochschulen und Institutionen k\u00f6nnen damit schneller und einfacher geeignete Kooperationspartner f\u00fcr verschiedene Projekte im Bereich aufwuchshemmender Technologien und Techniken ausfindig machen.<\/p>\n<p>Dar\u00fcber hinaus finden j\u00e4hrlich verschiedene Informationsveranstaltungen zum Thema Biofouling statt.<\/p>\n<\/div><\/section>\n\n<style type=\"text\/css\" data-created_by=\"avia_inline_auto\" id=\"style-css-av-khf832nc-ac8c8b469b35d3ccc25109ad5786ac35\">\n.flex_column.av-khf832nc-ac8c8b469b35d3ccc25109ad5786ac35{\nborder-width:1px;\nborder-color:#e1e1e1;\nborder-style:solid;\nborder-radius:0px 0px 0px 0px;\npadding:20px 20px 20px 20px;\nbackground-color:#fcfcfc;\n}\n<\/style>\n<div  class='flex_column av-khf832nc-ac8c8b469b35d3ccc25109ad5786ac35 av_one_full  avia-builder-el-6  el_after_av_textblock  avia-builder-el-last  first flex_column_div  column-top-margin'     ><p>\n<style type=\"text\/css\" data-created_by=\"avia_inline_auto\" id=\"style-css-av-21hcau-c05ab05b06ea4ef207392f1293a3987b\">\n#top .av-special-heading.av-21hcau-c05ab05b06ea4ef207392f1293a3987b{\npadding-bottom:0;\n}\nbody .av-special-heading.av-21hcau-c05ab05b06ea4ef207392f1293a3987b .av-special-heading-tag .heading-char{\nfont-size:25px;\n}\n.av-special-heading.av-21hcau-c05ab05b06ea4ef207392f1293a3987b .av-subheading{\nfont-size:15px;\n}\n<\/style>\n<div  class='av-special-heading av-21hcau-c05ab05b06ea4ef207392f1293a3987b av-special-heading-h4 blockquote modern-quote  avia-builder-el-7  el_before_av_hr  avia-builder-el-first'><h4 class='av-special-heading-tag'  >Weitere Handlungsfelder:<\/h4><div class=\"special-heading-border\"><div class=\"special-heading-inner-border\"><\/div><\/div><\/div><br \/>\n\n<style type=\"text\/css\" data-created_by=\"avia_inline_auto\" id=\"style-css-av-il7rh-812be455cc75321cf8909a7dcf8d7d00\">\n#top .hr.av-il7rh-812be455cc75321cf8909a7dcf8d7d00{\nmargin-top:5px;\nmargin-bottom:15px;\n}\n.hr.av-il7rh-812be455cc75321cf8909a7dcf8d7d00 .hr-inner{\nwidth:50px;\nborder-color:#91c85a;\n}\n<\/style>\n<div  class='hr av-il7rh-812be455cc75321cf8909a7dcf8d7d00 hr-custom  avia-builder-el-8  el_after_av_heading  el_before_av_textblock  hr-left hr-icon-no'><span class='hr-inner inner-border-av-border-fat'><span class=\"hr-inner-style\"><\/span><\/span><\/div><br \/>\n<section  class='av_textblock_section av-khf83j5n-85b001def38b3a6a73952c6691f381bf'  ><div class='avia_textblock' ><ul>\n<li>Ballastwassermanagement<\/li>\n<li>Abgasw\u00e4rme-R\u00fcckgewinnung<\/li>\n<li>Abw\u00e4sser und M\u00fcllbehandlung\/-verwertung<\/li>\n<li>Propeller- und Ruderdesignoptimierung<\/li>\n<li>Air Cavity System<\/li>\n<\/ul>\n<\/div><\/section><\/p><\/div>","protected":false},"excerpt":{"rendered":"","protected":false},"author":7,"featured_media":0,"parent":0,"menu_order":0,"comment_status":"closed","ping_status":"closed","template":"","meta":{"_price":"","_stock":"","_tribe_ticket_header":"","_tribe_default_ticket_provider":"","_tribe_ticket_capacity":"0","_ticket_start_date":"","_ticket_end_date":"","_tribe_ticket_show_description":"","_tribe_ticket_show_not_going":false,"_tribe_ticket_use_global_stock":"","_tribe_ticket_global_stock_level":"","_global_stock_mode":"","_global_stock_cap":"","_tribe_rsvp_for_event":"","_tribe_ticket_going_count":"","_tribe_ticket_not_going_count":"","_tribe_tickets_list":"[]","_tribe_ticket_has_attendee_info_fields":false,"footnotes":"","_tec_slr_enabled":"","_tec_slr_layout":""},"class_list":["post-1062","page","type-page","status-publish","hentry"],"ticketed":false,"_links":{"self":[{"href":"https:\/\/greenshipping-niedersachsen.de\/en\/wp-json\/wp\/v2\/pages\/1062","targetHints":{"allow":["GET"]}}],"collection":[{"href":"https:\/\/greenshipping-niedersachsen.de\/en\/wp-json\/wp\/v2\/pages"}],"about":[{"href":"https:\/\/greenshipping-niedersachsen.de\/en\/wp-json\/wp\/v2\/types\/page"}],"author":[{"embeddable":true,"href":"https:\/\/greenshipping-niedersachsen.de\/en\/wp-json\/wp\/v2\/users\/7"}],"replies":[{"embeddable":true,"href":"https:\/\/greenshipping-niedersachsen.de\/en\/wp-json\/wp\/v2\/comments?post=1062"}],"version-history":[{"count":2,"href":"https:\/\/greenshipping-niedersachsen.de\/en\/wp-json\/wp\/v2\/pages\/1062\/revisions"}],"predecessor-version":[{"id":5796,"href":"https:\/\/greenshipping-niedersachsen.de\/en\/wp-json\/wp\/v2\/pages\/1062\/revisions\/5796"}],"wp:attachment":[{"href":"https:\/\/greenshipping-niedersachsen.de\/en\/wp-json\/wp\/v2\/media?parent=1062"}],"curies":[{"name":"wp","href":"https:\/\/api.w.org\/{rel}","templated":true}]}}