{"id":1006,"date":"2020-11-12T14:14:28","date_gmt":"2020-11-12T13:14:28","guid":{"rendered":"https:\/\/gsn.offis.uni-oldenburg.de\/?page_id=1006"},"modified":"2022-08-10T12:49:27","modified_gmt":"2022-08-10T10:49:27","slug":"hochschule-emden-leer","status":"publish","type":"page","link":"https:\/\/greenshipping-niedersachsen.de\/en\/hochschule-emden-leer\/","title":{"rendered":"HOCHSCHULE EMDEN \/ LEER"},"content":{"rendered":"<div id='av_section_1'  class='avia-section av-45itf-6cf7769aa425402686265f9ad729de05 main_color avia-section-no-padding avia-no-border-styling  avia-builder-el-0  el_before_av_section  avia-builder-el-first  avia-bg-style-scroll container_wrap fullsize'  ><div class='container av-section-cont-open' ><main  class='template-page content  av-content-full alpha units'><div class='post-entry post-entry-type-page post-entry-1006'><div class='entry-content-wrapper clearfix'>\n\n\n<style type=\"text\/css\" data-created_by=\"avia_inline_auto\" id=\"style-css-av-2dev7y-3246cd599873d3ebfb573ade8c5e18a2\">\n#top .av-special-heading.av-2dev7y-3246cd599873d3ebfb573ade8c5e18a2{\nmargin:75px 0 0 0;\npadding-bottom:0;\n}\nbody .av-special-heading.av-2dev7y-3246cd599873d3ebfb573ade8c5e18a2 .av-special-heading-tag .heading-char{\nfont-size:25px;\n}\n.av-special-heading.av-2dev7y-3246cd599873d3ebfb573ade8c5e18a2 .av-subheading{\nfont-size:15px;\n}\n<\/style>\n<div  class='av-special-heading av-2dev7y-3246cd599873d3ebfb573ade8c5e18a2 av-special-heading-h2 blockquote modern-quote modern-centered  avia-builder-el-2  el_after_av_codeblock  el_before_av_hr'><h2 class='av-special-heading-tag'  >HOCHSCHULE EMDEN \/ LEER<\/h2><div class=\"special-heading-border\"><div class=\"special-heading-inner-border\"><\/div><\/div><\/div>\n\n<style type=\"text\/css\" data-created_by=\"avia_inline_auto\" id=\"style-css-av-l3obr-97b4b3a61aab306791cded7d7236bff7\">\n#top .hr.av-l3obr-97b4b3a61aab306791cded7d7236bff7{\nmargin-top:5px;\n}\n.hr.av-l3obr-97b4b3a61aab306791cded7d7236bff7 .hr-inner{\nwidth:50px;\nborder-color:#3e8d24;\n}\n<\/style>\n<div  class='hr av-l3obr-97b4b3a61aab306791cded7d7236bff7 hr-custom  avia-builder-el-3  el_after_av_heading  el_before_av_hr  hr-center hr-icon-no'><span class='hr-inner inner-border-av-border-fat'><span class=\"hr-inner-style\"><\/span><\/span><\/div>\n\n<style type=\"text\/css\" data-created_by=\"avia_inline_auto\" id=\"style-css-av-kipzz9l1-efa537ee663feccc3fd0740fc3b11909\">\n#top .hr.hr-invisible.av-kipzz9l1-efa537ee663feccc3fd0740fc3b11909{\nheight:50px;\n}\n<\/style>\n<div  class='hr av-kipzz9l1-efa537ee663feccc3fd0740fc3b11909 hr-invisible  avia-builder-el-4  el_after_av_hr  el_before_av_image'><span class='hr-inner'><span class=\"hr-inner-style\"><\/span><\/span><\/div>\n\n<style type=\"text\/css\" data-created_by=\"avia_inline_auto\" id=\"style-css-av-kheufuyb-d5f6cd4b599cd6b379d891debadb47ab\">\n.avia-image-container.av-kheufuyb-d5f6cd4b599cd6b379d891debadb47ab img.avia_image{\nbox-shadow:none;\n}\n.avia-image-container.av-kheufuyb-d5f6cd4b599cd6b379d891debadb47ab .av-image-caption-overlay-center{\ncolor:#ffffff;\n}\n<\/style>\n<div  class='avia-image-container av-kheufuyb-d5f6cd4b599cd6b379d891debadb47ab av-styling- avia-align-left  avia-builder-el-5  el_after_av_hr  el_before_av_hr'  ><div class=\"avia-image-container-inner\"><div class=\"avia-image-overlay-wrap\"><img decoding=\"async\" fetchpriority=\"high\" class='wp-image-3356 avia-img-lazy-loading-not-3356 avia_image' src=\"https:\/\/greenshipping-niedersachsen.de\/wp-content\/uploads\/2021\/07\/Bild-HS-Emden_Leer-Profil-1500x430.jpg\" alt='' title='Bild HS Emden_Leer Profil'  height=\"430\" width=\"1500\"  \/><\/div><\/div><\/div>\n\n<style type=\"text\/css\" data-created_by=\"avia_inline_auto\" id=\"style-css-av-kipzz9l1-9-961aaf75f033fdd3b5b4998c71562be3\">\n#top .hr.hr-invisible.av-kipzz9l1-9-961aaf75f033fdd3b5b4998c71562be3{\nheight:50px;\n}\n<\/style>\n<div  class='hr av-kipzz9l1-9-961aaf75f033fdd3b5b4998c71562be3 hr-invisible  avia-builder-el-6  el_after_av_image  el_before_av_textblock'><span class='hr-inner'><span class=\"hr-inner-style\"><\/span><\/span><\/div>\n<section  class='av_textblock_section av-kheue7zi-d41e8e2f77109e79810226ab49a75053'  ><div class='avia_textblock' ><p><strong>Fachbereich Seefahrt und Maritime Wissenschaften in Leer<\/strong><\/p>\n<p>Die maritimen Wissenschaften stehen im Fokus unseres Hochschulstandorts in Leer. Die moderne und renommierte Einrichtung bildet F\u00fchrungskr\u00e4fte f\u00fcr die kommerzielle Seeschifffahrt und die maritime Wirtschaft aus.<\/p>\n<p><strong>Schiffsf\u00fchrung<\/strong><\/p>\n<p>So werden im Studiengang Nautik und Seeverkehr komplexe Schiffsf\u00fchrungssituationen mit den Studierenden an einem modernen Schiffsf\u00fchrungssimulator trainiert, die anschlie\u00dfend im \u201eCenter for Modeling &amp; Simulation\u201c auf dreidimensionaler Ebene nachvollzogen werden k\u00f6nnen. Im \u201eMaritimen Technikum\u201c stehen f\u00fcr innovative Forschung und Lehre k\u00fcnftig hochmoderne Anlagen wie ein Windkanal, ein gro\u00dfes Man\u00f6verbecken und ein Akustiklabor zur Verf\u00fcgung.<\/p>\n<p><strong>Maritime Technologie und Schifffahrtsmanagement<\/strong><\/p>\n<p>Der Studiengang Maritime Technology and Shipping Management kombiniert wiederum technische, naturwissenschaftliche und nautische Kenntnisse mit wirtschaftlichem und juristischem Know-how. Als Vertiefungsrichtungen werden Schiffs- und Umwelttechnik, Reedereimanagement und Logistik sowie Sicherheits- und Qualit\u00e4tsmanagement angeboten.<\/p>\n<p><strong>Offshore und nachhaltige Schifffahrt<\/strong><\/p>\n<p>Im internationalen Masterstudiengang Maritime Operations, der in Leer und dem norwegischen Haugesund verortet ist, stehen die Themen Offshore und nachhaltige Schifffahrt im Mittelpunkt. Gepr\u00e4gt ist die Lehre am Fachbereich Seefahrt und Maritime Wissenschaften zudem durch den permanenten Kontakt zur maritimen Wirtschaft im In- und Ausland, beispielsweise durch Studienprojekte.<\/p>\n<\/div><\/section>\n\n<style type=\"text\/css\" data-created_by=\"avia_inline_auto\" id=\"style-css-av-kipzz9l1-8-c948f339cadcf6119736ceb6e9ca1702\">\n#top .hr.hr-invisible.av-kipzz9l1-8-c948f339cadcf6119736ceb6e9ca1702{\nheight:50px;\n}\n<\/style>\n<div  class='hr av-kipzz9l1-8-c948f339cadcf6119736ceb6e9ca1702 hr-invisible  avia-builder-el-8  el_after_av_textblock  el_before_av_button'><span class='hr-inner'><span class=\"hr-inner-style\"><\/span><\/span><\/div>\n<div  class='avia-button-wrap av-kheugvb0-a9c306ea1d0a146b4eb2496bf2185b57-wrap avia-button-left  avia-builder-el-9  el_after_av_hr  el_before_av_hr'><a href='https:\/\/www.hs-emden-leer.de\/studieninteressierte\/fachbereiche\/seefahrt-und-maritime-wissenschaften' class='avia-button av-kheugvb0-a9c306ea1d0a146b4eb2496bf2185b57 av-link-btn avia-icon_select-no avia-size-large avia-position-left avia-color-theme-color' target=\"_blank\" rel=\"noopener noreferrer\" aria-label=\"Zur Website\"><span class='avia_iconbox_title' >Zur Website<\/span><\/a><\/div>\n\n<style type=\"text\/css\" data-created_by=\"avia_inline_auto\" id=\"style-css-av-kipzz9l1-7-e786de06cbcd2c3d7ccb973ddebe958d\">\n#top .hr.hr-invisible.av-kipzz9l1-7-e786de06cbcd2c3d7ccb973ddebe958d{\nheight:50px;\n}\n<\/style>\n<div  class='hr av-kipzz9l1-7-e786de06cbcd2c3d7ccb973ddebe958d hr-invisible  avia-builder-el-10  el_after_av_button  avia-builder-el-last'><span class='hr-inner'><span class=\"hr-inner-style\"><\/span><\/span><\/div>\n\n<\/div><\/div><\/main><!-- close content main element --><\/div><\/div>\n<style type=\"text\/css\" data-created_by=\"avia_inline_auto\" id=\"style-css-av-71kux-05b67023243d1afde74e47aef8dabebb\">\n.avia-section.av-71kux-05b67023243d1afde74e47aef8dabebb{\nbackground-color:#efefef;\nbackground-image:unset;\n}\n<\/style>\n<div id='av_section_2'  class='avia-section av-71kux-05b67023243d1afde74e47aef8dabebb main_color avia-section-default avia-no-border-styling  avia-builder-el-11  el_after_av_section  avia-builder-el-last  avia-bg-style-scroll container_wrap fullsize'  ><div class='container av-section-cont-open' ><div class='template-page content  av-content-full alpha units'><div class='post-entry post-entry-type-page post-entry-1006'><div class='entry-content-wrapper clearfix'>\n<section  class='av_textblock_section av-kipzfw9g-c172252a7cf28a27c56382915e73001e'  ><div class='avia_textblock' ><h4>Die Projektpartner:<\/h4>\n<\/div><\/section>\n<div class='flex_column_table av-30yk6x-cd1a0faafb4ed7e3f5b1ae91778460bf sc-av_one_fifth av-equal-height-column-flextable'>\n<style type=\"text\/css\" data-created_by=\"avia_inline_auto\" id=\"style-css-av-30yk6x-cd1a0faafb4ed7e3f5b1ae91778460bf\">\n.flex_column.av-30yk6x-cd1a0faafb4ed7e3f5b1ae91778460bf{\nborder-radius:0px 0px 0px 0px;\npadding:0px 0px 0px 0px;\n}\n<\/style>\n<div  class='flex_column av-30yk6x-cd1a0faafb4ed7e3f5b1ae91778460bf av_one_fifth  avia-builder-el-13  el_after_av_textblock  el_before_av_one_fifth  first no_margin flex_column_table_cell av-equal-height-column av-align-middle av-zero-column-padding  column-top-margin'     ><style type=\"text\/css\" data-created_by=\"avia_inline_auto\" id=\"style-css-av-kipzcbe2-ece7982bb23e1493055d651a4685890f\">\n.avia-image-container.av-kipzcbe2-ece7982bb23e1493055d651a4685890f img.avia_image{\nbox-shadow:none;\n}\n.avia-image-container.av-kipzcbe2-ece7982bb23e1493055d651a4685890f .av-image-caption-overlay-center{\ncolor:#ffffff;\n}\n<\/style>\n<div  class='avia-image-container av-kipzcbe2-ece7982bb23e1493055d651a4685890f av-styling-no-styling av-img-linked avia_animated_image av-animated-when-visible-95 pop-up avia-align-left  avia-builder-el-14  avia-builder-el-no-sibling'  ><div class=\"avia-image-container-inner\"><div class=\"avia-image-overlay-wrap\"><a href=\"https:\/\/greenshipping-niedersachsen.de\/en\/jade-hochschule\/\" class='avia_image'  aria-label='jadehs-logo'><img decoding=\"async\" fetchpriority=\"high\" class='wp-image-1200 avia-img-lazy-loading-not-1200 avia_image' src=\"https:\/\/greenshipping-niedersachsen.de\/wp-content\/uploads\/2020\/12\/jadehs-logo.png\" alt='' title='jadehs-logo'  height=\"135\" width=\"250\" srcset=\"https:\/\/greenshipping-niedersachsen.de\/wp-content\/uploads\/2020\/12\/jadehs-logo.png 250w, https:\/\/greenshipping-niedersachsen.de\/wp-content\/uploads\/2020\/12\/jadehs-logo-16x9.png 16w\" sizes=\"(max-width: 250px) 100vw, 250px\" \/><\/a><\/div><\/div><\/div><\/div>\n<style type=\"text\/css\" data-created_by=\"avia_inline_auto\" id=\"style-css-av-30yk6x-6-c74fb6076c34435ae5052ddac1d80d16\">\n.flex_column.av-30yk6x-6-c74fb6076c34435ae5052ddac1d80d16{\nborder-radius:0px 0px 0px 0px;\npadding:0px 0px 0px 0px;\n}\n<\/style>\n<div  class='flex_column av-30yk6x-6-c74fb6076c34435ae5052ddac1d80d16 av_one_fifth  avia-builder-el-15  el_after_av_one_fifth  el_before_av_one_fifth  no_margin flex_column_table_cell av-equal-height-column av-align-middle av-zero-column-padding  column-top-margin'     ><style type=\"text\/css\" data-created_by=\"avia_inline_auto\" id=\"style-css-av-kipzcbe2-5-01ab3fc6c68cafe107ebea86c091443d\">\n.avia-image-container.av-kipzcbe2-5-01ab3fc6c68cafe107ebea86c091443d img.avia_image{\nbox-shadow:none;\n}\n.avia-image-container.av-kipzcbe2-5-01ab3fc6c68cafe107ebea86c091443d .av-image-caption-overlay-center{\ncolor:#ffffff;\n}\n<\/style>\n<div  class='avia-image-container av-kipzcbe2-5-01ab3fc6c68cafe107ebea86c091443d av-styling-no-styling av-img-linked avia_animated_image av-animated-when-visible-95 pop-up avia-align-left  avia-builder-el-16  avia-builder-el-no-sibling'  ><div class=\"avia-image-container-inner\"><div class=\"avia-image-overlay-wrap\"><a href=\"https:\/\/greenshipping-niedersachsen.de\/en\/mariko-gmbh\/\" class='avia_image'  aria-label='mariko-logo'><img decoding=\"async\" fetchpriority=\"high\" class='wp-image-1201 avia-img-lazy-loading-not-1201 avia_image' src=\"https:\/\/greenshipping-niedersachsen.de\/wp-content\/uploads\/2020\/12\/mariko-logo.png\" alt='' title='mariko-logo'  height=\"135\" width=\"250\" srcset=\"https:\/\/greenshipping-niedersachsen.de\/wp-content\/uploads\/2020\/12\/mariko-logo.png 250w, https:\/\/greenshipping-niedersachsen.de\/wp-content\/uploads\/2020\/12\/mariko-logo-16x9.png 16w\" sizes=\"(max-width: 250px) 100vw, 250px\" \/><\/a><\/div><\/div><\/div><\/div>\n<style type=\"text\/css\" data-created_by=\"avia_inline_auto\" id=\"style-css-av-30yk6x-4-97840867d3ff186ec59b8626a3f1c911\">\n.flex_column.av-30yk6x-4-97840867d3ff186ec59b8626a3f1c911{\nborder-radius:0px 0px 0px 0px;\npadding:0px 0px 0px 0px;\n}\n<\/style>\n<div  class='flex_column av-30yk6x-4-97840867d3ff186ec59b8626a3f1c911 av_one_fifth  avia-builder-el-17  el_after_av_one_fifth  el_before_av_one_fifth  no_margin flex_column_table_cell av-equal-height-column av-align-middle av-zero-column-padding  column-top-margin'     ><style type=\"text\/css\" data-created_by=\"avia_inline_auto\" id=\"style-css-av-kipzcbe2-3-4782686fda28603b644f420e31754da8\">\n.avia-image-container.av-kipzcbe2-3-4782686fda28603b644f420e31754da8 img.avia_image{\nbox-shadow:none;\n}\n.avia-image-container.av-kipzcbe2-3-4782686fda28603b644f420e31754da8 .av-image-caption-overlay-center{\ncolor:#ffffff;\n}\n<\/style>\n<div  class='avia-image-container av-kipzcbe2-3-4782686fda28603b644f420e31754da8 av-styling-no-styling av-img-linked avia_animated_image av-animated-when-visible-95 pop-up avia-align-left  avia-builder-el-18  avia-builder-el-no-sibling'  ><div class=\"avia-image-container-inner\"><div class=\"avia-image-overlay-wrap\"><a href=\"https:\/\/greenshipping-niedersachsen.de\/en\/maritimes-cluster-norddeutschland-ev\/\" class='avia_image'  aria-label='mcn_logo'><img decoding=\"async\" fetchpriority=\"high\" class='wp-image-1202 avia-img-lazy-loading-not-1202 avia_image' src=\"https:\/\/greenshipping-niedersachsen.de\/wp-content\/uploads\/2020\/12\/mcn_logo.png\" alt='' title='mcn_logo'  height=\"135\" width=\"250\" srcset=\"https:\/\/greenshipping-niedersachsen.de\/wp-content\/uploads\/2020\/12\/mcn_logo.png 250w, https:\/\/greenshipping-niedersachsen.de\/wp-content\/uploads\/2020\/12\/mcn_logo-16x9.png 16w\" sizes=\"(max-width: 250px) 100vw, 250px\" \/><\/a><\/div><\/div><\/div><\/div>\n<style type=\"text\/css\" data-created_by=\"avia_inline_auto\" id=\"style-css-av-30yk6x-2-c69764a2f2771607536ddf7b06716d70\">\n.flex_column.av-30yk6x-2-c69764a2f2771607536ddf7b06716d70{\nborder-radius:0px 0px 0px 0px;\npadding:0px 0px 0px 0px;\n}\n<\/style>\n<div  class='flex_column av-30yk6x-2-c69764a2f2771607536ddf7b06716d70 av_one_fifth  avia-builder-el-19  el_after_av_one_fifth  el_before_av_one_fifth  no_margin flex_column_table_cell av-equal-height-column av-align-middle av-zero-column-padding  column-top-margin'     ><style type=\"text\/css\" data-created_by=\"avia_inline_auto\" id=\"style-css-av-kipzcbe2-1-b8211da983b7bc5b3180ce5f77f71d6b\">\n.avia-image-container.av-kipzcbe2-1-b8211da983b7bc5b3180ce5f77f71d6b img.avia_image{\nbox-shadow:none;\n}\n.avia-image-container.av-kipzcbe2-1-b8211da983b7bc5b3180ce5f77f71d6b .av-image-caption-overlay-center{\ncolor:#ffffff;\n}\n<\/style>\n<div  class='avia-image-container av-kipzcbe2-1-b8211da983b7bc5b3180ce5f77f71d6b av-styling-no-styling av-img-linked avia_animated_image av-animated-when-visible-95 pop-up avia-align-left  avia-builder-el-20  avia-builder-el-no-sibling'  ><div class=\"avia-image-container-inner\"><div class=\"avia-image-overlay-wrap\"><a href=\"https:\/\/greenshipping-niedersachsen.de\/en\/dlr\/\" class='avia_image'  aria-label='DLR-a'><img decoding=\"async\" fetchpriority=\"high\" class='wp-image-4297 avia-img-lazy-loading-not-4297 avia_image' src=\"https:\/\/greenshipping-niedersachsen.de\/wp-content\/uploads\/2022\/08\/DLR-a.png\" alt='' title='DLR-a'  height=\"135\" width=\"250\" srcset=\"https:\/\/greenshipping-niedersachsen.de\/wp-content\/uploads\/2022\/08\/DLR-a.png 250w, https:\/\/greenshipping-niedersachsen.de\/wp-content\/uploads\/2022\/08\/DLR-a-18x10.png 18w\" sizes=\"(max-width: 250px) 100vw, 250px\" \/><\/a><\/div><\/div><\/div><\/div>\n<style type=\"text\/css\" data-created_by=\"avia_inline_auto\" id=\"style-css-av-2ymbse-e3abefa3fe05008586a3e94e55adfce2\">\n.flex_column.av-2ymbse-e3abefa3fe05008586a3e94e55adfce2{\nborder-radius:0px 0px 0px 0px;\npadding:0px 0px 0px 0px;\n}\n<\/style>\n<div  class='flex_column av-2ymbse-e3abefa3fe05008586a3e94e55adfce2 av_one_fifth  avia-builder-el-21  el_after_av_one_fifth  avia-builder-el-last  no_margin flex_column_table_cell av-equal-height-column av-align-middle av-zero-column-padding  column-top-margin'     ><style type=\"text\/css\" data-created_by=\"avia_inline_auto\" id=\"style-css-av-l0ktdn65-7eeccf619097a8beb7cbc9b01332234b\">\n.avia-image-container.av-l0ktdn65-7eeccf619097a8beb7cbc9b01332234b img.avia_image{\nbox-shadow:none;\n}\n.avia-image-container.av-l0ktdn65-7eeccf619097a8beb7cbc9b01332234b .av-image-caption-overlay-center{\ncolor:#ffffff;\n}\n<\/style>\n<div  class='avia-image-container av-l0ktdn65-7eeccf619097a8beb7cbc9b01332234b av-styling-no-styling av-img-linked avia_animated_image av-animated-when-visible-95 pop-up avia-align-left  avia-builder-el-22  avia-builder-el-no-sibling'  ><div class=\"avia-image-container-inner\"><div class=\"avia-image-overlay-wrap\"><a href=\"https:\/\/greenshipping-niedersachsen.de\/en\/dlr\/\" class='avia_image'  aria-label='frauenhofer'><img decoding=\"async\" fetchpriority=\"high\" class='wp-image-4288 avia-img-lazy-loading-not-4288 avia_image' src=\"https:\/\/greenshipping-niedersachsen.de\/wp-content\/uploads\/2022\/08\/frauenhofer.png\" alt='' title='frauenhofer'  height=\"135\" width=\"250\" srcset=\"https:\/\/greenshipping-niedersachsen.de\/wp-content\/uploads\/2022\/08\/frauenhofer.png 250w, https:\/\/greenshipping-niedersachsen.de\/wp-content\/uploads\/2022\/08\/frauenhofer-18x10.png 18w\" sizes=\"(max-width: 250px) 100vw, 250px\" \/><\/a><\/div><\/div><\/div><\/div><\/div><!--close column table wrapper. Autoclose: 1 -->","protected":false},"excerpt":{"rendered":"","protected":false},"author":7,"featured_media":0,"parent":0,"menu_order":0,"comment_status":"closed","ping_status":"closed","template":"","meta":{"_price":"","_stock":"","_tribe_ticket_header":"","_tribe_default_ticket_provider":"","_tribe_ticket_capacity":"0","_ticket_start_date":"","_ticket_end_date":"","_tribe_ticket_show_description":"","_tribe_ticket_show_not_going":false,"_tribe_ticket_use_global_stock":"","_tribe_ticket_global_stock_level":"","_global_stock_mode":"","_global_stock_cap":"","_tribe_rsvp_for_event":"","_tribe_ticket_going_count":"","_tribe_ticket_not_going_count":"","_tribe_tickets_list":"[]","_tribe_ticket_has_attendee_info_fields":false,"footnotes":"","_tec_slr_enabled":"","_tec_slr_layout":""},"class_list":["post-1006","page","type-page","status-publish","hentry"],"ticketed":false,"_links":{"self":[{"href":"https:\/\/greenshipping-niedersachsen.de\/en\/wp-json\/wp\/v2\/pages\/1006","targetHints":{"allow":["GET"]}}],"collection":[{"href":"https:\/\/greenshipping-niedersachsen.de\/en\/wp-json\/wp\/v2\/pages"}],"about":[{"href":"https:\/\/greenshipping-niedersachsen.de\/en\/wp-json\/wp\/v2\/types\/page"}],"author":[{"embeddable":true,"href":"https:\/\/greenshipping-niedersachsen.de\/en\/wp-json\/wp\/v2\/users\/7"}],"replies":[{"embeddable":true,"href":"https:\/\/greenshipping-niedersachsen.de\/en\/wp-json\/wp\/v2\/comments?post=1006"}],"version-history":[{"count":7,"href":"https:\/\/greenshipping-niedersachsen.de\/en\/wp-json\/wp\/v2\/pages\/1006\/revisions"}],"predecessor-version":[{"id":4299,"href":"https:\/\/greenshipping-niedersachsen.de\/en\/wp-json\/wp\/v2\/pages\/1006\/revisions\/4299"}],"wp:attachment":[{"href":"https:\/\/greenshipping-niedersachsen.de\/en\/wp-json\/wp\/v2\/media?parent=1006"}],"curies":[{"name":"wp","href":"https:\/\/api.w.org\/{rel}","templated":true}]}}