{"id":1001,"date":"2020-11-12T13:51:04","date_gmt":"2020-11-12T12:51:04","guid":{"rendered":"https:\/\/gsn.offis.uni-oldenburg.de\/?page_id=1001"},"modified":"2022-08-10T12:51:58","modified_gmt":"2022-08-10T10:51:58","slug":"jade-hochschule","status":"publish","type":"page","link":"https:\/\/greenshipping-niedersachsen.de\/en\/jade-hochschule\/","title":{"rendered":"JADE HOCHSCHULE"},"content":{"rendered":"<div id='av_section_1'  class='avia-section av-45itf-6cf7769aa425402686265f9ad729de05 main_color avia-section-no-padding avia-no-border-styling  avia-builder-el-0  el_before_av_section  avia-builder-el-first  avia-bg-style-scroll container_wrap fullsize'  ><div class='container av-section-cont-open' ><main  class='template-page content  av-content-full alpha units'><div class='post-entry post-entry-type-page post-entry-1001'><div class='entry-content-wrapper clearfix'>\n\n\n<style type=\"text\/css\" data-created_by=\"avia_inline_auto\" id=\"style-css-av-28hebt-65dcef51cb5e253d6ffeaa94d3378881\">\n#top .av-special-heading.av-28hebt-65dcef51cb5e253d6ffeaa94d3378881{\nmargin:75px 0 0 0;\npadding-bottom:0;\n}\nbody .av-special-heading.av-28hebt-65dcef51cb5e253d6ffeaa94d3378881 .av-special-heading-tag .heading-char{\nfont-size:25px;\n}\n.av-special-heading.av-28hebt-65dcef51cb5e253d6ffeaa94d3378881 .av-subheading{\nfont-size:15px;\n}\n<\/style>\n<div  class='av-special-heading av-28hebt-65dcef51cb5e253d6ffeaa94d3378881 av-special-heading-h2 blockquote modern-quote modern-centered  avia-builder-el-2  el_after_av_codeblock  el_before_av_hr'><h2 class='av-special-heading-tag'  >JADE HOCHSCHULE<\/h2><div class=\"special-heading-border\"><div class=\"special-heading-inner-border\"><\/div><\/div><\/div>\n\n<style type=\"text\/css\" data-created_by=\"avia_inline_auto\" id=\"style-css-av-l3obr-e434c1e85daa35776c66dd75cdaa174d\">\n#top .hr.av-l3obr-e434c1e85daa35776c66dd75cdaa174d{\nmargin-top:5px;\n}\n.hr.av-l3obr-e434c1e85daa35776c66dd75cdaa174d .hr-inner{\nwidth:50px;\nborder-color:#91c85a;\n}\n<\/style>\n<div  class='hr av-l3obr-e434c1e85daa35776c66dd75cdaa174d hr-custom  avia-builder-el-3  el_after_av_heading  el_before_av_hr  hr-center hr-icon-no'><span class='hr-inner inner-border-av-border-fat'><span class=\"hr-inner-style\"><\/span><\/span><\/div>\n\n<style type=\"text\/css\" data-created_by=\"avia_inline_auto\" id=\"style-css-av-kjwycno8-c096727843ff2695292bffafe39f5056\">\n#top .hr.hr-invisible.av-kjwycno8-c096727843ff2695292bffafe39f5056{\nheight:50px;\n}\n<\/style>\n<div  class='hr av-kjwycno8-c096727843ff2695292bffafe39f5056 hr-invisible  avia-builder-el-4  el_after_av_hr  el_before_av_image'><span class='hr-inner'><span class=\"hr-inner-style\"><\/span><\/span><\/div>\n\n<style type=\"text\/css\" data-created_by=\"avia_inline_auto\" id=\"style-css-av-kheufuyb-0b4b97cd0d4843beb178cf410492f709\">\n.avia-image-container.av-kheufuyb-0b4b97cd0d4843beb178cf410492f709 img.avia_image{\nbox-shadow:none;\n}\n.avia-image-container.av-kheufuyb-0b4b97cd0d4843beb178cf410492f709 .av-image-caption-overlay-center{\ncolor:#ffffff;\n}\n<\/style>\n<div  class='avia-image-container av-kheufuyb-0b4b97cd0d4843beb178cf410492f709 av-styling- avia-align-left  avia-builder-el-5  el_after_av_hr  el_before_av_hr'  ><div class=\"avia-image-container-inner\"><div class=\"avia-image-overlay-wrap\"><img decoding=\"async\" fetchpriority=\"high\" class='wp-image-3350 avia-img-lazy-loading-not-3350 avia_image' src=\"https:\/\/greenshipping-niedersachsen.de\/wp-content\/uploads\/2021\/07\/Campus_Els2018_IMG_1632-1500x430.jpg\" alt='' title='Campus_Els2018_IMG_1632'  height=\"430\" width=\"1500\"  \/><\/div><\/div><\/div>\n\n<style type=\"text\/css\" data-created_by=\"avia_inline_auto\" id=\"style-css-av-kipy5f2p-00968a9283ef0b1f2f2d17c34ad25232\">\n#top .hr.hr-invisible.av-kipy5f2p-00968a9283ef0b1f2f2d17c34ad25232{\nheight:50px;\n}\n<\/style>\n<div  class='hr av-kipy5f2p-00968a9283ef0b1f2f2d17c34ad25232 hr-invisible  avia-builder-el-6  el_after_av_image  el_before_av_textblock'><span class='hr-inner'><span class=\"hr-inner-style\"><\/span><\/span><\/div>\n<section  class='av_textblock_section av-kheue7zi-ba094d1d7e6d284c0dd4e534d97edb0d'  ><div class='avia_textblock' ><p>Die Jade Hochschule versteht sich als eine forschende, familien- und umweltfreundliche Hochschule. In der angewandten Forschung und Entwicklung geh\u00f6rt sie mit den drei Studienorten Wilhelmshaven, Oldenburg und Elsfleth zu den leistungsstarken Fachhochschulen Deutschlands. Sie sieht ihre zukunftstr\u00e4chtigen Forschungsfelder in den Bereichen Energie und Umwelt, Gesundheit und Technik, Mobilit\u00e4t und Logistik sowie Information und Kommunikation.<\/p>\n<p><strong>Fachbereich Seefahrt und Logistik in Elsfleth<\/strong><\/p>\n<p>Der Fachbereich Seefahrt und Logistik in Elsfleth der Jade Hochschule hat eine \u00fcber 180-j\u00e4hrige Geschichte als nautische Ausbildungsst\u00e4tte und ist heute mit knapp 700 Studierenden die gr\u00f6\u00dfte maritime Hochschuleinrichtung Deutschlands. Auf dem Maritimen Campus in Elsfleth existiert ein in dieser Dichte f\u00fcr Deutschland einmaliges Angebot an Forschungs- und Weiterbildungsm\u00f6glichkeiten mit Schiffsf\u00fchrungssimulator, Man\u00f6verbecken, Offshore Trainingszentrum sowie dem weltweit einmaligen Heavy Lift Simulator.<\/p>\n<p><b>Studieng\u00e4nge in Elsfleth<\/b><\/p>\n<p>Die Bachelor-Studieng\u00e4nge Nautik und Seeverkehr, Seeverkehrs- und Hafenwirtschaft, Schiffs- und Hafenbetrieb dual oder berufsbegleitend sowie Internationales Logistikmanagement (ILM) bilden den maritimen Kern des Fachbereichs. Dar\u00fcber hinaus k\u00f6nnen Studierende den Masterstudiengang Maritime Management absolvieren. Im Rahmen dieses Studiengangs k\u00f6nnen Studierende ihr internationales Profil weiter sch\u00e4rfen und in einer Kooperation mit dem Australian Maritime College in einer verk\u00fcrzten Zeit gleich zwei international anerkannte Abschl\u00fcsse zu erwerben. F\u00fcr Studieninteressierte die zeit- und ortsunabh\u00e4ngig studieren m\u00f6chten, steht der Masterstudiengang International Maritime Management (IMM) als ein berufsbegleitendes Fernstudium, das auf Ihre individuellen Bed\u00fcrfnisse zugeschnitten ist, zur Verf\u00fcgung.<\/p>\n<p>Mit der Einwerbung mehrerer Promotionsstipendien ist jetzt am Fachbereich Seefahrt und Logistik in Elsfleth die einzigartige M\u00f6glichkeit geschaffen worden, u.a. im Verbund mit der Universit\u00e4t Oldenburg und dem OFFIS e.V. &#8211; Institut f\u00fcr Informatik, alle akademischen Abschl\u00fcsse im maritimen Bereich vom Bachelor bis zur Promotion anbieten zu k\u00f6nnen.<\/p>\n<\/div><\/section>\n\n<style type=\"text\/css\" data-created_by=\"avia_inline_auto\" id=\"style-css-av-kjwycno8-8-8f8c860f73ac35dd8801526eedb1d479\">\n#top .hr.hr-invisible.av-kjwycno8-8-8f8c860f73ac35dd8801526eedb1d479{\nheight:50px;\n}\n<\/style>\n<div  class='hr av-kjwycno8-8-8f8c860f73ac35dd8801526eedb1d479 hr-invisible  avia-builder-el-8  el_after_av_textblock  el_before_av_button'><span class='hr-inner'><span class=\"hr-inner-style\"><\/span><\/span><\/div>\n<div  class='avia-button-wrap av-kheugvb0-2653fa24e1c698cf5eac8925288c7733-wrap avia-button-left  avia-builder-el-9  el_after_av_hr  el_before_av_hr'><a href='https:\/\/www.jade-hs.de\/unsere-hochschule\/fachbereiche\/seefahrt-und-logistik\/' class='avia-button av-kheugvb0-2653fa24e1c698cf5eac8925288c7733 av-link-btn avia-icon_select-no avia-size-large avia-position-left avia-color-theme-color' target=\"_blank\" rel=\"noopener noreferrer\" aria-label=\"Zur Website\"><span class='avia_iconbox_title' >Zur Website<\/span><\/a><\/div>\n\n<style type=\"text\/css\" data-created_by=\"avia_inline_auto\" id=\"style-css-av-kjwycno8-7-e8fd5d68b376e139e2965551b1f88daa\">\n#top .hr.hr-invisible.av-kjwycno8-7-e8fd5d68b376e139e2965551b1f88daa{\nheight:50px;\n}\n<\/style>\n<div  class='hr av-kjwycno8-7-e8fd5d68b376e139e2965551b1f88daa hr-invisible  avia-builder-el-10  el_after_av_button  avia-builder-el-last'><span class='hr-inner'><span class=\"hr-inner-style\"><\/span><\/span><\/div>\n\n<\/div><\/div><\/main><!-- close content main element --><\/div><\/div>\n<style type=\"text\/css\" data-created_by=\"avia_inline_auto\" id=\"style-css-av-71kux-05b67023243d1afde74e47aef8dabebb\">\n.avia-section.av-71kux-05b67023243d1afde74e47aef8dabebb{\nbackground-color:#efefef;\nbackground-image:unset;\n}\n<\/style>\n<div id='av_section_2'  class='avia-section av-71kux-05b67023243d1afde74e47aef8dabebb main_color avia-section-default avia-no-border-styling  avia-builder-el-11  el_after_av_section  avia-builder-el-last  avia-bg-style-scroll container_wrap fullsize'  ><div class='container av-section-cont-open' ><div class='template-page content  av-content-full alpha units'><div class='post-entry post-entry-type-page post-entry-1001'><div class='entry-content-wrapper clearfix'>\n<section  class='av_textblock_section av-kipzfw9g-c172252a7cf28a27c56382915e73001e'  ><div class='avia_textblock' ><h4>Die Projektpartner:<\/h4>\n<\/div><\/section>\n<div class='flex_column_table av-30yk6x-cd1a0faafb4ed7e3f5b1ae91778460bf sc-av_one_fifth av-equal-height-column-flextable'>\n<style type=\"text\/css\" data-created_by=\"avia_inline_auto\" id=\"style-css-av-30yk6x-cd1a0faafb4ed7e3f5b1ae91778460bf\">\n.flex_column.av-30yk6x-cd1a0faafb4ed7e3f5b1ae91778460bf{\nborder-radius:0px 0px 0px 0px;\npadding:0px 0px 0px 0px;\n}\n<\/style>\n<div  class='flex_column av-30yk6x-cd1a0faafb4ed7e3f5b1ae91778460bf av_one_fifth  avia-builder-el-13  el_after_av_textblock  el_before_av_one_fifth  first no_margin flex_column_table_cell av-equal-height-column av-align-middle av-zero-column-padding  column-top-margin'     ><style type=\"text\/css\" data-created_by=\"avia_inline_auto\" id=\"style-css-av-kipzcbe2-a8059dab757e4926c9fe407a18b71e96\">\n.avia-image-container.av-kipzcbe2-a8059dab757e4926c9fe407a18b71e96 img.avia_image{\nbox-shadow:none;\n}\n.avia-image-container.av-kipzcbe2-a8059dab757e4926c9fe407a18b71e96 .av-image-caption-overlay-center{\ncolor:#ffffff;\n}\n<\/style>\n<div  class='avia-image-container av-kipzcbe2-a8059dab757e4926c9fe407a18b71e96 av-styling-no-styling av-img-linked avia_animated_image av-animated-when-visible-95 pop-up avia-align-left  avia-builder-el-14  avia-builder-el-no-sibling'  ><div class=\"avia-image-container-inner\"><div class=\"avia-image-overlay-wrap\"><a href=\"https:\/\/greenshipping-niedersachsen.de\/en\/hochschule-emden-leer\/\" class='avia_image'  aria-label='logo-header-normal'><img decoding=\"async\" fetchpriority=\"high\" class='wp-image-1199 avia-img-lazy-loading-not-1199 avia_image' src=\"https:\/\/greenshipping-niedersachsen.de\/wp-content\/uploads\/2020\/12\/logo-header-normal.png\" alt='' title='logo-header-normal'  height=\"135\" width=\"250\" srcset=\"https:\/\/greenshipping-niedersachsen.de\/wp-content\/uploads\/2020\/12\/logo-header-normal.png 250w, https:\/\/greenshipping-niedersachsen.de\/wp-content\/uploads\/2020\/12\/logo-header-normal-16x9.png 16w\" sizes=\"(max-width: 250px) 100vw, 250px\" \/><\/a><\/div><\/div><\/div><\/div>\n<style type=\"text\/css\" data-created_by=\"avia_inline_auto\" id=\"style-css-av-30yk6x-6-c74fb6076c34435ae5052ddac1d80d16\">\n.flex_column.av-30yk6x-6-c74fb6076c34435ae5052ddac1d80d16{\nborder-radius:0px 0px 0px 0px;\npadding:0px 0px 0px 0px;\n}\n<\/style>\n<div  class='flex_column av-30yk6x-6-c74fb6076c34435ae5052ddac1d80d16 av_one_fifth  avia-builder-el-15  el_after_av_one_fifth  el_before_av_one_fifth  no_margin flex_column_table_cell av-equal-height-column av-align-middle av-zero-column-padding  column-top-margin'     ><style type=\"text\/css\" data-created_by=\"avia_inline_auto\" id=\"style-css-av-kipzcbe2-5-01ab3fc6c68cafe107ebea86c091443d\">\n.avia-image-container.av-kipzcbe2-5-01ab3fc6c68cafe107ebea86c091443d img.avia_image{\nbox-shadow:none;\n}\n.avia-image-container.av-kipzcbe2-5-01ab3fc6c68cafe107ebea86c091443d .av-image-caption-overlay-center{\ncolor:#ffffff;\n}\n<\/style>\n<div  class='avia-image-container av-kipzcbe2-5-01ab3fc6c68cafe107ebea86c091443d av-styling-no-styling av-img-linked avia_animated_image av-animated-when-visible-95 pop-up avia-align-left  avia-builder-el-16  avia-builder-el-no-sibling'  ><div class=\"avia-image-container-inner\"><div class=\"avia-image-overlay-wrap\"><a href=\"https:\/\/greenshipping-niedersachsen.de\/en\/mariko-gmbh\/\" class='avia_image'  aria-label='mariko-logo'><img decoding=\"async\" fetchpriority=\"high\" class='wp-image-1201 avia-img-lazy-loading-not-1201 avia_image' src=\"https:\/\/greenshipping-niedersachsen.de\/wp-content\/uploads\/2020\/12\/mariko-logo.png\" alt='' title='mariko-logo'  height=\"135\" width=\"250\" srcset=\"https:\/\/greenshipping-niedersachsen.de\/wp-content\/uploads\/2020\/12\/mariko-logo.png 250w, https:\/\/greenshipping-niedersachsen.de\/wp-content\/uploads\/2020\/12\/mariko-logo-16x9.png 16w\" sizes=\"(max-width: 250px) 100vw, 250px\" \/><\/a><\/div><\/div><\/div><\/div>\n<style type=\"text\/css\" data-created_by=\"avia_inline_auto\" id=\"style-css-av-30yk6x-4-97840867d3ff186ec59b8626a3f1c911\">\n.flex_column.av-30yk6x-4-97840867d3ff186ec59b8626a3f1c911{\nborder-radius:0px 0px 0px 0px;\npadding:0px 0px 0px 0px;\n}\n<\/style>\n<div  class='flex_column av-30yk6x-4-97840867d3ff186ec59b8626a3f1c911 av_one_fifth  avia-builder-el-17  el_after_av_one_fifth  el_before_av_one_fifth  no_margin flex_column_table_cell av-equal-height-column av-align-middle av-zero-column-padding  column-top-margin'     ><style type=\"text\/css\" data-created_by=\"avia_inline_auto\" id=\"style-css-av-kipzcbe2-3-4782686fda28603b644f420e31754da8\">\n.avia-image-container.av-kipzcbe2-3-4782686fda28603b644f420e31754da8 img.avia_image{\nbox-shadow:none;\n}\n.avia-image-container.av-kipzcbe2-3-4782686fda28603b644f420e31754da8 .av-image-caption-overlay-center{\ncolor:#ffffff;\n}\n<\/style>\n<div  class='avia-image-container av-kipzcbe2-3-4782686fda28603b644f420e31754da8 av-styling-no-styling av-img-linked avia_animated_image av-animated-when-visible-95 pop-up avia-align-left  avia-builder-el-18  avia-builder-el-no-sibling'  ><div class=\"avia-image-container-inner\"><div class=\"avia-image-overlay-wrap\"><a href=\"https:\/\/greenshipping-niedersachsen.de\/en\/maritimes-cluster-norddeutschland-ev\/\" class='avia_image'  aria-label='mcn_logo'><img decoding=\"async\" fetchpriority=\"high\" class='wp-image-1202 avia-img-lazy-loading-not-1202 avia_image' src=\"https:\/\/greenshipping-niedersachsen.de\/wp-content\/uploads\/2020\/12\/mcn_logo.png\" alt='' title='mcn_logo'  height=\"135\" width=\"250\" srcset=\"https:\/\/greenshipping-niedersachsen.de\/wp-content\/uploads\/2020\/12\/mcn_logo.png 250w, https:\/\/greenshipping-niedersachsen.de\/wp-content\/uploads\/2020\/12\/mcn_logo-16x9.png 16w\" sizes=\"(max-width: 250px) 100vw, 250px\" \/><\/a><\/div><\/div><\/div><\/div>\n<style type=\"text\/css\" data-created_by=\"avia_inline_auto\" id=\"style-css-av-30yk6x-2-c69764a2f2771607536ddf7b06716d70\">\n.flex_column.av-30yk6x-2-c69764a2f2771607536ddf7b06716d70{\nborder-radius:0px 0px 0px 0px;\npadding:0px 0px 0px 0px;\n}\n<\/style>\n<div  class='flex_column av-30yk6x-2-c69764a2f2771607536ddf7b06716d70 av_one_fifth  avia-builder-el-19  el_after_av_one_fifth  el_before_av_one_fifth  no_margin flex_column_table_cell av-equal-height-column av-align-middle av-zero-column-padding  column-top-margin'     ><style type=\"text\/css\" data-created_by=\"avia_inline_auto\" id=\"style-css-av-kipzcbe2-1-b8211da983b7bc5b3180ce5f77f71d6b\">\n.avia-image-container.av-kipzcbe2-1-b8211da983b7bc5b3180ce5f77f71d6b img.avia_image{\nbox-shadow:none;\n}\n.avia-image-container.av-kipzcbe2-1-b8211da983b7bc5b3180ce5f77f71d6b .av-image-caption-overlay-center{\ncolor:#ffffff;\n}\n<\/style>\n<div  class='avia-image-container av-kipzcbe2-1-b8211da983b7bc5b3180ce5f77f71d6b av-styling-no-styling av-img-linked avia_animated_image av-animated-when-visible-95 pop-up avia-align-left  avia-builder-el-20  avia-builder-el-no-sibling'  ><div class=\"avia-image-container-inner\"><div class=\"avia-image-overlay-wrap\"><a href=\"https:\/\/greenshipping-niedersachsen.de\/en\/dlr\/\" class='avia_image'  aria-label='DLR-a'><img decoding=\"async\" fetchpriority=\"high\" class='wp-image-4297 avia-img-lazy-loading-not-4297 avia_image' src=\"https:\/\/greenshipping-niedersachsen.de\/wp-content\/uploads\/2022\/08\/DLR-a.png\" alt='' title='DLR-a'  height=\"135\" width=\"250\" srcset=\"https:\/\/greenshipping-niedersachsen.de\/wp-content\/uploads\/2022\/08\/DLR-a.png 250w, https:\/\/greenshipping-niedersachsen.de\/wp-content\/uploads\/2022\/08\/DLR-a-18x10.png 18w\" sizes=\"(max-width: 250px) 100vw, 250px\" \/><\/a><\/div><\/div><\/div><\/div>\n<style type=\"text\/css\" data-created_by=\"avia_inline_auto\" id=\"style-css-av-2wm3h5-390fec82e81c3ba32adeab20e6ec5b26\">\n.flex_column.av-2wm3h5-390fec82e81c3ba32adeab20e6ec5b26{\nborder-radius:0px 0px 0px 0px;\npadding:0px 0px 0px 0px;\n}\n<\/style>\n<div  class='flex_column av-2wm3h5-390fec82e81c3ba32adeab20e6ec5b26 av_one_fifth  avia-builder-el-21  el_after_av_one_fifth  avia-builder-el-last  no_margin flex_column_table_cell av-equal-height-column av-align-middle av-zero-column-padding  column-top-margin'     ><style type=\"text\/css\" data-created_by=\"avia_inline_auto\" id=\"style-css-av-l0ktuzh3-6e53ad601ca7ce90442ad119701f4e1f\">\n.avia-image-container.av-l0ktuzh3-6e53ad601ca7ce90442ad119701f4e1f img.avia_image{\nbox-shadow:none;\n}\n.avia-image-container.av-l0ktuzh3-6e53ad601ca7ce90442ad119701f4e1f .av-image-caption-overlay-center{\ncolor:#ffffff;\n}\n<\/style>\n<div  class='avia-image-container av-l0ktuzh3-6e53ad601ca7ce90442ad119701f4e1f av-styling-no-styling av-img-linked avia_animated_image av-animated-when-visible-95 pop-up avia-align-left  avia-builder-el-22  avia-builder-el-no-sibling'  ><div class=\"avia-image-container-inner\"><div class=\"avia-image-overlay-wrap\"><a href=\"https:\/\/greenshipping-niedersachsen.de\/en\/dlr\/\" class='avia_image'  aria-label='frauenhofer'><img decoding=\"async\" fetchpriority=\"high\" class='wp-image-4288 avia-img-lazy-loading-not-4288 avia_image' src=\"https:\/\/greenshipping-niedersachsen.de\/wp-content\/uploads\/2022\/08\/frauenhofer.png\" alt='' title='frauenhofer'  height=\"135\" width=\"250\" srcset=\"https:\/\/greenshipping-niedersachsen.de\/wp-content\/uploads\/2022\/08\/frauenhofer.png 250w, https:\/\/greenshipping-niedersachsen.de\/wp-content\/uploads\/2022\/08\/frauenhofer-18x10.png 18w\" sizes=\"(max-width: 250px) 100vw, 250px\" \/><\/a><\/div><\/div><\/div><\/div><\/div><!--close column table wrapper. Autoclose: 1 -->","protected":false},"excerpt":{"rendered":"","protected":false},"author":7,"featured_media":0,"parent":0,"menu_order":0,"comment_status":"closed","ping_status":"closed","template":"","meta":{"_price":"","_stock":"","_tribe_ticket_header":"","_tribe_default_ticket_provider":"","_tribe_ticket_capacity":"0","_ticket_start_date":"","_ticket_end_date":"","_tribe_ticket_show_description":"","_tribe_ticket_show_not_going":false,"_tribe_ticket_use_global_stock":"","_tribe_ticket_global_stock_level":"","_global_stock_mode":"","_global_stock_cap":"","_tribe_rsvp_for_event":"","_tribe_ticket_going_count":"","_tribe_ticket_not_going_count":"","_tribe_tickets_list":"[]","_tribe_ticket_has_attendee_info_fields":false,"footnotes":"","_tec_slr_enabled":"","_tec_slr_layout":""},"class_list":["post-1001","page","type-page","status-publish","hentry"],"ticketed":false,"_links":{"self":[{"href":"https:\/\/greenshipping-niedersachsen.de\/en\/wp-json\/wp\/v2\/pages\/1001","targetHints":{"allow":["GET"]}}],"collection":[{"href":"https:\/\/greenshipping-niedersachsen.de\/en\/wp-json\/wp\/v2\/pages"}],"about":[{"href":"https:\/\/greenshipping-niedersachsen.de\/en\/wp-json\/wp\/v2\/types\/page"}],"author":[{"embeddable":true,"href":"https:\/\/greenshipping-niedersachsen.de\/en\/wp-json\/wp\/v2\/users\/7"}],"replies":[{"embeddable":true,"href":"https:\/\/greenshipping-niedersachsen.de\/en\/wp-json\/wp\/v2\/comments?post=1001"}],"version-history":[{"count":7,"href":"https:\/\/greenshipping-niedersachsen.de\/en\/wp-json\/wp\/v2\/pages\/1001\/revisions"}],"predecessor-version":[{"id":4286,"href":"https:\/\/greenshipping-niedersachsen.de\/en\/wp-json\/wp\/v2\/pages\/1001\/revisions\/4286"}],"wp:attachment":[{"href":"https:\/\/greenshipping-niedersachsen.de\/en\/wp-json\/wp\/v2\/media?parent=1001"}],"curies":[{"name":"wp","href":"https:\/\/api.w.org\/{rel}","templated":true}]}}