{"id":1192,"date":"2020-12-03T15:04:25","date_gmt":"2020-12-03T14:04:25","guid":{"rendered":"https:\/\/gsn.offis.uni-oldenburg.de\/?page_id=1192"},"modified":"2020-12-18T13:38:00","modified_gmt":"2020-12-18T12:38:00","slug":"glossar","status":"publish","type":"page","link":"https:\/\/greenshipping-niedersachsen.de\/de\/glossar\/","title":{"rendered":"GLOSSAR"},"content":{"rendered":"\n<style type=\"text\/css\" data-created_by=\"avia_inline_auto\" id=\"style-css-av-av_heading-daa63ae3de86532d5af8f8b87ca57546\">\n#top .av-special-heading.av-av_heading-daa63ae3de86532d5af8f8b87ca57546{\npadding-bottom:10px;\n}\nbody .av-special-heading.av-av_heading-daa63ae3de86532d5af8f8b87ca57546 .av-special-heading-tag .heading-char{\nfont-size:25px;\n}\n.av-special-heading.av-av_heading-daa63ae3de86532d5af8f8b87ca57546 .av-subheading{\nfont-size:15px;\n}\n<\/style>\n<div  class='av-special-heading av-av_heading-daa63ae3de86532d5af8f8b87ca57546 av-special-heading-h2 blockquote modern-quote modern-centered  avia-builder-el-0  el_before_av_hr  avia-builder-el-first '><h2 class='av-special-heading-tag '  >Glossar<\/h2><div class=\"special-heading-border\"><div class=\"special-heading-inner-border\"><\/div><\/div><\/div>\n\n<style type=\"text\/css\" data-created_by=\"avia_inline_auto\" id=\"style-css-av-ki8voe2o-2f99f78fc3435cf6931db24c926d6db3\">\n#top .hr.av-ki8voe2o-2f99f78fc3435cf6931db24c926d6db3{\nmargin-top:5px;\nmargin-bottom:35px;\n}\n.hr.av-ki8voe2o-2f99f78fc3435cf6931db24c926d6db3 .hr-inner{\nwidth:50px;\nborder-color:#91c85a;\n}\n<\/style>\n<div  class='hr av-ki8voe2o-2f99f78fc3435cf6931db24c926d6db3 hr-custom  avia-builder-el-1  el_after_av_heading  el_before_av_toggle_container  hr-center hr-icon-no'><span class='hr-inner inner-border-av-border-fat'><span class=\"hr-inner-style\"><\/span><\/span><\/div>\n\n<style type=\"text\/css\" data-created_by=\"avia_inline_auto\" id=\"style-css-av-kircx06c-8fe5750fc8206f1957249caa23fcd2d6\">\n#top .togglecontainer.av-kircx06c-8fe5750fc8206f1957249caa23fcd2d6 p.toggler{\ncolor:#003366;\nbackground-color:#f2f2f2;\n}\n#top .togglecontainer.av-kircx06c-8fe5750fc8206f1957249caa23fcd2d6 p.toggler.activeTitle{\ncolor:#ffffff;\nborder-color:#ffffff;\nbackground-color:#003366;\n}\n#top .togglecontainer.av-kircx06c-8fe5750fc8206f1957249caa23fcd2d6 p.toggler:not(.activeTitle):hover .toggle_icon, #top .togglecontainer.av-kircx06c-8fe5750fc8206f1957249caa23fcd2d6 p.toggler:not(.activeTitle):hover .toggle_icon *{\nborder-color: !important;\n}\n#top .togglecontainer.av-kircx06c-8fe5750fc8206f1957249caa23fcd2d6 p.toggler .toggle_icon{\ncolor:#003366;\nborder-color:#003366;\n}\n#top .togglecontainer.av-kircx06c-8fe5750fc8206f1957249caa23fcd2d6 .toggle_wrap .toggle_content{\ncolor:#003366;\nbackground-color:#f2f2f2;\n}\n<\/style>\n<div  class='togglecontainer av-kircx06c-8fe5750fc8206f1957249caa23fcd2d6 av-elegant-toggle  avia-builder-el-2  el_after_av_hr  avia-builder-el-last  toggle_close_all hasCurrentStyle' >\n<section class='av_toggle_section av-9j27eg-89975c414a298091b361a23145f449f4' ><div role=\"tablist\" class=\"single_toggle\" data-tags=\"{Alle} \"  ><p id='toggle-toggle-id-1' data-fake-id='#toggle-id-1' class='toggler  activeTitle av-title-above av-inherit-font-color hasCustomColor'  role='tab' tabindex='0' aria-controls='toggle-id-1' data-slide-speed=\"200\" data-title=\"Abgasnachbehandlung\" data-title-open=\"\">Abgasnachbehandlung<span class=\"toggle_icon\"><span class=\"vert_icon\"><\/span><span class=\"hor_icon\"><\/span><\/span><\/p><div id='toggle-id-1' aria-labelledby='toggle-toggle-id-1' role='region' class='toggle_wrap  active_tc av-title-above' style='display:block;' ><div class='toggle_content invers-color av-inherit-font-color hasCustomColor' ><p class=\"accordion-content\">Mit Hilfe von Abgasnachbehandlungssystemen werden bestimmte Abgaskomponenten aus der Verbrennungsluft gefiltert.<\/p>\n<p class=\"accordion-content\">Hierzu z\u00e4hlen Systeme wie Katalysatoren zur Stickstofffilterung, Partikelfilter oder sogenannte Abgasw\u00e4scher, die Schwefeloxide aus dem Abgas filtern k\u00f6nnen. Solche Anlagen k\u00f6nnen direkt in Neubauten, aber auch als Retrofit (Modernisierung oder Ausbau bestehender Anlagen) auf Schiffen eingesetzt werden.<\/p>\n<\/div><\/div><\/div><\/section>\n<section class='av_toggle_section av-7ao1l4-953c37931661efdd0b28517a304a1f61' ><div role=\"tablist\" class=\"single_toggle\" data-tags=\"{Alle} \"  ><p id='toggle-toggle-id-2' data-fake-id='#toggle-id-2' class='toggler  av-title-above av-inherit-font-color hasCustomColor'  role='tab' tabindex='0' aria-controls='toggle-id-2' data-slide-speed=\"200\" data-title=\"Ballastwasser\" data-title-open=\"\">Ballastwasser<span class=\"toggle_icon\"><span class=\"vert_icon\"><\/span><span class=\"hor_icon\"><\/span><\/span><\/p><div id='toggle-id-2' aria-labelledby='toggle-toggle-id-2' role='region' class='toggle_wrap  av-title-above'  ><div class='toggle_content invers-color av-inherit-font-color hasCustomColor' ><p class=\"accordion-content\">Ballastwasser dient prim\u00e4r dazu, das Schiff in eine stabile Schwimmlage zu bringen, die sich je nach Ladungszustand \u00e4ndert.<\/p>\n<p class=\"accordion-content\">Hierzu wird Seewasser in einem Hafen in die Tanks gepumpt und im anderen wieder abgelassen. Problematisch ist hierbei die Tatsache, dass Organismen und Lebewesen rund um den Globus verstreut werden und das jeweilige Biosystem gest\u00f6rt oder zerst\u00f6rt werden kann.<\/p>\n<p class=\"accordion-content\">Als Gegenma\u00dfnahme gibt es Reinigungssysteme, die sowohl auf Neubauten als auch bei einem Retrofit (Modernisierung oder Ausbau bestehender Anlagen) eingesetzt werden k\u00f6nnen.<\/p>\n<\/div><\/div><\/div><\/section>\n<section class='av_toggle_section av-6cejq0-3c18c7e2ac0c9f0b63b5ff7f1fa78c8b' ><div role=\"tablist\" class=\"single_toggle\" data-tags=\"{Alle} \"  ><p id='toggle-toggle-id-3' data-fake-id='#toggle-id-3' class='toggler  av-title-above av-inherit-font-color hasCustomColor'  role='tab' tabindex='0' aria-controls='toggle-id-3' data-slide-speed=\"200\" data-title=\"Emissionen\" data-title-open=\"\">Emissionen<span class=\"toggle_icon\"><span class=\"vert_icon\"><\/span><span class=\"hor_icon\"><\/span><\/span><\/p><div id='toggle-id-3' aria-labelledby='toggle-toggle-id-3' role='region' class='toggle_wrap  av-title-above'  ><div class='toggle_content invers-color av-inherit-font-color hasCustomColor' ><p class=\"accordion-content\">Zu den Emissionen aus der motorischen Verbrennung von konventionellen Schiffstreibstoffen z\u00e4hlen Kohlenstoffdioxid (CO2), Stickoxide (NOx), Schwefeloxide (SOx) sowie Partikel.<\/p>\n<p class=\"accordion-content\">Aufgrund des negativen Einflusses auf das weltweite Klima m\u00fcssen diese verringert werden, was durch verschiedene Ma\u00dfnahmen wie verringerter Kraftstoffverbrauch, saubere Kraftstoffe oder Abgasnachbehandlungen erreicht werden kann.<\/p>\n<\/div><\/div><\/div><\/section>\n<section class='av_toggle_section av-4safyg-89caa1d9212ded949b65ea738b85d0c1' ><div role=\"tablist\" class=\"single_toggle\" data-tags=\"{Alle} \"  ><p id='toggle-toggle-id-4' data-fake-id='#toggle-id-4' class='toggler  av-title-above av-inherit-font-color hasCustomColor'  role='tab' tabindex='0' aria-controls='toggle-id-4' data-slide-speed=\"200\" data-title=\"Treibstoffe\" data-title-open=\"\">Treibstoffe<span class=\"toggle_icon\"><span class=\"vert_icon\"><\/span><span class=\"hor_icon\"><\/span><\/span><\/p><div id='toggle-id-4' aria-labelledby='toggle-toggle-id-4' role='region' class='toggle_wrap  av-title-above'  ><div class='toggle_content invers-color av-inherit-font-color hasCustomColor' ><p class=\"accordion-content\">Konventionelle Treibstoffe in der Schifffahrt sind Schwer\u00f6le und Diesel\u00f6le, die an Bord aufbereitet und in Dieselmotoren verbrannt werden.<\/p>\n<p class=\"accordion-content\">Das LNG etabliert sich Schritt f\u00fcr Schritt als eine m\u00f6gliche Variante zu den konventionellen Treibstoffen, Methanol aber auch Wasserstoff sind weitere m\u00f6gliche Alternativen.<\/p>\n<\/div><\/div><\/div><\/section>\n<section class='av_toggle_section av-39yuq0-c6fc9a28451bd28ea9b06cb7468cb653' ><div role=\"tablist\" class=\"single_toggle\" data-tags=\"{Alle} \"  ><p id='toggle-toggle-id-5' data-fake-id='#toggle-id-5' class='toggler  av-title-above av-inherit-font-color hasCustomColor'  role='tab' tabindex='0' aria-controls='toggle-id-5' data-slide-speed=\"200\" data-title=\"Unterwasserschiff\" data-title-open=\"\">Unterwasserschiff<span class=\"toggle_icon\"><span class=\"vert_icon\"><\/span><span class=\"hor_icon\"><\/span><\/span><\/p><div id='toggle-id-5' aria-labelledby='toggle-toggle-id-5' role='region' class='toggle_wrap  av-title-above'  ><div class='toggle_content invers-color av-inherit-font-color hasCustomColor' ><p>Das Unterwasserschiff stellt den Bereich des Schiffes dar, der sich unterhalb des Wassers befindet. Seine Form, die Beschichtungen und die sich darauf ablagernden organischen Stoffe haben wesentlichen Einfluss auf den Kraftstoffverbrauch eines Schiffes.<\/p>\n<p>Nicht nur bei Neubauten aber auch bei bestehenden Schiffen k\u00f6nnen hier durch innovative Ans\u00e4tze der Treibstoffverbrauch und damit die Emissionen und Kosten verringert werden.<\/p>\n<\/div><\/div><\/div><\/section>\n<\/div>\n","protected":false},"excerpt":{"rendered":"","protected":false},"author":7,"featured_media":0,"parent":0,"menu_order":0,"comment_status":"closed","ping_status":"closed","template":"","meta":{"_price":"","_stock":"","_tribe_ticket_header":"","_tribe_default_ticket_provider":"","_tribe_ticket_capacity":"0","_ticket_start_date":"","_ticket_end_date":"","_tribe_ticket_show_description":"","_tribe_ticket_show_not_going":false,"_tribe_ticket_use_global_stock":"","_tribe_ticket_global_stock_level":"","_global_stock_mode":"","_global_stock_cap":"","_tribe_rsvp_for_event":"","_tribe_ticket_going_count":"","_tribe_ticket_not_going_count":"","_tribe_tickets_list":"[]","_tribe_ticket_has_attendee_info_fields":false,"footnotes":"","_tec_slr_enabled":"","_tec_slr_layout":""},"class_list":["post-1192","page","type-page","status-publish","hentry"],"ticketed":false,"_links":{"self":[{"href":"https:\/\/greenshipping-niedersachsen.de\/de\/wp-json\/wp\/v2\/pages\/1192","targetHints":{"allow":["GET"]}}],"collection":[{"href":"https:\/\/greenshipping-niedersachsen.de\/de\/wp-json\/wp\/v2\/pages"}],"about":[{"href":"https:\/\/greenshipping-niedersachsen.de\/de\/wp-json\/wp\/v2\/types\/page"}],"author":[{"embeddable":true,"href":"https:\/\/greenshipping-niedersachsen.de\/de\/wp-json\/wp\/v2\/users\/7"}],"replies":[{"embeddable":true,"href":"https:\/\/greenshipping-niedersachsen.de\/de\/wp-json\/wp\/v2\/comments?post=1192"}],"version-history":[{"count":0,"href":"https:\/\/greenshipping-niedersachsen.de\/de\/wp-json\/wp\/v2\/pages\/1192\/revisions"}],"wp:attachment":[{"href":"https:\/\/greenshipping-niedersachsen.de\/de\/wp-json\/wp\/v2\/media?parent=1192"}],"curies":[{"name":"wp","href":"https:\/\/api.w.org\/{rel}","templated":true}]}}