{"id":1074,"date":"2020-11-12T20:38:43","date_gmt":"2020-11-12T19:38:43","guid":{"rendered":"https:\/\/gsn.offis.uni-oldenburg.de\/?page_id=1074"},"modified":"2025-12-08T16:38:07","modified_gmt":"2025-12-08T15:38:07","slug":"greenports","status":"publish","type":"page","link":"https:\/\/greenshipping-niedersachsen.de\/de\/greenports\/","title":{"rendered":"GREENPORTS"},"content":{"rendered":"\n\n<style type=\"text\/css\" data-created_by=\"avia_inline_auto\" id=\"style-css-av-ki8t4xg1-32afad5895ce9672e1b477df097a8ac1\">\n.avia-image-container.av-ki8t4xg1-32afad5895ce9672e1b477df097a8ac1 img.avia_image{\nbox-shadow:none;\n}\n.avia-image-container.av-ki8t4xg1-32afad5895ce9672e1b477df097a8ac1 .av-image-caption-overlay-center{\ncolor:#ffffff;\n}\n<\/style>\n<div  class='avia-image-container av-ki8t4xg1-32afad5895ce9672e1b477df097a8ac1 av-styling- avia-align-center  avia-builder-el-1  el_after_av_codeblock  el_before_av_heading '  ><div class=\"avia-image-container-inner\"><div class=\"avia-image-overlay-wrap\"><img decoding=\"async\" fetchpriority=\"high\" class='wp-image-5784 avia-img-lazy-loading-not-5784 avia_image ' src=\"https:\/\/greenshipping-niedersachsen.de\/wp-content\/uploads\/2025\/12\/GreenPorts_JPG-1000x430.jpg\" alt='' title='GreenPorts_JPG'  height=\"430\" width=\"1000\"  \/><\/div><\/div><\/div>\n\n<style type=\"text\/css\" data-created_by=\"avia_inline_auto\" id=\"style-css-av-3x040y-de85c2101450ebd602d4af67a6320d9a\">\n#top .av-special-heading.av-3x040y-de85c2101450ebd602d4af67a6320d9a{\npadding-bottom:0;\n}\nbody .av-special-heading.av-3x040y-de85c2101450ebd602d4af67a6320d9a .av-special-heading-tag .heading-char{\nfont-size:25px;\n}\n.av-special-heading.av-3x040y-de85c2101450ebd602d4af67a6320d9a .av-subheading{\nfont-size:15px;\n}\n<\/style>\n<div  class='av-special-heading av-3x040y-de85c2101450ebd602d4af67a6320d9a av-special-heading-h2 blockquote modern-quote modern-centered  avia-builder-el-2  el_after_av_image  el_before_av_hr '><h2 class='av-special-heading-tag '  >Greenports<\/h2><div class=\"special-heading-border\"><div class=\"special-heading-inner-border\"><\/div><\/div><\/div>\n\n<style type=\"text\/css\" data-created_by=\"avia_inline_auto\" id=\"style-css-av-il7rh-a2abe849bb34253ead99abc7a2dd00f0\">\n#top .hr.av-il7rh-a2abe849bb34253ead99abc7a2dd00f0{\nmargin-top:5px;\nmargin-bottom:35px;\n}\n.hr.av-il7rh-a2abe849bb34253ead99abc7a2dd00f0 .hr-inner{\nwidth:50px;\nborder-color:#91c85a;\n}\n<\/style>\n<div  class='hr av-il7rh-a2abe849bb34253ead99abc7a2dd00f0 hr-custom  avia-builder-el-3  el_after_av_heading  el_before_av_heading  hr-center hr-icon-no'><span class='hr-inner inner-border-av-border-fat'><span class=\"hr-inner-style\"><\/span><\/span><\/div>\n\n<style type=\"text\/css\" data-created_by=\"avia_inline_auto\" id=\"style-css-av-26sygi-2c00e7d8fde4cccf30191fd8849ee1ce\">\n#top .av-special-heading.av-26sygi-2c00e7d8fde4cccf30191fd8849ee1ce{\npadding-bottom:0;\n}\nbody .av-special-heading.av-26sygi-2c00e7d8fde4cccf30191fd8849ee1ce .av-special-heading-tag .heading-char{\nfont-size:25px;\n}\n.av-special-heading.av-26sygi-2c00e7d8fde4cccf30191fd8849ee1ce .av-subheading{\nfont-size:15px;\n}\n<\/style>\n<div  class='av-special-heading av-26sygi-2c00e7d8fde4cccf30191fd8849ee1ce av-special-heading-h3 blockquote modern-quote  avia-builder-el-4  el_after_av_hr  el_before_av_textblock '><h3 class='av-special-heading-tag '  >Nachhaltigkeit in H\u00e4fen<\/h3><div class=\"special-heading-border\"><div class=\"special-heading-inner-border\"><\/div><\/div><\/div>\n<section  class='av_textblock_section av-khf83j5n-85b001def38b3a6a73952c6691f381bf '  ><div class='avia_textblock' ><p>Im Zuge des Klimawandels und der damit einhergehenden Bedrohungen der Erderw\u00e4rmung ist auch die maritime Branche aufgefordert, ihren Beitrag zum Schutz der Umwelt zu leisten. Auch von den Seeh\u00e4fen wird eine Reaktion auf die sich wandelnden Umweltbedingungen erwartet. So haben sich im Laufe der Zeit die Begriffe GreenPorts und GreenShipping entwickelt, die f\u00fcr ein neues nachhaltiges Denken und Handeln seitens der maritimen Branche stehen. Langfristiges Ziel der H\u00e4fen muss es sein, Teil einer ganzheitlich nachhaltigen maritimen Logistikkette zu sein. Dies betrifft die Bereiche der Seschifffahrt, des Hafenumschlags sowie des Hinterlandverkehrs gleicherma\u00dfen.<\/p>\n<p>Besonders gefragt ist dabei eine zukunftsf\u00e4hige Art des Wirtschaftens, die sowohl \u00f6konomische, \u00f6kologische als auch gesellschaftliche Interessen vereint. Viele H\u00e4fen besch\u00e4ftigen sich bereits seit einigen Jahren mit verschiedensten Nachhaltigkeitsprojekten. Beispiele hierf\u00fcr sind die Nutzung alternativer Energien, die Reinigung von Unterwasserschiffen, der Einsatz von Ballastwasserreinigungsanlagen sowie ein nachhaltiges Schiffsabfall- und Wassertiefenmanagement.<\/p>\n<p>Das Kompetenzzentrum GreenShipping Niedersachsen sieht die Nachhaltigkeit in den deutschen Seeh\u00e4fen als zentrales Thema und nimmt sich diesem mit der Durchf\u00fchrung von Informationsveranstaltungen an. Langfristiges Ziel ist die Initiierung von Projekten im Bereich GreenPorts.<\/p>\n<\/div><\/section>\n\n<style type=\"text\/css\" data-created_by=\"avia_inline_auto\" id=\"style-css-av-7r36cy-f74c42c669d25671a9c4432b9e87d28c\">\n.flex_column.av-7r36cy-f74c42c669d25671a9c4432b9e87d28c{\nborder-radius:0px 0px 0px 0px;\npadding:0px 0px 0px 0px;\n}\n<\/style>\n<div  class='flex_column av-7r36cy-f74c42c669d25671a9c4432b9e87d28c av_one_fifth  avia-builder-el-6  el_after_av_textblock  el_before_av_three_fifth  first flex_column_div av-zero-column-padding  column-top-margin'     ><\/div>\n\n<style type=\"text\/css\" data-created_by=\"avia_inline_auto\" id=\"style-css-av-5aly5e-f1d297589163d09d52eb3b1ab4935085\">\n.flex_column.av-5aly5e-f1d297589163d09d52eb3b1ab4935085{\nborder-radius:0px 0px 0px 0px;\npadding:0px 0px 0px 0px;\n}\n<\/style>\n<div  class='flex_column av-5aly5e-f1d297589163d09d52eb3b1ab4935085 av_three_fifth  avia-builder-el-7  el_after_av_one_fifth  el_before_av_one_fifth  flex_column_div av-zero-column-padding  column-top-margin'     ><style type=\"text\/css\" data-created_by=\"avia_inline_auto\" id=\"style-css-av-ku2i3z7o-5388173592ea4606c33dde5d118599c4\">\n.avia-image-container.av-ku2i3z7o-5388173592ea4606c33dde5d118599c4 img.avia_image{\nbox-shadow:none;\n}\n.avia-image-container.av-ku2i3z7o-5388173592ea4606c33dde5d118599c4 .av-image-caption-overlay-center{\ncolor:#ffffff;\n}\n<\/style>\n<div  class='avia-image-container av-ku2i3z7o-5388173592ea4606c33dde5d118599c4 av-styling- av-hover-grow avia-align-center  avia-builder-el-8  avia-builder-el-no-sibling '  ><div class=\"avia-image-container-inner\"><div class=\"avia-image-overlay-wrap\"><img decoding=\"async\" fetchpriority=\"high\" class='wp-image-3540 avia-img-lazy-loading-not-3540 avia_image ' src=\"https:\/\/greenshipping-niedersachsen.de\/wp-content\/uploads\/2021\/09\/GSN_Grafik-GreenPorts.jpg\" alt='' title='GSN_Grafik-GreenPorts'  height=\"1053\" width=\"2000\" srcset=\"https:\/\/greenshipping-niedersachsen.de\/wp-content\/uploads\/2021\/09\/GSN_Grafik-GreenPorts.jpg 2000w, https:\/\/greenshipping-niedersachsen.de\/wp-content\/uploads\/2021\/09\/GSN_Grafik-GreenPorts-300x158.jpg 300w, https:\/\/greenshipping-niedersachsen.de\/wp-content\/uploads\/2021\/09\/GSN_Grafik-GreenPorts-1030x542.jpg 1030w, https:\/\/greenshipping-niedersachsen.de\/wp-content\/uploads\/2021\/09\/GSN_Grafik-GreenPorts-768x404.jpg 768w, https:\/\/greenshipping-niedersachsen.de\/wp-content\/uploads\/2021\/09\/GSN_Grafik-GreenPorts-1536x809.jpg 1536w, https:\/\/greenshipping-niedersachsen.de\/wp-content\/uploads\/2021\/09\/GSN_Grafik-GreenPorts-18x9.jpg 18w, https:\/\/greenshipping-niedersachsen.de\/wp-content\/uploads\/2021\/09\/GSN_Grafik-GreenPorts-1500x790.jpg 1500w, https:\/\/greenshipping-niedersachsen.de\/wp-content\/uploads\/2021\/09\/GSN_Grafik-GreenPorts-710x375.jpg 710w, https:\/\/greenshipping-niedersachsen.de\/wp-content\/uploads\/2021\/09\/GSN_Grafik-GreenPorts-705x371.jpg 705w\" sizes=\"(max-width: 2000px) 100vw, 2000px\" \/><\/div><\/div><\/div><\/div>\n\n<style type=\"text\/css\" data-created_by=\"avia_inline_auto\" id=\"style-css-av-43mnzm-7dce9c21a0ca59af74e31f595f89eca3\">\n.flex_column.av-43mnzm-7dce9c21a0ca59af74e31f595f89eca3{\nborder-radius:0px 0px 0px 0px;\npadding:0px 0px 0px 0px;\n}\n<\/style>\n<div  class='flex_column av-43mnzm-7dce9c21a0ca59af74e31f595f89eca3 av_one_fifth  avia-builder-el-9  el_after_av_three_fifth  el_before_av_one_full  flex_column_div av-zero-column-padding  column-top-margin'     ><\/div>\n\n<style type=\"text\/css\" data-created_by=\"avia_inline_auto\" id=\"style-css-av-khf832nc-ac8c8b469b35d3ccc25109ad5786ac35\">\n.flex_column.av-khf832nc-ac8c8b469b35d3ccc25109ad5786ac35{\nborder-width:1px;\nborder-color:#e1e1e1;\nborder-style:solid;\nborder-radius:0px 0px 0px 0px;\npadding:20px 20px 20px 20px;\nbackground-color:#fcfcfc;\n}\n<\/style>\n<div  class='flex_column av-khf832nc-ac8c8b469b35d3ccc25109ad5786ac35 av_one_full  avia-builder-el-10  el_after_av_one_fifth  el_before_av_one_full  first flex_column_div  column-top-margin'     ><p>\n<style type=\"text\/css\" data-created_by=\"avia_inline_auto\" id=\"style-css-av-kirouktz-e17dcb1e4367a3a7ceef99e0cbdc95d9\">\n#top .av-special-heading.av-kirouktz-e17dcb1e4367a3a7ceef99e0cbdc95d9{\npadding-bottom:0;\n}\nbody .av-special-heading.av-kirouktz-e17dcb1e4367a3a7ceef99e0cbdc95d9 .av-special-heading-tag .heading-char{\nfont-size:25px;\n}\n.av-special-heading.av-kirouktz-e17dcb1e4367a3a7ceef99e0cbdc95d9 .av-subheading{\nfont-size:15px;\n}\n<\/style>\n<div  class='av-special-heading av-kirouktz-e17dcb1e4367a3a7ceef99e0cbdc95d9 av-special-heading-h4 blockquote modern-quote  avia-builder-el-11  el_before_av_hr  avia-builder-el-first '><h4 class='av-special-heading-tag '  >Themen im Bereich GreenPorts sind u. a.<\/h4><div class=\"special-heading-border\"><div class=\"special-heading-inner-border\"><\/div><\/div><\/div><br \/>\n\n<style type=\"text\/css\" data-created_by=\"avia_inline_auto\" id=\"style-css-av-il7rh-812be455cc75321cf8909a7dcf8d7d00\">\n#top .hr.av-il7rh-812be455cc75321cf8909a7dcf8d7d00{\nmargin-top:5px;\nmargin-bottom:15px;\n}\n.hr.av-il7rh-812be455cc75321cf8909a7dcf8d7d00 .hr-inner{\nwidth:50px;\nborder-color:#91c85a;\n}\n<\/style>\n<div  class='hr av-il7rh-812be455cc75321cf8909a7dcf8d7d00 hr-custom  avia-builder-el-12  el_after_av_heading  el_before_av_textblock  hr-left hr-icon-no'><span class='hr-inner inner-border-av-border-fat'><span class=\"hr-inner-style\"><\/span><\/span><\/div><br \/>\n<section  class='av_textblock_section av-khf83j5n-85b001def38b3a6a73952c6691f381bf '  ><div class='avia_textblock' ><ul>\n<li>Landstromversorgung<\/li>\n<li>Zuk\u00fcnftige Energieversorgung<\/li>\n<li>Abw\u00e4sser und M\u00fcllentsorgung<\/li>\n<li>Digitalisierung<\/li>\n<li>Schiffsrecycling<\/li>\n<li>Umweltmanagement beim Hafenbetrieb\/-ausbau<\/li>\n<li>Schallschutz<\/li>\n<li>K\u00fcstenschutz<\/li>\n<li>Sedimentmanagement<\/li>\n<\/ul>\n<\/div><\/section><\/p><\/div>\n\n<style type=\"text\/css\" data-created_by=\"avia_inline_auto\" id=\"style-css-av-2tnsde-27b3d83d477cfcc03760f76bb02a18e5\">\n.flex_column.av-2tnsde-27b3d83d477cfcc03760f76bb02a18e5{\nborder-radius:0px 0px 0px 0px;\npadding:0px 0px 0px 0px;\n}\n<\/style>\n<div  class='flex_column av-2tnsde-27b3d83d477cfcc03760f76bb02a18e5 av_one_full  avia-builder-el-14  el_after_av_one_full  avia-builder-el-last  first flex_column_div av-zero-column-padding  column-top-margin'     ><\/div>\n","protected":false},"excerpt":{"rendered":"","protected":false},"author":7,"featured_media":0,"parent":0,"menu_order":0,"comment_status":"closed","ping_status":"closed","template":"","meta":{"_price":"","_stock":"","_tribe_ticket_header":"","_tribe_default_ticket_provider":"","_tribe_ticket_capacity":"0","_ticket_start_date":"","_ticket_end_date":"","_tribe_ticket_show_description":"","_tribe_ticket_show_not_going":false,"_tribe_ticket_use_global_stock":"","_tribe_ticket_global_stock_level":"","_global_stock_mode":"","_global_stock_cap":"","_tribe_rsvp_for_event":"","_tribe_ticket_going_count":"","_tribe_ticket_not_going_count":"","_tribe_tickets_list":"[]","_tribe_ticket_has_attendee_info_fields":false,"footnotes":"","_tec_slr_enabled":"","_tec_slr_layout":""},"class_list":["post-1074","page","type-page","status-publish","hentry"],"ticketed":false,"_links":{"self":[{"href":"https:\/\/greenshipping-niedersachsen.de\/de\/wp-json\/wp\/v2\/pages\/1074","targetHints":{"allow":["GET"]}}],"collection":[{"href":"https:\/\/greenshipping-niedersachsen.de\/de\/wp-json\/wp\/v2\/pages"}],"about":[{"href":"https:\/\/greenshipping-niedersachsen.de\/de\/wp-json\/wp\/v2\/types\/page"}],"author":[{"embeddable":true,"href":"https:\/\/greenshipping-niedersachsen.de\/de\/wp-json\/wp\/v2\/users\/7"}],"replies":[{"embeddable":true,"href":"https:\/\/greenshipping-niedersachsen.de\/de\/wp-json\/wp\/v2\/comments?post=1074"}],"version-history":[{"count":3,"href":"https:\/\/greenshipping-niedersachsen.de\/de\/wp-json\/wp\/v2\/pages\/1074\/revisions"}],"predecessor-version":[{"id":5800,"href":"https:\/\/greenshipping-niedersachsen.de\/de\/wp-json\/wp\/v2\/pages\/1074\/revisions\/5800"}],"wp:attachment":[{"href":"https:\/\/greenshipping-niedersachsen.de\/de\/wp-json\/wp\/v2\/media?parent=1074"}],"curies":[{"name":"wp","href":"https:\/\/api.w.org\/{rel}","templated":true}]}}