{"id":1012,"date":"2020-11-12T14:22:57","date_gmt":"2020-11-12T13:22:57","guid":{"rendered":"https:\/\/gsn.offis.uni-oldenburg.de\/?page_id=1012"},"modified":"2022-08-11T11:28:25","modified_gmt":"2022-08-11T09:28:25","slug":"dlr","status":"publish","type":"page","link":"https:\/\/greenshipping-niedersachsen.de\/de\/dlr\/","title":{"rendered":"DLR INSTITUT F\u00dcR SYSTEMS ENGINEERING F\u00dcR ZUK\u00dcNFTIGE MOBILIT\u00c4T"},"content":{"rendered":"<div id='av_section_1'  class='avia-section av-4pe23o-9d20601d458f2c661f193ab35a95cffd main_color avia-section-no-padding avia-no-border-styling  avia-builder-el-0  el_before_av_section  avia-builder-el-first  avia-bg-style-scroll container_wrap fullsize'  ><div class='container av-section-cont-open' ><main  class='template-page content  av-content-full alpha units'><div class='post-entry post-entry-type-page post-entry-1012'><div class='entry-content-wrapper clearfix'>\n\n\n<style type=\"text\/css\" data-created_by=\"avia_inline_auto\" id=\"style-css-av-2b7s04-157ea2829a0b938540f7c6d3bf46a5bf\">\n#top .av-special-heading.av-2b7s04-157ea2829a0b938540f7c6d3bf46a5bf{\nmargin:75px 0 0 0;\npadding-bottom:0;\n}\nbody .av-special-heading.av-2b7s04-157ea2829a0b938540f7c6d3bf46a5bf .av-special-heading-tag .heading-char{\nfont-size:25px;\n}\n.av-special-heading.av-2b7s04-157ea2829a0b938540f7c6d3bf46a5bf .av-subheading{\nfont-size:15px;\n}\n<\/style>\n<div  class='av-special-heading av-2b7s04-157ea2829a0b938540f7c6d3bf46a5bf av-special-heading-h2 blockquote modern-quote modern-centered  avia-builder-el-2  el_after_av_codeblock  el_before_av_hr '><h2 class='av-special-heading-tag '  >DLR INSTITUT F\u00dcR SYSTEMS ENGINEERING F\u00dcR ZUK\u00dcNFTIGE MOBILIT\u00c4T<\/h2><div class=\"special-heading-border\"><div class=\"special-heading-inner-border\"><\/div><\/div><\/div>\n\n<style type=\"text\/css\" data-created_by=\"avia_inline_auto\" id=\"style-css-av-l3obr-97b4b3a61aab306791cded7d7236bff7\">\n#top .hr.av-l3obr-97b4b3a61aab306791cded7d7236bff7{\nmargin-top:5px;\n}\n.hr.av-l3obr-97b4b3a61aab306791cded7d7236bff7 .hr-inner{\nwidth:50px;\nborder-color:#3e8d24;\n}\n<\/style>\n<div  class='hr av-l3obr-97b4b3a61aab306791cded7d7236bff7 hr-custom  avia-builder-el-3  el_after_av_heading  el_before_av_hr  hr-center hr-icon-no'><span class='hr-inner inner-border-av-border-fat'><span class=\"hr-inner-style\"><\/span><\/span><\/div>\n\n<style type=\"text\/css\" data-created_by=\"avia_inline_auto\" id=\"style-css-av-kiot1s45-c660cbf38dd672f7f9e388f9ca5a8d5b\">\n#top .hr.hr-invisible.av-kiot1s45-c660cbf38dd672f7f9e388f9ca5a8d5b{\nheight:50px;\n}\n<\/style>\n<div  class='hr av-kiot1s45-c660cbf38dd672f7f9e388f9ca5a8d5b hr-invisible  avia-builder-el-4  el_after_av_hr  el_before_av_image '><span class='hr-inner '><span class=\"hr-inner-style\"><\/span><\/span><\/div>\n\n<style type=\"text\/css\" data-created_by=\"avia_inline_auto\" id=\"style-css-av-kyllcnjt-44a7942937324fec68efde0a248b740c\">\n.avia-image-container.av-kyllcnjt-44a7942937324fec68efde0a248b740c img.avia_image{\nbox-shadow:none;\n}\n.avia-image-container.av-kyllcnjt-44a7942937324fec68efde0a248b740c .av-image-caption-overlay-center{\ncolor:#ffffff;\n}\n<\/style>\n<div  class='avia-image-container av-kyllcnjt-44a7942937324fec68efde0a248b740c av-styling- avia-align-center  avia-builder-el-5  el_after_av_hr  el_before_av_hr '  ><div class=\"avia-image-container-inner\"><div class=\"avia-image-overlay-wrap\"><img decoding=\"async\" fetchpriority=\"high\" class='wp-image-3362 avia-img-lazy-loading-not-3362 avia_image ' src=\"https:\/\/greenshipping-niedersachsen.de\/wp-content\/uploads\/2021\/07\/OFFIS_Gebaeude_Panorama.jpg\" alt='' title='OFFIS_Gebaeude_Panorama'  height=\"430\" width=\"1500\" srcset=\"https:\/\/greenshipping-niedersachsen.de\/wp-content\/uploads\/2021\/07\/OFFIS_Gebaeude_Panorama.jpg 1500w, https:\/\/greenshipping-niedersachsen.de\/wp-content\/uploads\/2021\/07\/OFFIS_Gebaeude_Panorama-300x86.jpg 300w, https:\/\/greenshipping-niedersachsen.de\/wp-content\/uploads\/2021\/07\/OFFIS_Gebaeude_Panorama-1030x295.jpg 1030w, https:\/\/greenshipping-niedersachsen.de\/wp-content\/uploads\/2021\/07\/OFFIS_Gebaeude_Panorama-768x220.jpg 768w, https:\/\/greenshipping-niedersachsen.de\/wp-content\/uploads\/2021\/07\/OFFIS_Gebaeude_Panorama-18x5.jpg 18w, https:\/\/greenshipping-niedersachsen.de\/wp-content\/uploads\/2021\/07\/OFFIS_Gebaeude_Panorama-705x202.jpg 705w\" sizes=\"(max-width: 1500px) 100vw, 1500px\" \/><\/div><\/div><\/div>\n\n<style type=\"text\/css\" data-created_by=\"avia_inline_auto\" id=\"style-css-av-kiot1s45-9-b675b4779bd698fcd50f051ff61bddb3\">\n#top .hr.hr-invisible.av-kiot1s45-9-b675b4779bd698fcd50f051ff61bddb3{\nheight:50px;\n}\n<\/style>\n<div  class='hr av-kiot1s45-9-b675b4779bd698fcd50f051ff61bddb3 hr-invisible  avia-builder-el-6  el_after_av_image  el_before_av_textblock '><span class='hr-inner '><span class=\"hr-inner-style\"><\/span><\/span><\/div>\n<section  class='av_textblock_section av-kheue7zi-337397de012616245c4e4332814aad18 '  ><div class='avia_textblock' ><p><strong>Entstehung des DLR-Institut \u201eSystems Engineering f\u00fcr zuk\u00fcnftige Mobilit\u00e4t\u201c<\/strong><\/p>\n<p>Das neue DLR-Institut \u201eSystems Engineering f\u00fcr zuk\u00fcnftige Mobilit\u00e4t\u201c in Oldenburg wurde im Juni 2020 nach Zustimmung des Senats vom Deutschen Zentrum f\u00fcr Luft- und Raumfahrt e. V. (DLR) gegr\u00fcndet. Es entstand aus einer Ausgr\u00fcndung des bisherigen Forschungsbereichs \u201eVerkehr\u201c des Informatikinstituts OFFIS und besteht seit dem 1. Januar 2022.<\/p>\n<p>Der OFFIS-Bereich \u201eVerkehr\u201c schaute in verschiedenen Forschungsprojekten auf eine langj\u00e4hrige enge und facettenreiche Zusammenarbeit mit dem DLR zur\u00fcck. Das dank OFFIS schon bestehende erfolgreiche und intensive Zusammenwirken im Kompetenzzentrum GreenShipping Niedersachsen wird durch das neue DLR-Institut nahtlos fortgesetzt und verst\u00e4rkt.<\/p>\n<p><strong>Profil<\/strong><\/p>\n<p>Das Oldenburger DLR-Institut\u00a0Systems Engineering f\u00fcr zuk\u00fcnftige Mobilit\u00e4t erforscht Methoden zur Entwicklung und Absicherung automatisierter und autonomer Verkehrssysteme der Zukunft.<\/p>\n<p>Im Fokus stehen die Entwicklung neuer effizienter Systems-Engineering-Methoden und -Werkzeuge f\u00fcr den Nachweis von Funktionalit\u00e4t (Verifikation) und Praxistauglichkeit (Validierung) sowie die Weiterentwicklung vertrauensw\u00fcrdiger Systeme. Dies ist eine wesentliche Herausforderung f\u00fcr die Einf\u00fchrung zuk\u00fcnftiger Generationen von Transportsystemen.<\/p>\n<p>In seinen drei Abteilungen &#8222;Systems Theory and Design&#8220;, &#8222;System Evolution and Operation&#8220; und nicht zuletzt &#8222;Application and Evaluation&#8220; befasst sich das Institut mit zentralen Fragestellungen zur technischen Vertrauensw\u00fcrdigkeit von integrierten Steuerungssystemen bis hin zu vollst\u00e4ndigen Transportsystemen in den Bereichen Automobil, Schifffahrt und Bahn.<\/p>\n<p><strong>Forschungsschwerpunkte<\/strong><\/p>\n<ul>\n<li>Grundlagen, Methoden, Verfahren und Werkzeuge zur Steigerung und Gew\u00e4hrleistung der technischen Vertrauensw\u00fcrdigkeit von automatisierten und autonomen Transportsystemen<\/li>\n<li>Bewertungs- und Zertifizierungsmethoden f\u00fcr die Zulassung von automatisierten und autonomen Transportsystemen<\/li>\n<li>Implementierung der Methoden in virtuellen und physischen Testfeldern<\/li>\n<li>Standards f\u00fcr automatisierte und autonome Verkehrssysteme<\/li>\n<li>Unterst\u00fctzung einer neuen Leitdisziplin &#8222;<a href=\"https:\/\/www.dlr.de\/se\/desktopdefault.aspx\/tabid-15939\/\">Autonomik<\/a>&#8222;<\/li>\n<\/ul>\n<\/div><\/section>\n\n<style type=\"text\/css\" data-created_by=\"avia_inline_auto\" id=\"style-css-av-kiot1s45-8-b985d0192c8e96d0d435671b6e3b9732\">\n#top .hr.hr-invisible.av-kiot1s45-8-b985d0192c8e96d0d435671b6e3b9732{\nheight:50px;\n}\n<\/style>\n<div  class='hr av-kiot1s45-8-b985d0192c8e96d0d435671b6e3b9732 hr-invisible  avia-builder-el-8  el_after_av_textblock  el_before_av_button '><span class='hr-inner '><span class=\"hr-inner-style\"><\/span><\/span><\/div>\n<div  class='avia-button-wrap av-kheugvb0-6d02d96a40aae424d51613fdd6859e3d-wrap avia-button-left  avia-builder-el-9  el_after_av_hr  el_before_av_hr '><a href='https:\/\/www.dlr.de\/se\/desktopdefault.aspx\/tabid-15527\/25204_read-63147\/' class='avia-button av-kheugvb0-6d02d96a40aae424d51613fdd6859e3d av-link-btn avia-icon_select-no avia-size-large avia-position-left avia-color-theme-color' target=\"_blank\" rel=\"noopener noreferrer\" aria-label=\"Zur Website\"><span class='avia_iconbox_title' >Zur Website<\/span><\/a><\/div>\n\n<style type=\"text\/css\" data-created_by=\"avia_inline_auto\" id=\"style-css-av-kiot1s45-7-3fcac28e408da9eee481ff79f1d8dea4\">\n#top .hr.hr-invisible.av-kiot1s45-7-3fcac28e408da9eee481ff79f1d8dea4{\nheight:50px;\n}\n<\/style>\n<div  class='hr av-kiot1s45-7-3fcac28e408da9eee481ff79f1d8dea4 hr-invisible  avia-builder-el-10  el_after_av_button  avia-builder-el-last '><span class='hr-inner '><span class=\"hr-inner-style\"><\/span><\/span><\/div>\n<\/div><\/div><\/main><!-- close content main element --><\/div><\/div>\n<style type=\"text\/css\" data-created_by=\"avia_inline_auto\" id=\"style-css-av-71kux-05b67023243d1afde74e47aef8dabebb\">\n.avia-section.av-71kux-05b67023243d1afde74e47aef8dabebb{\nbackground-color:#efefef;\nbackground-image:unset;\n}\n<\/style>\n<div id='av_section_2'  class='avia-section av-71kux-05b67023243d1afde74e47aef8dabebb main_color avia-section-default avia-no-border-styling  avia-builder-el-11  el_after_av_section  avia-builder-el-last  avia-bg-style-scroll container_wrap fullsize'  ><div class='container av-section-cont-open' ><div class='template-page content  av-content-full alpha units'><div class='post-entry post-entry-type-page post-entry-1012'><div class='entry-content-wrapper clearfix'>\n<section  class='av_textblock_section av-kipzfw9g-c172252a7cf28a27c56382915e73001e '  ><div class='avia_textblock' ><h4>Die Projektpartner:<\/h4>\n<\/div><\/section>\n<div class='flex_column_table av-30yk6x-70205f043b3eebf0b5150a1897e376db sc-av_one_fifth av-equal-height-column-flextable'>\n<style type=\"text\/css\" data-created_by=\"avia_inline_auto\" id=\"style-css-av-30yk6x-70205f043b3eebf0b5150a1897e376db\">\n.flex_column.av-30yk6x-70205f043b3eebf0b5150a1897e376db{\nborder-radius:0px 0px 0px 0px;\npadding:0px 0px 0px 0px;\n}\n<\/style>\n<div  class='flex_column av-30yk6x-70205f043b3eebf0b5150a1897e376db av_one_fifth  avia-builder-el-13  el_after_av_textblock  el_before_av_one_fifth  first flex_column_table_cell av-equal-height-column av-align-middle av-zero-column-padding  column-top-margin'     ><style type=\"text\/css\" data-created_by=\"avia_inline_auto\" id=\"style-css-av-kipzcbe2-ece7982bb23e1493055d651a4685890f\">\n.avia-image-container.av-kipzcbe2-ece7982bb23e1493055d651a4685890f img.avia_image{\nbox-shadow:none;\n}\n.avia-image-container.av-kipzcbe2-ece7982bb23e1493055d651a4685890f .av-image-caption-overlay-center{\ncolor:#ffffff;\n}\n<\/style>\n<div  class='avia-image-container av-kipzcbe2-ece7982bb23e1493055d651a4685890f av-styling-no-styling av-img-linked avia_animated_image av-animated-when-visible-95 pop-up avia-align-left  avia-builder-el-14  avia-builder-el-no-sibling '  ><div class=\"avia-image-container-inner\"><div class=\"avia-image-overlay-wrap\"><a href=\"https:\/\/greenshipping-niedersachsen.de\/de\/jade-hochschule\/\" class='avia_image '  aria-label='jadehs-logo'><img decoding=\"async\" fetchpriority=\"high\" class='wp-image-1200 avia-img-lazy-loading-not-1200 avia_image ' src=\"https:\/\/greenshipping-niedersachsen.de\/wp-content\/uploads\/2020\/12\/jadehs-logo.png\" alt='' title='jadehs-logo'  height=\"135\" width=\"250\" srcset=\"https:\/\/greenshipping-niedersachsen.de\/wp-content\/uploads\/2020\/12\/jadehs-logo.png 250w, https:\/\/greenshipping-niedersachsen.de\/wp-content\/uploads\/2020\/12\/jadehs-logo-16x9.png 16w\" sizes=\"(max-width: 250px) 100vw, 250px\" \/><\/a><\/div><\/div><\/div><\/div><div class='av-flex-placeholder'><\/div>\n<style type=\"text\/css\" data-created_by=\"avia_inline_auto\" id=\"style-css-av-30yk6x-6-22e55804f92d12f1b210bfa77222e9fd\">\n.flex_column.av-30yk6x-6-22e55804f92d12f1b210bfa77222e9fd{\nborder-radius:0px 0px 0px 0px;\npadding:0px 0px 0px 0px;\n}\n<\/style>\n<div  class='flex_column av-30yk6x-6-22e55804f92d12f1b210bfa77222e9fd av_one_fifth  avia-builder-el-15  el_after_av_one_fifth  el_before_av_one_fifth  flex_column_table_cell av-equal-height-column av-align-middle av-zero-column-padding  column-top-margin'     ><style type=\"text\/css\" data-created_by=\"avia_inline_auto\" id=\"style-css-av-kipzcbe2-5-81678772a1727a5ec0cbaf1bcf29d97c\">\n.avia-image-container.av-kipzcbe2-5-81678772a1727a5ec0cbaf1bcf29d97c img.avia_image{\nbox-shadow:none;\n}\n.avia-image-container.av-kipzcbe2-5-81678772a1727a5ec0cbaf1bcf29d97c .av-image-caption-overlay-center{\ncolor:#ffffff;\n}\n<\/style>\n<div  class='avia-image-container av-kipzcbe2-5-81678772a1727a5ec0cbaf1bcf29d97c av-styling-no-styling av-img-linked avia_animated_image av-animated-when-visible-95 pop-up avia-align-left  avia-builder-el-16  avia-builder-el-no-sibling '  ><div class=\"avia-image-container-inner\"><div class=\"avia-image-overlay-wrap\"><a href=\"https:\/\/greenshipping-niedersachsen.de\/de\/hochschule-emden-leer\/\" class='avia_image '  aria-label='logo-header-normal'><img decoding=\"async\" fetchpriority=\"high\" class='wp-image-1199 avia-img-lazy-loading-not-1199 avia_image ' src=\"https:\/\/greenshipping-niedersachsen.de\/wp-content\/uploads\/2020\/12\/logo-header-normal.png\" alt='' title='logo-header-normal'  height=\"135\" width=\"250\" srcset=\"https:\/\/greenshipping-niedersachsen.de\/wp-content\/uploads\/2020\/12\/logo-header-normal.png 250w, https:\/\/greenshipping-niedersachsen.de\/wp-content\/uploads\/2020\/12\/logo-header-normal-16x9.png 16w\" sizes=\"(max-width: 250px) 100vw, 250px\" \/><\/a><\/div><\/div><\/div><\/div><div class='av-flex-placeholder'><\/div>\n<style type=\"text\/css\" data-created_by=\"avia_inline_auto\" id=\"style-css-av-30yk6x-4-97840867d3ff186ec59b8626a3f1c911\">\n.flex_column.av-30yk6x-4-97840867d3ff186ec59b8626a3f1c911{\nborder-radius:0px 0px 0px 0px;\npadding:0px 0px 0px 0px;\n}\n<\/style>\n<div  class='flex_column av-30yk6x-4-97840867d3ff186ec59b8626a3f1c911 av_one_fifth  avia-builder-el-17  el_after_av_one_fifth  el_before_av_one_fifth  flex_column_table_cell av-equal-height-column av-align-middle av-zero-column-padding  column-top-margin'     ><style type=\"text\/css\" data-created_by=\"avia_inline_auto\" id=\"style-css-av-kipzcbe2-3-0e2285afc86efc14a2824ac090cc60d5\">\n.avia-image-container.av-kipzcbe2-3-0e2285afc86efc14a2824ac090cc60d5 img.avia_image{\nbox-shadow:none;\n}\n.avia-image-container.av-kipzcbe2-3-0e2285afc86efc14a2824ac090cc60d5 .av-image-caption-overlay-center{\ncolor:#ffffff;\n}\n<\/style>\n<div  class='avia-image-container av-kipzcbe2-3-0e2285afc86efc14a2824ac090cc60d5 av-styling-no-styling av-img-linked avia_animated_image av-animated-when-visible-95 pop-up avia-align-left  avia-builder-el-18  avia-builder-el-no-sibling '  ><div class=\"avia-image-container-inner\"><div class=\"avia-image-overlay-wrap\"><a href=\"https:\/\/greenshipping-niedersachsen.de\/de\/mariko-gmbh\/\" class='avia_image '  aria-label='mariko-logo'><img decoding=\"async\" fetchpriority=\"high\" class='wp-image-1201 avia-img-lazy-loading-not-1201 avia_image ' src=\"https:\/\/greenshipping-niedersachsen.de\/wp-content\/uploads\/2020\/12\/mariko-logo.png\" alt='' title='mariko-logo'  height=\"135\" width=\"250\" srcset=\"https:\/\/greenshipping-niedersachsen.de\/wp-content\/uploads\/2020\/12\/mariko-logo.png 250w, https:\/\/greenshipping-niedersachsen.de\/wp-content\/uploads\/2020\/12\/mariko-logo-16x9.png 16w\" sizes=\"(max-width: 250px) 100vw, 250px\" \/><\/a><\/div><\/div><\/div><\/div><div class='av-flex-placeholder'><\/div>\n<style type=\"text\/css\" data-created_by=\"avia_inline_auto\" id=\"style-css-av-30yk6x-2-c69764a2f2771607536ddf7b06716d70\">\n.flex_column.av-30yk6x-2-c69764a2f2771607536ddf7b06716d70{\nborder-radius:0px 0px 0px 0px;\npadding:0px 0px 0px 0px;\n}\n<\/style>\n<div  class='flex_column av-30yk6x-2-c69764a2f2771607536ddf7b06716d70 av_one_fifth  avia-builder-el-19  el_after_av_one_fifth  el_before_av_one_fifth  flex_column_table_cell av-equal-height-column av-align-middle av-zero-column-padding  column-top-margin'     ><style type=\"text\/css\" data-created_by=\"avia_inline_auto\" id=\"style-css-av-kipzcbe2-1-9a41e4a1284405d2537d9e8709a862c8\">\n.avia-image-container.av-kipzcbe2-1-9a41e4a1284405d2537d9e8709a862c8 img.avia_image{\nbox-shadow:none;\n}\n.avia-image-container.av-kipzcbe2-1-9a41e4a1284405d2537d9e8709a862c8 .av-image-caption-overlay-center{\ncolor:#ffffff;\n}\n<\/style>\n<div  class='avia-image-container av-kipzcbe2-1-9a41e4a1284405d2537d9e8709a862c8 av-styling-no-styling av-img-linked avia_animated_image av-animated-when-visible-95 pop-up avia-align-left  avia-builder-el-20  avia-builder-el-no-sibling '  ><div class=\"avia-image-container-inner\"><div class=\"avia-image-overlay-wrap\"><a href=\"https:\/\/greenshipping-niedersachsen.de\/de\/maritimes-cluster-norddeutschland-ev\/\" class='avia_image '  aria-label='mcn_logo'><img decoding=\"async\" fetchpriority=\"high\" class='wp-image-1202 avia-img-lazy-loading-not-1202 avia_image ' src=\"https:\/\/greenshipping-niedersachsen.de\/wp-content\/uploads\/2020\/12\/mcn_logo.png\" alt='' title='mcn_logo'  height=\"135\" width=\"250\" srcset=\"https:\/\/greenshipping-niedersachsen.de\/wp-content\/uploads\/2020\/12\/mcn_logo.png 250w, https:\/\/greenshipping-niedersachsen.de\/wp-content\/uploads\/2020\/12\/mcn_logo-16x9.png 16w\" sizes=\"(max-width: 250px) 100vw, 250px\" \/><\/a><\/div><\/div><\/div><\/div><div class='av-flex-placeholder'><\/div>\n<style type=\"text\/css\" data-created_by=\"avia_inline_auto\" id=\"style-css-av-2qumck-de536034ee5027274dbdbf11623bb087\">\n.flex_column.av-2qumck-de536034ee5027274dbdbf11623bb087{\nborder-radius:0px 0px 0px 0px;\npadding:0px 0px 0px 0px;\n}\n<\/style>\n<div  class='flex_column av-2qumck-de536034ee5027274dbdbf11623bb087 av_one_fifth  avia-builder-el-21  el_after_av_one_fifth  avia-builder-el-last  flex_column_table_cell av-equal-height-column av-align-middle av-zero-column-padding  column-top-margin'     ><style type=\"text\/css\" data-created_by=\"avia_inline_auto\" id=\"style-css-av-l0ktt12g-ac3d9f9d6d7bad2ae3e4e8d6bb610fc8\">\n.avia-image-container.av-l0ktt12g-ac3d9f9d6d7bad2ae3e4e8d6bb610fc8 img.avia_image{\nbox-shadow:none;\n}\n.avia-image-container.av-l0ktt12g-ac3d9f9d6d7bad2ae3e4e8d6bb610fc8 .av-image-caption-overlay-center{\ncolor:#ffffff;\n}\n<\/style>\n<div  class='avia-image-container av-l0ktt12g-ac3d9f9d6d7bad2ae3e4e8d6bb610fc8 av-styling-no-styling av-img-linked avia_animated_image av-animated-when-visible-95 pop-up avia-align-left  avia-builder-el-22  avia-builder-el-no-sibling '  ><div class=\"avia-image-container-inner\"><div class=\"avia-image-overlay-wrap\"><a href=\"https:\/\/greenshipping-niedersachsen.de\/de\/maritimes-cluster-norddeutschland-ev\/\" class='avia_image '  aria-label='frauenhofer'><img decoding=\"async\" fetchpriority=\"high\" class='wp-image-4288 avia-img-lazy-loading-not-4288 avia_image ' src=\"https:\/\/greenshipping-niedersachsen.de\/wp-content\/uploads\/2022\/08\/frauenhofer.png\" alt='' title='frauenhofer'  height=\"135\" width=\"250\" srcset=\"https:\/\/greenshipping-niedersachsen.de\/wp-content\/uploads\/2022\/08\/frauenhofer.png 250w, https:\/\/greenshipping-niedersachsen.de\/wp-content\/uploads\/2022\/08\/frauenhofer-18x10.png 18w\" sizes=\"(max-width: 250px) 100vw, 250px\" \/><\/a><\/div><\/div><\/div><\/div><\/div><!--close column table wrapper. Autoclose: 1 -->\n<\/p>\n","protected":false},"excerpt":{"rendered":"","protected":false},"author":7,"featured_media":0,"parent":0,"menu_order":0,"comment_status":"closed","ping_status":"closed","template":"","meta":{"_price":"","_stock":"","_tribe_ticket_header":"","_tribe_default_ticket_provider":"","_tribe_ticket_capacity":"0","_ticket_start_date":"","_ticket_end_date":"","_tribe_ticket_show_description":"","_tribe_ticket_show_not_going":false,"_tribe_ticket_use_global_stock":"","_tribe_ticket_global_stock_level":"","_global_stock_mode":"","_global_stock_cap":"","_tribe_rsvp_for_event":"","_tribe_ticket_going_count":"","_tribe_ticket_not_going_count":"","_tribe_tickets_list":"[]","_tribe_ticket_has_attendee_info_fields":false,"footnotes":"","_tec_slr_enabled":"","_tec_slr_layout":""},"class_list":["post-1012","page","type-page","status-publish","hentry"],"ticketed":false,"_links":{"self":[{"href":"https:\/\/greenshipping-niedersachsen.de\/de\/wp-json\/wp\/v2\/pages\/1012","targetHints":{"allow":["GET"]}}],"collection":[{"href":"https:\/\/greenshipping-niedersachsen.de\/de\/wp-json\/wp\/v2\/pages"}],"about":[{"href":"https:\/\/greenshipping-niedersachsen.de\/de\/wp-json\/wp\/v2\/types\/page"}],"author":[{"embeddable":true,"href":"https:\/\/greenshipping-niedersachsen.de\/de\/wp-json\/wp\/v2\/users\/7"}],"replies":[{"embeddable":true,"href":"https:\/\/greenshipping-niedersachsen.de\/de\/wp-json\/wp\/v2\/comments?post=1012"}],"version-history":[{"count":21,"href":"https:\/\/greenshipping-niedersachsen.de\/de\/wp-json\/wp\/v2\/pages\/1012\/revisions"}],"predecessor-version":[{"id":3792,"href":"https:\/\/greenshipping-niedersachsen.de\/de\/wp-json\/wp\/v2\/pages\/1012\/revisions\/3792"}],"wp:attachment":[{"href":"https:\/\/greenshipping-niedersachsen.de\/de\/wp-json\/wp\/v2\/media?parent=1012"}],"curies":[{"name":"wp","href":"https:\/\/api.w.org\/{rel}","templated":true}]}}