{"id":1010,"date":"2020-11-12T14:17:47","date_gmt":"2020-11-12T13:17:47","guid":{"rendered":"https:\/\/gsn.offis.uni-oldenburg.de\/?page_id=1010"},"modified":"2022-08-10T12:50:18","modified_gmt":"2022-08-10T10:50:18","slug":"maritimes-cluster-norddeutschland-ev","status":"publish","type":"page","link":"https:\/\/greenshipping-niedersachsen.de\/de\/maritimes-cluster-norddeutschland-ev\/","title":{"rendered":"MARITIMES CLUSTER NORDDEUTSCHLAND E.V."},"content":{"rendered":"<div id='av_section_1'  class='avia-section av-45itf-6cf7769aa425402686265f9ad729de05 main_color avia-section-no-padding avia-no-border-styling  avia-builder-el-0  el_before_av_section  avia-builder-el-first  avia-bg-style-scroll container_wrap fullsize'  ><div class='container av-section-cont-open' ><main  class='template-page content  av-content-full alpha units'><div class='post-entry post-entry-type-page post-entry-1010'><div class='entry-content-wrapper clearfix'>\n\n\n<style type=\"text\/css\" data-created_by=\"avia_inline_auto\" id=\"style-css-av-2bkf8y-ade898e6a955c204a13de142ce142c00\">\n#top .av-special-heading.av-2bkf8y-ade898e6a955c204a13de142ce142c00{\nmargin:75px 0 0 0;\npadding-bottom:0;\n}\nbody .av-special-heading.av-2bkf8y-ade898e6a955c204a13de142ce142c00 .av-special-heading-tag .heading-char{\nfont-size:25px;\n}\n.av-special-heading.av-2bkf8y-ade898e6a955c204a13de142ce142c00 .av-subheading{\nfont-size:15px;\n}\n<\/style>\n<div  class='av-special-heading av-2bkf8y-ade898e6a955c204a13de142ce142c00 av-special-heading-h2 blockquote modern-quote modern-centered  avia-builder-el-2  el_after_av_codeblock  el_before_av_hr '><h2 class='av-special-heading-tag '  >MARITIMES CLUSTER NORDDEUTSCHLAND E.V.<\/h2><div class=\"special-heading-border\"><div class=\"special-heading-inner-border\"><\/div><\/div><\/div>\n\n<style type=\"text\/css\" data-created_by=\"avia_inline_auto\" id=\"style-css-av-l3obr-97b4b3a61aab306791cded7d7236bff7\">\n#top .hr.av-l3obr-97b4b3a61aab306791cded7d7236bff7{\nmargin-top:5px;\n}\n.hr.av-l3obr-97b4b3a61aab306791cded7d7236bff7 .hr-inner{\nwidth:50px;\nborder-color:#3e8d24;\n}\n<\/style>\n<div  class='hr av-l3obr-97b4b3a61aab306791cded7d7236bff7 hr-custom  avia-builder-el-3  el_after_av_heading  el_before_av_hr  hr-center hr-icon-no'><span class='hr-inner inner-border-av-border-fat'><span class=\"hr-inner-style\"><\/span><\/span><\/div>\n\n<style type=\"text\/css\" data-created_by=\"avia_inline_auto\" id=\"style-css-av-kiosxejx-e0960fe30be635cdf37f9dabff208c2c\">\n#top .hr.hr-invisible.av-kiosxejx-e0960fe30be635cdf37f9dabff208c2c{\nheight:50px;\n}\n<\/style>\n<div  class='hr av-kiosxejx-e0960fe30be635cdf37f9dabff208c2c hr-invisible  avia-builder-el-4  el_after_av_hr  el_before_av_image '><span class='hr-inner '><span class=\"hr-inner-style\"><\/span><\/span><\/div>\n\n<style type=\"text\/css\" data-created_by=\"avia_inline_auto\" id=\"style-css-av-kiosnrpm-d1bba47737c42b0047d3a75263ba5e18\">\n.avia-image-container.av-kiosnrpm-d1bba47737c42b0047d3a75263ba5e18 img.avia_image{\nbox-shadow:none;\n}\n.avia-image-container.av-kiosnrpm-d1bba47737c42b0047d3a75263ba5e18 .av-image-caption-overlay-center{\ncolor:#ffffff;\n}\n<\/style>\n<div  class='avia-image-container av-kiosnrpm-d1bba47737c42b0047d3a75263ba5e18 av-styling- avia-align-left  avia-builder-el-5  el_after_av_hr  el_before_av_hr '  ><div class=\"avia-image-container-inner\"><div class=\"avia-image-overlay-wrap\"><img decoding=\"async\" fetchpriority=\"high\" class='wp-image-2863 avia-img-lazy-loading-not-2863 avia_image ' src=\"https:\/\/greenshipping-niedersachsen.de\/wp-content\/uploads\/2021\/05\/MCN-CR-free-photos-pixabay-1500x630.jpg\" alt='' title='MCN-CR-free-photos-pixabay'  height=\"630\" width=\"1500\"  \/><\/div><\/div><\/div>\n\n<style type=\"text\/css\" data-created_by=\"avia_inline_auto\" id=\"style-css-av-kiosxejx-e0960fe30be635cdf37f9dabff208c2c\">\n#top .hr.hr-invisible.av-kiosxejx-e0960fe30be635cdf37f9dabff208c2c{\nheight:50px;\n}\n<\/style>\n<div  class='hr av-kiosxejx-e0960fe30be635cdf37f9dabff208c2c hr-invisible  avia-builder-el-6  el_after_av_image  el_before_av_textblock '><span class='hr-inner '><span class=\"hr-inner-style\"><\/span><\/span><\/div>\n<section  class='av_textblock_section av-kheue7zi-d41e8e2f77109e79810226ab49a75053 '  ><div class='avia_textblock' ><p><strong>Das Netzwerk f\u00fcr die maritime Branche<\/strong><\/p>\n<p>Schiffbau, Zulieferer, Meerestechnik, Schifffahrt, Offshore und mehr: Die maritime Wirtschaft hat viele Facetten \u2013 und enormes Zukunftspotenzial. Sie ist eine Schl\u00fcsselbranche im Norden und bestimmt dessen wirtschaftliche Entwicklung wesentlich mit.<\/p>\n<p>Der Verein Maritimes Cluster Norddeutschland (MCN) f\u00f6rdert und st\u00e4rkt die Zusammenarbeit in der Branche. Wir b\u00fcndeln Kr\u00e4fte, bundesland\u00fcbergreifend. Wir f\u00f6rdern Kooperationen und Innovationen, sektor\u00fcbergreifend. Wir unterst\u00fctzten unter anderem bei der Suche nach Innovationspartnern, beraten zu F\u00f6rderprogrammen und vermitteln Kontakte in die maritime Branche.<\/p>\n<p><strong>Regional und l\u00e4nder\u00fcbergreifend aktiv<\/strong><\/p>\n<p>Das MCN ist ein maritimes Netzwerk mit mehr als 350 Mitgliedern aus Wirtschaft, Wissenschaft und Politik. Mit Gesch\u00e4ftsstellen in Bremen, Hamburg, Niedersachsen, Mecklenburg-Vorpommern und Schleswig-Holstein sind wir vor Ort. Denn wir wissen: Nur im fortw\u00e4hrenden Dialog mit allen Akteuren k\u00f6nnen wir herausfinden, welchen Kurs wir setzen, welche Schleusen wir \u00f6ffnen, welche H\u00e4fen wir anlaufen m\u00fcssen.<\/p>\n<p>Das Maritime Cluster Norddeutschland wurde 2011 gegr\u00fcndet. Zun\u00e4chst arbeiteten die L\u00e4nder Hamburg, Niedersachsen und Schleswig-Holstein in dem l\u00e4nder\u00fcbergreifenden Cluster zusammen, im September 2014 kamen auch Bremen und Mecklenburg-Vorpommern hinzu. Seit Anfang 2017 agiert das MCN als Verein.<\/p>\n<p><strong>Informationen zur Mitgliedschaft<\/strong><\/p>\n<p>Informationen zur Mitgliedschaft im Maritimen Cluster Norddeutschland finden Sie\u00a0<a href=\"https:\/\/www.maritimes-cluster.de\/mitglieder\/informationen-zur-mitgliedschaft\/\" target=\"_blank\" rel=\"noopener noreferrer\">hier<\/a>\u00a0sowie in unserer\u00a0<a href=\"https:\/\/www.maritimes-cluster.de\/fileadmin\/user_upload\/Downloads\/MCN-Satzung-2019-06.pdf\" target=\"_blank\" rel=\"noopener noreferrer\">Vereinssatzung<\/a>\u00a0und der\u00a0<a href=\"https:\/\/www.maritimes-cluster.de\/fileadmin\/user_upload\/Downloads\/MCN-Finanzordnung-2019-06.pdf\" target=\"_blank\" rel=\"noopener noreferrer\">Finanzordnung<\/a>.<\/p>\n<\/div><\/section>\n\n<style type=\"text\/css\" data-created_by=\"avia_inline_auto\" id=\"style-css-av-kiosxejx-e0960fe30be635cdf37f9dabff208c2c\">\n#top .hr.hr-invisible.av-kiosxejx-e0960fe30be635cdf37f9dabff208c2c{\nheight:50px;\n}\n<\/style>\n<div  class='hr av-kiosxejx-e0960fe30be635cdf37f9dabff208c2c hr-invisible  avia-builder-el-8  el_after_av_textblock  el_before_av_button '><span class='hr-inner '><span class=\"hr-inner-style\"><\/span><\/span><\/div>\n<div  class='avia-button-wrap av-kheugvb0-c37faa1cd30df4d255be78069a0b6f18-wrap avia-button-left  avia-builder-el-9  el_after_av_hr  el_before_av_hr '><a href='https:\/\/www.maritimes-cluster.de\/' class='avia-button av-kheugvb0-c37faa1cd30df4d255be78069a0b6f18 av-link-btn avia-icon_select-no avia-size-large avia-position-left avia-color-theme-color' target=\"_blank\" rel=\"noopener noreferrer\" aria-label=\"Zur Website\"><span class='avia_iconbox_title' >Zur Website<\/span><\/a><\/div>\n\n<style type=\"text\/css\" data-created_by=\"avia_inline_auto\" id=\"style-css-av-kiosxejx-e0960fe30be635cdf37f9dabff208c2c\">\n#top .hr.hr-invisible.av-kiosxejx-e0960fe30be635cdf37f9dabff208c2c{\nheight:50px;\n}\n<\/style>\n<div  class='hr av-kiosxejx-e0960fe30be635cdf37f9dabff208c2c hr-invisible  avia-builder-el-10  el_after_av_button  avia-builder-el-last '><span class='hr-inner '><span class=\"hr-inner-style\"><\/span><\/span><\/div>\n\n<\/div><\/div><\/main><!-- close content main element --><\/div><\/div>\n<style type=\"text\/css\" data-created_by=\"avia_inline_auto\" id=\"style-css-av-71kux-05b67023243d1afde74e47aef8dabebb\">\n.avia-section.av-71kux-05b67023243d1afde74e47aef8dabebb{\nbackground-color:#efefef;\nbackground-image:unset;\n}\n<\/style>\n<div id='av_section_2'  class='avia-section av-71kux-05b67023243d1afde74e47aef8dabebb main_color avia-section-default avia-no-border-styling  avia-builder-el-11  el_after_av_section  avia-builder-el-last  avia-bg-style-scroll container_wrap fullsize'  ><div class='container av-section-cont-open' ><div class='template-page content  av-content-full alpha units'><div class='post-entry post-entry-type-page post-entry-1010'><div class='entry-content-wrapper clearfix'>\n<section  class='av_textblock_section av-kipzfw9g-c172252a7cf28a27c56382915e73001e '  ><div class='avia_textblock' ><h4>Die Projektpartner:<\/h4>\n<\/div><\/section>\n<div class='flex_column_table av-30yk6x-70205f043b3eebf0b5150a1897e376db sc-av_one_fifth av-equal-height-column-flextable'>\n<style type=\"text\/css\" data-created_by=\"avia_inline_auto\" id=\"style-css-av-30yk6x-70205f043b3eebf0b5150a1897e376db\">\n.flex_column.av-30yk6x-70205f043b3eebf0b5150a1897e376db{\nborder-radius:0px 0px 0px 0px;\npadding:0px 0px 0px 0px;\n}\n<\/style>\n<div  class='flex_column av-30yk6x-70205f043b3eebf0b5150a1897e376db av_one_fifth  avia-builder-el-13  el_after_av_textblock  el_before_av_one_fifth  first flex_column_table_cell av-equal-height-column av-align-middle av-zero-column-padding  column-top-margin'     ><style type=\"text\/css\" data-created_by=\"avia_inline_auto\" id=\"style-css-av-kipzcbe2-ece7982bb23e1493055d651a4685890f\">\n.avia-image-container.av-kipzcbe2-ece7982bb23e1493055d651a4685890f img.avia_image{\nbox-shadow:none;\n}\n.avia-image-container.av-kipzcbe2-ece7982bb23e1493055d651a4685890f .av-image-caption-overlay-center{\ncolor:#ffffff;\n}\n<\/style>\n<div  class='avia-image-container av-kipzcbe2-ece7982bb23e1493055d651a4685890f av-styling-no-styling av-img-linked avia_animated_image av-animated-when-visible-95 pop-up avia-align-left  avia-builder-el-14  avia-builder-el-no-sibling '  ><div class=\"avia-image-container-inner\"><div class=\"avia-image-overlay-wrap\"><a href=\"https:\/\/greenshipping-niedersachsen.de\/de\/jade-hochschule\/\" class='avia_image '  aria-label='jadehs-logo'><img decoding=\"async\" fetchpriority=\"high\" class='wp-image-1200 avia-img-lazy-loading-not-1200 avia_image ' src=\"https:\/\/greenshipping-niedersachsen.de\/wp-content\/uploads\/2020\/12\/jadehs-logo.png\" alt='' title='jadehs-logo'  height=\"135\" width=\"250\" srcset=\"https:\/\/greenshipping-niedersachsen.de\/wp-content\/uploads\/2020\/12\/jadehs-logo.png 250w, https:\/\/greenshipping-niedersachsen.de\/wp-content\/uploads\/2020\/12\/jadehs-logo-16x9.png 16w\" sizes=\"(max-width: 250px) 100vw, 250px\" \/><\/a><\/div><\/div><\/div><\/div><div class='av-flex-placeholder'><\/div>\n<style type=\"text\/css\" data-created_by=\"avia_inline_auto\" id=\"style-css-av-30yk6x-7190299bf3e9818cff89920b650ff655\">\n.flex_column.av-30yk6x-7190299bf3e9818cff89920b650ff655{\nborder-radius:0px 0px 0px 0px;\npadding:0px 0px 0px 0px;\n}\n<\/style>\n<div  class='flex_column av-30yk6x-7190299bf3e9818cff89920b650ff655 av_one_fifth  avia-builder-el-15  el_after_av_one_fifth  el_before_av_one_fifth  flex_column_table_cell av-equal-height-column av-align-middle av-zero-column-padding  column-top-margin'     ><style type=\"text\/css\" data-created_by=\"avia_inline_auto\" id=\"style-css-av-kipzcbe2-a8059dab757e4926c9fe407a18b71e96\">\n.avia-image-container.av-kipzcbe2-a8059dab757e4926c9fe407a18b71e96 img.avia_image{\nbox-shadow:none;\n}\n.avia-image-container.av-kipzcbe2-a8059dab757e4926c9fe407a18b71e96 .av-image-caption-overlay-center{\ncolor:#ffffff;\n}\n<\/style>\n<div  class='avia-image-container av-kipzcbe2-a8059dab757e4926c9fe407a18b71e96 av-styling-no-styling av-img-linked avia_animated_image av-animated-when-visible-95 pop-up avia-align-left  avia-builder-el-16  avia-builder-el-no-sibling '  ><div class=\"avia-image-container-inner\"><div class=\"avia-image-overlay-wrap\"><a href=\"https:\/\/greenshipping-niedersachsen.de\/de\/hochschule-emden-leer\/\" class='avia_image '  aria-label='logo-header-normal'><img decoding=\"async\" fetchpriority=\"high\" class='wp-image-1199 avia-img-lazy-loading-not-1199 avia_image ' src=\"https:\/\/greenshipping-niedersachsen.de\/wp-content\/uploads\/2020\/12\/logo-header-normal.png\" alt='' title='logo-header-normal'  height=\"135\" width=\"250\" srcset=\"https:\/\/greenshipping-niedersachsen.de\/wp-content\/uploads\/2020\/12\/logo-header-normal.png 250w, https:\/\/greenshipping-niedersachsen.de\/wp-content\/uploads\/2020\/12\/logo-header-normal-16x9.png 16w\" sizes=\"(max-width: 250px) 100vw, 250px\" \/><\/a><\/div><\/div><\/div><\/div><div class='av-flex-placeholder'><\/div>\n<style type=\"text\/css\" data-created_by=\"avia_inline_auto\" id=\"style-css-av-30yk6x-193c4d5ab991fe03021492b7d6bc7d24\">\n.flex_column.av-30yk6x-193c4d5ab991fe03021492b7d6bc7d24{\nborder-radius:0px 0px 0px 0px;\npadding:0px 0px 0px 0px;\n}\n<\/style>\n<div  class='flex_column av-30yk6x-193c4d5ab991fe03021492b7d6bc7d24 av_one_fifth  avia-builder-el-17  el_after_av_one_fifth  el_before_av_one_fifth  flex_column_table_cell av-equal-height-column av-align-middle av-zero-column-padding  column-top-margin'     ><style type=\"text\/css\" data-created_by=\"avia_inline_auto\" id=\"style-css-av-kipzcbe2-30af2b16c225931cd42c4e5d63bac1ed\">\n.avia-image-container.av-kipzcbe2-30af2b16c225931cd42c4e5d63bac1ed img.avia_image{\nbox-shadow:none;\n}\n.avia-image-container.av-kipzcbe2-30af2b16c225931cd42c4e5d63bac1ed .av-image-caption-overlay-center{\ncolor:#ffffff;\n}\n<\/style>\n<div  class='avia-image-container av-kipzcbe2-30af2b16c225931cd42c4e5d63bac1ed av-styling-no-styling av-img-linked avia_animated_image av-animated-when-visible-95 pop-up avia-align-left  avia-builder-el-18  avia-builder-el-no-sibling '  ><div class=\"avia-image-container-inner\"><div class=\"avia-image-overlay-wrap\"><a href=\"https:\/\/greenshipping-niedersachsen.de\/de\/mariko-gmbh\/\" class='avia_image '  aria-label='mariko-logo'><img decoding=\"async\" fetchpriority=\"high\" class='wp-image-1201 avia-img-lazy-loading-not-1201 avia_image ' src=\"https:\/\/greenshipping-niedersachsen.de\/wp-content\/uploads\/2020\/12\/mariko-logo.png\" alt='' title='mariko-logo'  height=\"135\" width=\"250\" srcset=\"https:\/\/greenshipping-niedersachsen.de\/wp-content\/uploads\/2020\/12\/mariko-logo.png 250w, https:\/\/greenshipping-niedersachsen.de\/wp-content\/uploads\/2020\/12\/mariko-logo-16x9.png 16w\" sizes=\"(max-width: 250px) 100vw, 250px\" \/><\/a><\/div><\/div><\/div><\/div><div class='av-flex-placeholder'><\/div>\n<style type=\"text\/css\" data-created_by=\"avia_inline_auto\" id=\"style-css-av-30yk6x-193c4d5ab991fe03021492b7d6bc7d24\">\n.flex_column.av-30yk6x-193c4d5ab991fe03021492b7d6bc7d24{\nborder-radius:0px 0px 0px 0px;\npadding:0px 0px 0px 0px;\n}\n<\/style>\n<div  class='flex_column av-30yk6x-193c4d5ab991fe03021492b7d6bc7d24 av_one_fifth  avia-builder-el-19  el_after_av_one_fifth  el_before_av_one_fifth  flex_column_table_cell av-equal-height-column av-align-middle av-zero-column-padding  column-top-margin'     ><style type=\"text\/css\" data-created_by=\"avia_inline_auto\" id=\"style-css-av-kipzcbe2-5b4e0939da2889704741a4a8aaf3a365\">\n.avia-image-container.av-kipzcbe2-5b4e0939da2889704741a4a8aaf3a365 img.avia_image{\nbox-shadow:none;\n}\n.avia-image-container.av-kipzcbe2-5b4e0939da2889704741a4a8aaf3a365 .av-image-caption-overlay-center{\ncolor:#ffffff;\n}\n<\/style>\n<div  class='avia-image-container av-kipzcbe2-5b4e0939da2889704741a4a8aaf3a365 av-styling-no-styling av-img-linked avia_animated_image av-animated-when-visible-95 pop-up avia-align-left  avia-builder-el-20  avia-builder-el-no-sibling '  ><div class=\"avia-image-container-inner\"><div class=\"avia-image-overlay-wrap\"><a href=\"https:\/\/greenshipping-niedersachsen.de\/de\/dlr\/\" class='avia_image '  aria-label='DLR-a'><img decoding=\"async\" fetchpriority=\"high\" class='wp-image-4297 avia-img-lazy-loading-not-4297 avia_image ' src=\"https:\/\/greenshipping-niedersachsen.de\/wp-content\/uploads\/2022\/08\/DLR-a.png\" alt='' title='DLR-a'  height=\"135\" width=\"250\" srcset=\"https:\/\/greenshipping-niedersachsen.de\/wp-content\/uploads\/2022\/08\/DLR-a.png 250w, https:\/\/greenshipping-niedersachsen.de\/wp-content\/uploads\/2022\/08\/DLR-a-18x10.png 18w\" sizes=\"(max-width: 250px) 100vw, 250px\" \/><\/a><\/div><\/div><\/div><\/div><div class='av-flex-placeholder'><\/div>\n<style type=\"text\/css\" data-created_by=\"avia_inline_auto\" id=\"style-css-av-2ud2te-4c8bc499607c8db90bb10e850379c8c9\">\n.flex_column.av-2ud2te-4c8bc499607c8db90bb10e850379c8c9{\nborder-radius:0px 0px 0px 0px;\npadding:0px 0px 0px 0px;\n}\n<\/style>\n<div  class='flex_column av-2ud2te-4c8bc499607c8db90bb10e850379c8c9 av_one_fifth  avia-builder-el-21  el_after_av_one_fifth  avia-builder-el-last  flex_column_table_cell av-equal-height-column av-align-middle av-zero-column-padding  column-top-margin'     ><style type=\"text\/css\" data-created_by=\"avia_inline_auto\" id=\"style-css-av-l0kty9lu-224dd43531f573ffb2565941d766c489\">\n.avia-image-container.av-l0kty9lu-224dd43531f573ffb2565941d766c489 img.avia_image{\nbox-shadow:none;\n}\n.avia-image-container.av-l0kty9lu-224dd43531f573ffb2565941d766c489 .av-image-caption-overlay-center{\ncolor:#ffffff;\n}\n<\/style>\n<div  class='avia-image-container av-l0kty9lu-224dd43531f573ffb2565941d766c489 av-styling-no-styling av-img-linked avia_animated_image av-animated-when-visible-95 pop-up avia-align-left  avia-builder-el-22  avia-builder-el-no-sibling '  ><div class=\"avia-image-container-inner\"><div class=\"avia-image-overlay-wrap\"><a href=\"https:\/\/greenshipping-niedersachsen.de\/de\/dlr\/\" class='avia_image '  aria-label='frauenhofer'><img decoding=\"async\" fetchpriority=\"high\" class='wp-image-4288 avia-img-lazy-loading-not-4288 avia_image ' src=\"https:\/\/greenshipping-niedersachsen.de\/wp-content\/uploads\/2022\/08\/frauenhofer.png\" alt='' title='frauenhofer'  height=\"135\" width=\"250\" srcset=\"https:\/\/greenshipping-niedersachsen.de\/wp-content\/uploads\/2022\/08\/frauenhofer.png 250w, https:\/\/greenshipping-niedersachsen.de\/wp-content\/uploads\/2022\/08\/frauenhofer-18x10.png 18w\" sizes=\"(max-width: 250px) 100vw, 250px\" \/><\/a><\/div><\/div><\/div><\/div><\/div><!--close column table wrapper. Autoclose: 1 -->\n","protected":false},"excerpt":{"rendered":"","protected":false},"author":7,"featured_media":0,"parent":0,"menu_order":0,"comment_status":"closed","ping_status":"closed","template":"","meta":{"_price":"","_stock":"","_tribe_ticket_header":"","_tribe_default_ticket_provider":"","_tribe_ticket_capacity":"0","_ticket_start_date":"","_ticket_end_date":"","_tribe_ticket_show_description":"","_tribe_ticket_show_not_going":false,"_tribe_ticket_use_global_stock":"","_tribe_ticket_global_stock_level":"","_global_stock_mode":"","_global_stock_cap":"","_tribe_rsvp_for_event":"","_tribe_ticket_going_count":"","_tribe_ticket_not_going_count":"","_tribe_tickets_list":"[]","_tribe_ticket_has_attendee_info_fields":false,"footnotes":"","_tec_slr_enabled":"","_tec_slr_layout":""},"class_list":["post-1010","page","type-page","status-publish","hentry"],"ticketed":false,"_links":{"self":[{"href":"https:\/\/greenshipping-niedersachsen.de\/de\/wp-json\/wp\/v2\/pages\/1010","targetHints":{"allow":["GET"]}}],"collection":[{"href":"https:\/\/greenshipping-niedersachsen.de\/de\/wp-json\/wp\/v2\/pages"}],"about":[{"href":"https:\/\/greenshipping-niedersachsen.de\/de\/wp-json\/wp\/v2\/types\/page"}],"author":[{"embeddable":true,"href":"https:\/\/greenshipping-niedersachsen.de\/de\/wp-json\/wp\/v2\/users\/7"}],"replies":[{"embeddable":true,"href":"https:\/\/greenshipping-niedersachsen.de\/de\/wp-json\/wp\/v2\/comments?post=1010"}],"version-history":[{"count":6,"href":"https:\/\/greenshipping-niedersachsen.de\/de\/wp-json\/wp\/v2\/pages\/1010\/revisions"}],"predecessor-version":[{"id":4296,"href":"https:\/\/greenshipping-niedersachsen.de\/de\/wp-json\/wp\/v2\/pages\/1010\/revisions\/4296"}],"wp:attachment":[{"href":"https:\/\/greenshipping-niedersachsen.de\/de\/wp-json\/wp\/v2\/media?parent=1010"}],"curies":[{"name":"wp","href":"https:\/\/api.w.org\/{rel}","templated":true}]}}