{"id":1008,"date":"2020-11-12T14:15:37","date_gmt":"2020-11-12T13:15:37","guid":{"rendered":"https:\/\/gsn.offis.uni-oldenburg.de\/?page_id=1008"},"modified":"2022-08-10T12:49:42","modified_gmt":"2022-08-10T10:49:42","slug":"mariko-gmbh","status":"publish","type":"page","link":"https:\/\/greenshipping-niedersachsen.de\/de\/mariko-gmbh\/","title":{"rendered":"MARIKO GMBH"},"content":{"rendered":"<div id='av_section_1'  class='avia-section av-45itf-6cf7769aa425402686265f9ad729de05 main_color avia-section-no-padding avia-no-border-styling  avia-builder-el-0  el_before_av_section  avia-builder-el-first  avia-bg-style-scroll container_wrap fullsize'  ><div class='container av-section-cont-open' ><main  class='template-page content  av-content-full alpha units'><div class='post-entry post-entry-type-page post-entry-1008'><div class='entry-content-wrapper clearfix'>\n\n\n<style type=\"text\/css\" data-created_by=\"avia_inline_auto\" id=\"style-css-av-22umy8-2fc9eda74598a322e11695eaff2dd3dd\">\n#top .av-special-heading.av-22umy8-2fc9eda74598a322e11695eaff2dd3dd{\nmargin:75px 0 0 0;\npadding-bottom:0;\n}\nbody .av-special-heading.av-22umy8-2fc9eda74598a322e11695eaff2dd3dd .av-special-heading-tag .heading-char{\nfont-size:25px;\n}\n.av-special-heading.av-22umy8-2fc9eda74598a322e11695eaff2dd3dd .av-subheading{\nfont-size:15px;\n}\n<\/style>\n<div  class='av-special-heading av-22umy8-2fc9eda74598a322e11695eaff2dd3dd av-special-heading-h2 blockquote modern-quote modern-centered  avia-builder-el-2  el_after_av_codeblock  el_before_av_hr '><h2 class='av-special-heading-tag '  >MARIKO GMBH<\/h2><div class=\"special-heading-border\"><div class=\"special-heading-inner-border\"><\/div><\/div><\/div>\n\n<style type=\"text\/css\" data-created_by=\"avia_inline_auto\" id=\"style-css-av-l3obr-97b4b3a61aab306791cded7d7236bff7\">\n#top .hr.av-l3obr-97b4b3a61aab306791cded7d7236bff7{\nmargin-top:5px;\n}\n.hr.av-l3obr-97b4b3a61aab306791cded7d7236bff7 .hr-inner{\nwidth:50px;\nborder-color:#3e8d24;\n}\n<\/style>\n<div  class='hr av-l3obr-97b4b3a61aab306791cded7d7236bff7 hr-custom  avia-builder-el-3  el_after_av_heading  el_before_av_hr  hr-center hr-icon-no'><span class='hr-inner inner-border-av-border-fat'><span class=\"hr-inner-style\"><\/span><\/span><\/div>\n\n<style type=\"text\/css\" data-created_by=\"avia_inline_auto\" id=\"style-css-av-kiq0365i-1ca66b324b7cb40dcdff8b236b43e793\">\n#top .hr.hr-invisible.av-kiq0365i-1ca66b324b7cb40dcdff8b236b43e793{\nheight:50px;\n}\n<\/style>\n<div  class='hr av-kiq0365i-1ca66b324b7cb40dcdff8b236b43e793 hr-invisible  avia-builder-el-4  el_after_av_hr  el_before_av_image '><span class='hr-inner '><span class=\"hr-inner-style\"><\/span><\/span><\/div>\n\n<style type=\"text\/css\" data-created_by=\"avia_inline_auto\" id=\"style-css-av-kheufuyb-0a47fc5e8412491d504e4a4f07432c77\">\n.avia-image-container.av-kheufuyb-0a47fc5e8412491d504e4a4f07432c77 img.avia_image{\nbox-shadow:none;\n}\n.avia-image-container.av-kheufuyb-0a47fc5e8412491d504e4a4f07432c77 .av-image-caption-overlay-center{\ncolor:#ffffff;\n}\n<\/style>\n<div  class='avia-image-container av-kheufuyb-0a47fc5e8412491d504e4a4f07432c77 av-styling- avia-align-left  avia-builder-el-5  el_after_av_hr  el_before_av_hr '  ><div class=\"avia-image-container-inner\"><div class=\"avia-image-overlay-wrap\"><img decoding=\"async\" fetchpriority=\"high\" class='wp-image-3024 avia-img-lazy-loading-not-3024 avia_image ' src=\"https:\/\/greenshipping-niedersachsen.de\/wp-content\/uploads\/2021\/06\/LinkedIn_Titelbild-1500x430.png\" alt='' title='LinkedIn_Titelbild'  height=\"430\" width=\"1500\"  \/><\/div><\/div><\/div>\n\n<style type=\"text\/css\" data-created_by=\"avia_inline_auto\" id=\"style-css-av-kiq0365i-1ca66b324b7cb40dcdff8b236b43e793\">\n#top .hr.hr-invisible.av-kiq0365i-1ca66b324b7cb40dcdff8b236b43e793{\nheight:50px;\n}\n<\/style>\n<div  class='hr av-kiq0365i-1ca66b324b7cb40dcdff8b236b43e793 hr-invisible  avia-builder-el-6  el_after_av_image  el_before_av_textblock '><span class='hr-inner '><span class=\"hr-inner-style\"><\/span><\/span><\/div>\n<section  class='av_textblock_section av-kheue7zi-ba094d1d7e6d284c0dd4e534d97edb0d '  ><div class='avia_textblock' ><p><strong>Das Maritime Kompetenzzentrum<\/strong><\/p>\n<p>MARIKO ist ein Unternehmen mit Schnittstellenfunktion f\u00fcr die maritime Wirtschaft und Wissenschaft. MARIKO entwickelt und koordiniert u. a. Forschungs-, Entwicklungs- und Innovationsprojekte und f\u00fchrt selbst Entwicklungsaufgaben im Bereich Schifffahrt durch. Der Schwerpunkt liegt dabei auf GreenShipping-Themen.<\/p>\n<p><strong>F\u00f6rderung<\/strong><\/p>\n<p>Gegenstand der MARIKO GmbH ist die F\u00f6rderung von Forschung, Bildung und Besch\u00e4ftigung im maritimen Sektor. Zielgruppe der Unterst\u00fctzungsleistungen sind prim\u00e4r die maritimen Unternehmen im Nordwesten Niedersachsens. Der Standort des MARIKO befindet sich in Leer, r\u00e4umlich verbunden mit der Hochschule Emden\/Leer, Fachbereich Seefahrt und Maritime Wissenschaften, mit der auch eine inhaltliche Zusammenarbeit gepflegt wird.<\/p>\n<p><strong>Vernetzung<\/strong><\/p>\n<p>Die MARIKO GmbH agiert an der Schnittstelle von maritimer Wirtschaft, Wissenschaft und Politik. Ihre Aufgabe liegt in der B\u00fcndelung und Vernetzung der maritimen Kr\u00e4fte in der Region mit dem Ziel der St\u00e4rkung von Wachstum, Wettbewerbsf\u00e4higkeit, Besch\u00e4ftigung und Innovation im maritimen Sektor. In ihrer strategischen Rolle tr\u00e4gt die MARIKO GmbH zur weiteren Entwicklung und verst\u00e4rkten Au\u00dfendarstellung der maritimen Region im Nordwesten bei. Dieses beinhaltet eine zunehmende Profilierung als Kompetenzregion f\u00fcr \u201eGreen Shipping\u201c-Technologien.<\/p>\n<p><strong>Schwerpunkte<\/strong><\/p>\n<p>Die sektoralen Schwerpunktbereiche der MARIKO GmbH sind die Reedereiwirtschaft, die Hafenwirtschaft, Green Shipping-Technologien, die maritime Offshore-Windindustrie sowie die maritime Aus- und Weiterbildung. Querschnittsaufgaben in diesen Bereichen sind der Technologie- und Innovationstransfer, die Projektentwicklung und -koordination, das maritime Standortmarketing, Informationsdienstleistungen sowie eine Interessenvertretung f\u00fcr die regionale maritime Wirtschaft.<\/p>\n<\/div><\/section>\n\n<style type=\"text\/css\" data-created_by=\"avia_inline_auto\" id=\"style-css-av-kiq0365i-1ca66b324b7cb40dcdff8b236b43e793\">\n#top .hr.hr-invisible.av-kiq0365i-1ca66b324b7cb40dcdff8b236b43e793{\nheight:50px;\n}\n<\/style>\n<div  class='hr av-kiq0365i-1ca66b324b7cb40dcdff8b236b43e793 hr-invisible  avia-builder-el-8  el_after_av_textblock  el_before_av_button '><span class='hr-inner '><span class=\"hr-inner-style\"><\/span><\/span><\/div>\n<div  class='avia-button-wrap av-kheugvb0-c1a7ad0ab034c07d18384987ae1bf196-wrap avia-button-left  avia-builder-el-9  el_after_av_hr  el_before_av_hr '><a href='https:\/\/www.mariko-leer.de\/' class='avia-button av-kheugvb0-c1a7ad0ab034c07d18384987ae1bf196 av-link-btn avia-icon_select-no avia-size-large avia-position-left avia-color-theme-color' target=\"_blank\" rel=\"noopener noreferrer\" aria-label=\"Zur Website\"><span class='avia_iconbox_title' >Zur Website<\/span><\/a><\/div>\n\n<style type=\"text\/css\" data-created_by=\"avia_inline_auto\" id=\"style-css-av-kiq0365i-1ca66b324b7cb40dcdff8b236b43e793\">\n#top .hr.hr-invisible.av-kiq0365i-1ca66b324b7cb40dcdff8b236b43e793{\nheight:50px;\n}\n<\/style>\n<div  class='hr av-kiq0365i-1ca66b324b7cb40dcdff8b236b43e793 hr-invisible  avia-builder-el-10  el_after_av_button  avia-builder-el-last '><span class='hr-inner '><span class=\"hr-inner-style\"><\/span><\/span><\/div>\n\n<\/div><\/div><\/main><!-- close content main element --><\/div><\/div>\n<style type=\"text\/css\" data-created_by=\"avia_inline_auto\" id=\"style-css-av-71kux-05b67023243d1afde74e47aef8dabebb\">\n.avia-section.av-71kux-05b67023243d1afde74e47aef8dabebb{\nbackground-color:#efefef;\nbackground-image:unset;\n}\n<\/style>\n<div id='av_section_2'  class='avia-section av-71kux-05b67023243d1afde74e47aef8dabebb main_color avia-section-default avia-no-border-styling  avia-builder-el-11  el_after_av_section  avia-builder-el-last  avia-bg-style-scroll container_wrap fullsize'  ><div class='container av-section-cont-open' ><div class='template-page content  av-content-full alpha units'><div class='post-entry post-entry-type-page post-entry-1008'><div class='entry-content-wrapper clearfix'>\n<section  class='av_textblock_section av-kipzfw9g-c172252a7cf28a27c56382915e73001e '  ><div class='avia_textblock' ><h4>Die Projektpartner:<\/h4>\n<\/div><\/section>\n<div class='flex_column_table av-30yk6x-cd1a0faafb4ed7e3f5b1ae91778460bf sc-av_one_fifth av-equal-height-column-flextable'>\n<style type=\"text\/css\" data-created_by=\"avia_inline_auto\" id=\"style-css-av-30yk6x-cd1a0faafb4ed7e3f5b1ae91778460bf\">\n.flex_column.av-30yk6x-cd1a0faafb4ed7e3f5b1ae91778460bf{\nborder-radius:0px 0px 0px 0px;\npadding:0px 0px 0px 0px;\n}\n<\/style>\n<div  class='flex_column av-30yk6x-cd1a0faafb4ed7e3f5b1ae91778460bf av_one_fifth  avia-builder-el-13  el_after_av_textblock  el_before_av_one_fifth  first no_margin flex_column_table_cell av-equal-height-column av-align-middle av-zero-column-padding  column-top-margin'     ><style type=\"text\/css\" data-created_by=\"avia_inline_auto\" id=\"style-css-av-kipzcbe2-ece7982bb23e1493055d651a4685890f\">\n.avia-image-container.av-kipzcbe2-ece7982bb23e1493055d651a4685890f img.avia_image{\nbox-shadow:none;\n}\n.avia-image-container.av-kipzcbe2-ece7982bb23e1493055d651a4685890f .av-image-caption-overlay-center{\ncolor:#ffffff;\n}\n<\/style>\n<div  class='avia-image-container av-kipzcbe2-ece7982bb23e1493055d651a4685890f av-styling-no-styling av-img-linked avia_animated_image av-animated-when-visible-95 pop-up avia-align-left  avia-builder-el-14  avia-builder-el-no-sibling '  ><div class=\"avia-image-container-inner\"><div class=\"avia-image-overlay-wrap\"><a href=\"https:\/\/greenshipping-niedersachsen.de\/de\/jade-hochschule\/\" class='avia_image '  aria-label='jadehs-logo'><img decoding=\"async\" fetchpriority=\"high\" class='wp-image-1200 avia-img-lazy-loading-not-1200 avia_image ' src=\"https:\/\/greenshipping-niedersachsen.de\/wp-content\/uploads\/2020\/12\/jadehs-logo.png\" alt='' title='jadehs-logo'  height=\"135\" width=\"250\" srcset=\"https:\/\/greenshipping-niedersachsen.de\/wp-content\/uploads\/2020\/12\/jadehs-logo.png 250w, https:\/\/greenshipping-niedersachsen.de\/wp-content\/uploads\/2020\/12\/jadehs-logo-16x9.png 16w\" sizes=\"(max-width: 250px) 100vw, 250px\" \/><\/a><\/div><\/div><\/div><\/div>\n<style type=\"text\/css\" data-created_by=\"avia_inline_auto\" id=\"style-css-av-30yk6x-193c4d5ab991fe03021492b7d6bc7d24\">\n.flex_column.av-30yk6x-193c4d5ab991fe03021492b7d6bc7d24{\nborder-radius:0px 0px 0px 0px;\npadding:0px 0px 0px 0px;\n}\n<\/style>\n<div  class='flex_column av-30yk6x-193c4d5ab991fe03021492b7d6bc7d24 av_one_fifth  avia-builder-el-15  el_after_av_one_fifth  el_before_av_one_fifth  no_margin flex_column_table_cell av-equal-height-column av-align-middle av-zero-column-padding  column-top-margin'     ><style type=\"text\/css\" data-created_by=\"avia_inline_auto\" id=\"style-css-av-kipzcbe2-a8059dab757e4926c9fe407a18b71e96\">\n.avia-image-container.av-kipzcbe2-a8059dab757e4926c9fe407a18b71e96 img.avia_image{\nbox-shadow:none;\n}\n.avia-image-container.av-kipzcbe2-a8059dab757e4926c9fe407a18b71e96 .av-image-caption-overlay-center{\ncolor:#ffffff;\n}\n<\/style>\n<div  class='avia-image-container av-kipzcbe2-a8059dab757e4926c9fe407a18b71e96 av-styling-no-styling av-img-linked avia_animated_image av-animated-when-visible-95 pop-up avia-align-left  avia-builder-el-16  avia-builder-el-no-sibling '  ><div class=\"avia-image-container-inner\"><div class=\"avia-image-overlay-wrap\"><a href=\"https:\/\/greenshipping-niedersachsen.de\/de\/hochschule-emden-leer\/\" class='avia_image '  aria-label='logo-header-normal'><img decoding=\"async\" fetchpriority=\"high\" class='wp-image-1199 avia-img-lazy-loading-not-1199 avia_image ' src=\"https:\/\/greenshipping-niedersachsen.de\/wp-content\/uploads\/2020\/12\/logo-header-normal.png\" alt='' title='logo-header-normal'  height=\"135\" width=\"250\" srcset=\"https:\/\/greenshipping-niedersachsen.de\/wp-content\/uploads\/2020\/12\/logo-header-normal.png 250w, https:\/\/greenshipping-niedersachsen.de\/wp-content\/uploads\/2020\/12\/logo-header-normal-16x9.png 16w\" sizes=\"(max-width: 250px) 100vw, 250px\" \/><\/a><\/div><\/div><\/div><\/div>\n<style type=\"text\/css\" data-created_by=\"avia_inline_auto\" id=\"style-css-av-30yk6x-193c4d5ab991fe03021492b7d6bc7d24\">\n.flex_column.av-30yk6x-193c4d5ab991fe03021492b7d6bc7d24{\nborder-radius:0px 0px 0px 0px;\npadding:0px 0px 0px 0px;\n}\n<\/style>\n<div  class='flex_column av-30yk6x-193c4d5ab991fe03021492b7d6bc7d24 av_one_fifth  avia-builder-el-17  el_after_av_one_fifth  el_before_av_one_fifth  no_margin flex_column_table_cell av-equal-height-column av-align-middle av-zero-column-padding  column-top-margin'     ><style type=\"text\/css\" data-created_by=\"avia_inline_auto\" id=\"style-css-av-kipzcbe2-1ed4d83d4d23509facc4addb48c8fc7a\">\n.avia-image-container.av-kipzcbe2-1ed4d83d4d23509facc4addb48c8fc7a img.avia_image{\nbox-shadow:none;\n}\n.avia-image-container.av-kipzcbe2-1ed4d83d4d23509facc4addb48c8fc7a .av-image-caption-overlay-center{\ncolor:#ffffff;\n}\n<\/style>\n<div  class='avia-image-container av-kipzcbe2-1ed4d83d4d23509facc4addb48c8fc7a av-styling-no-styling av-img-linked avia_animated_image av-animated-when-visible-95 pop-up avia-align-left  avia-builder-el-18  avia-builder-el-no-sibling '  ><div class=\"avia-image-container-inner\"><div class=\"avia-image-overlay-wrap\"><a href=\"https:\/\/greenshipping-niedersachsen.de\/de\/maritimes-cluster-norddeutschland-ev\/\" class='avia_image '  aria-label='mcn_logo'><img decoding=\"async\" fetchpriority=\"high\" class='wp-image-1202 avia-img-lazy-loading-not-1202 avia_image ' src=\"https:\/\/greenshipping-niedersachsen.de\/wp-content\/uploads\/2020\/12\/mcn_logo.png\" alt='' title='mcn_logo'  height=\"135\" width=\"250\" srcset=\"https:\/\/greenshipping-niedersachsen.de\/wp-content\/uploads\/2020\/12\/mcn_logo.png 250w, https:\/\/greenshipping-niedersachsen.de\/wp-content\/uploads\/2020\/12\/mcn_logo-16x9.png 16w\" sizes=\"(max-width: 250px) 100vw, 250px\" \/><\/a><\/div><\/div><\/div><\/div>\n<style type=\"text\/css\" data-created_by=\"avia_inline_auto\" id=\"style-css-av-30yk6x-193c4d5ab991fe03021492b7d6bc7d24\">\n.flex_column.av-30yk6x-193c4d5ab991fe03021492b7d6bc7d24{\nborder-radius:0px 0px 0px 0px;\npadding:0px 0px 0px 0px;\n}\n<\/style>\n<div  class='flex_column av-30yk6x-193c4d5ab991fe03021492b7d6bc7d24 av_one_fifth  avia-builder-el-19  el_after_av_one_fifth  el_before_av_one_fifth  no_margin flex_column_table_cell av-equal-height-column av-align-middle av-zero-column-padding  column-top-margin'     ><style type=\"text\/css\" data-created_by=\"avia_inline_auto\" id=\"style-css-av-kipzcbe2-5b4e0939da2889704741a4a8aaf3a365\">\n.avia-image-container.av-kipzcbe2-5b4e0939da2889704741a4a8aaf3a365 img.avia_image{\nbox-shadow:none;\n}\n.avia-image-container.av-kipzcbe2-5b4e0939da2889704741a4a8aaf3a365 .av-image-caption-overlay-center{\ncolor:#ffffff;\n}\n<\/style>\n<div  class='avia-image-container av-kipzcbe2-5b4e0939da2889704741a4a8aaf3a365 av-styling-no-styling av-img-linked avia_animated_image av-animated-when-visible-95 pop-up avia-align-left  avia-builder-el-20  avia-builder-el-no-sibling '  ><div class=\"avia-image-container-inner\"><div class=\"avia-image-overlay-wrap\"><a href=\"https:\/\/greenshipping-niedersachsen.de\/de\/dlr\/\" class='avia_image '  aria-label='DLR-a'><img decoding=\"async\" fetchpriority=\"high\" class='wp-image-4297 avia-img-lazy-loading-not-4297 avia_image ' src=\"https:\/\/greenshipping-niedersachsen.de\/wp-content\/uploads\/2022\/08\/DLR-a.png\" alt='' title='DLR-a'  height=\"135\" width=\"250\" srcset=\"https:\/\/greenshipping-niedersachsen.de\/wp-content\/uploads\/2022\/08\/DLR-a.png 250w, https:\/\/greenshipping-niedersachsen.de\/wp-content\/uploads\/2022\/08\/DLR-a-18x10.png 18w\" sizes=\"(max-width: 250px) 100vw, 250px\" \/><\/a><\/div><\/div><\/div><\/div>\n<style type=\"text\/css\" data-created_by=\"avia_inline_auto\" id=\"style-css-av-21d9nk-16359ddd98e55ebb7a37504e6044e9e1\">\n.flex_column.av-21d9nk-16359ddd98e55ebb7a37504e6044e9e1{\nborder-radius:0px 0px 0px 0px;\npadding:0px 0px 0px 0px;\n}\n<\/style>\n<div  class='flex_column av-21d9nk-16359ddd98e55ebb7a37504e6044e9e1 av_one_fifth  avia-builder-el-21  el_after_av_one_fifth  avia-builder-el-last  no_margin flex_column_table_cell av-equal-height-column av-align-middle av-zero-column-padding  column-top-margin'     ><style type=\"text\/css\" data-created_by=\"avia_inline_auto\" id=\"style-css-av-l0ktvl0h-2a2287fe579f3576a42b367a4fd3636c\">\n.avia-image-container.av-l0ktvl0h-2a2287fe579f3576a42b367a4fd3636c img.avia_image{\nbox-shadow:none;\n}\n.avia-image-container.av-l0ktvl0h-2a2287fe579f3576a42b367a4fd3636c .av-image-caption-overlay-center{\ncolor:#ffffff;\n}\n<\/style>\n<div  class='avia-image-container av-l0ktvl0h-2a2287fe579f3576a42b367a4fd3636c av-styling-no-styling av-img-linked avia_animated_image av-animated-when-visible-95 pop-up avia-align-left  avia-builder-el-22  avia-builder-el-no-sibling '  ><div class=\"avia-image-container-inner\"><div class=\"avia-image-overlay-wrap\"><a href=\"https:\/\/greenshipping-niedersachsen.de\/de\/dlr\/\" class='avia_image '  aria-label='frauenhofer'><img decoding=\"async\" fetchpriority=\"high\" class='wp-image-4288 avia-img-lazy-loading-not-4288 avia_image ' src=\"https:\/\/greenshipping-niedersachsen.de\/wp-content\/uploads\/2022\/08\/frauenhofer.png\" alt='' title='frauenhofer'  height=\"135\" width=\"250\" srcset=\"https:\/\/greenshipping-niedersachsen.de\/wp-content\/uploads\/2022\/08\/frauenhofer.png 250w, https:\/\/greenshipping-niedersachsen.de\/wp-content\/uploads\/2022\/08\/frauenhofer-18x10.png 18w\" sizes=\"(max-width: 250px) 100vw, 250px\" \/><\/a><\/div><\/div><\/div><\/div><\/div><!--close column table wrapper. Autoclose: 1 -->\n","protected":false},"excerpt":{"rendered":"","protected":false},"author":7,"featured_media":0,"parent":0,"menu_order":0,"comment_status":"closed","ping_status":"closed","template":"","meta":{"_price":"","_stock":"","_tribe_ticket_header":"","_tribe_default_ticket_provider":"","_tribe_ticket_capacity":"0","_ticket_start_date":"","_ticket_end_date":"","_tribe_ticket_show_description":"","_tribe_ticket_show_not_going":false,"_tribe_ticket_use_global_stock":"","_tribe_ticket_global_stock_level":"","_global_stock_mode":"","_global_stock_cap":"","_tribe_rsvp_for_event":"","_tribe_ticket_going_count":"","_tribe_ticket_not_going_count":"","_tribe_tickets_list":"[]","_tribe_ticket_has_attendee_info_fields":false,"footnotes":"","_tec_slr_enabled":"","_tec_slr_layout":""},"class_list":["post-1008","page","type-page","status-publish","hentry"],"ticketed":false,"_links":{"self":[{"href":"https:\/\/greenshipping-niedersachsen.de\/de\/wp-json\/wp\/v2\/pages\/1008","targetHints":{"allow":["GET"]}}],"collection":[{"href":"https:\/\/greenshipping-niedersachsen.de\/de\/wp-json\/wp\/v2\/pages"}],"about":[{"href":"https:\/\/greenshipping-niedersachsen.de\/de\/wp-json\/wp\/v2\/types\/page"}],"author":[{"embeddable":true,"href":"https:\/\/greenshipping-niedersachsen.de\/de\/wp-json\/wp\/v2\/users\/7"}],"replies":[{"embeddable":true,"href":"https:\/\/greenshipping-niedersachsen.de\/de\/wp-json\/wp\/v2\/comments?post=1008"}],"version-history":[{"count":6,"href":"https:\/\/greenshipping-niedersachsen.de\/de\/wp-json\/wp\/v2\/pages\/1008\/revisions"}],"predecessor-version":[{"id":4292,"href":"https:\/\/greenshipping-niedersachsen.de\/de\/wp-json\/wp\/v2\/pages\/1008\/revisions\/4292"}],"wp:attachment":[{"href":"https:\/\/greenshipping-niedersachsen.de\/de\/wp-json\/wp\/v2\/media?parent=1008"}],"curies":[{"name":"wp","href":"https:\/\/api.w.org\/{rel}","templated":true}]}}